{"id":4284,"date":"2025-11-04T22:12:07","date_gmt":"2025-11-04T22:12:07","guid":{"rendered":"https:\/\/sakoplan.pl\/?post_type=product&#038;p=4284"},"modified":"2025-11-17T10:06:14","modified_gmt":"2025-11-17T10:06:14","slug":"polietylen-pe-140-plandeka-okryciowa-b-mocna-hdpe-140-g-m2","status":"publish","type":"product","link":"https:\/\/sakoplan.pl\/ru\/product\/polietylen-pe-140-plandeka-okryciowa-b-mocna-hdpe-140-g-m2\/","title":{"rendered":"Polietylen PE 140 &#8211; plandeka okryciowa b. mocna (HDPE), 140 g\/m2"},"content":{"rendered":"<p>Materia\u0142 okryciowy PE-140 wykonany z polietylenu o wysokiej g\u0119sto\u015bci. Materia\u0142 jest odporny na du\u017ce napr\u0119\u017cenia i rozrywanie. Dost\u0119pny w wymiarach:\u00a0<strong>6 x 50 m | 8 x 50 m | 10 x 50 m<\/strong><\/p>\n<p>&nbsp;<\/p>\n<p>Materia\u0142 okryciowy PE-140 jest wykonany z polietylenu o\u00a0<strong>wysokiej g\u0119sto\u015bci<\/strong>\u00a0&#8211; tworzywa odpornego na dzia\u0142anie kwas\u00f3w, zasad, niskiej temperatury, wiatru i wody. PE-140 jest przyjazny dla \u015brodowiska i posiada\u00a0<strong>stabilizacj\u0119 przed promieniowaniem UV<\/strong>. Materia\u0142 jest odporny na du\u017ce napr\u0119\u017cenia i rozrywanie.<\/p>\n<p>Plandeka idealnie nadaje si\u0119 do zastosowania przy budowach, ochronie du\u017cych powierzchni przed czynnikami zewn\u0119trznymi, utrzymaniu czysto\u015bci podczas remontu oraz w rolnictwie.<\/p>","protected":false},"excerpt":{"rendered":"<p>Materia\u0142 okryciowy PE-140 wykonany z polietylenu o wysokiej g\u0119sto\u015bci. Materia\u0142 jest odporny na du\u017ce napr\u0119\u017cenia i rozrywanie. Dost\u0119pny w wymiarach:\u00a06 x 50 m | 8 x 50 m | 10 x 50 m &nbsp; Materia\u0142 okryciowy PE-140 jest wykonany z polietylenu o\u00a0wysokiej g\u0119sto\u015bci\u00a0&#8211; tworzywa odpornego na dzia\u0142anie kwas\u00f3w, zasad, niskiej temperatury, wiatru i wody. PE-140 [&hellip;]<\/p>\n","protected":false},"featured_media":4298,"template":"","meta":{"_acf_changed":false},"product_cat":[644,253],"product_tag":[],"class_list":{"0":"post-4284","1":"product","2":"type-product","3":"status-publish","4":"has-post-thumbnail","6":"product_cat-pe140","7":"product_cat-sakotex-gramatura-ponizej-630-g-m2","8":"pa_kolor-59","10":"first","11":"instock","12":"taxable","13":"shipping-taxable","14":"purchasable","15":"product-type-variable","swatches":"rey-swatches","show_selected":""},"acf":[],"_links":{"self":[{"href":"https:\/\/sakoplan.pl\/ru\/wp-json\/wp\/v2\/product\/4284","targetHints":{"allow":["GET"]}}],"collection":[{"href":"https:\/\/sakoplan.pl\/ru\/wp-json\/wp\/v2\/product"}],"about":[{"href":"https:\/\/sakoplan.pl\/ru\/wp-json\/wp\/v2\/types\/product"}],"version-history":[{"count":0,"href":"https:\/\/sakoplan.pl\/ru\/wp-json\/wp\/v2\/product\/4284\/revisions"}],"wp:featuredmedia":[{"embeddable":true,"href":"https:\/\/sakoplan.pl\/ru\/wp-json\/wp\/v2\/media\/4298"}],"wp:attachment":[{"href":"https:\/\/sakoplan.pl\/ru\/wp-json\/wp\/v2\/media?parent=4284"}],"wp:term":[{"taxonomy":"product_cat","embeddable":true,"href":"https:\/\/sakoplan.pl\/ru\/wp-json\/wp\/v2\/product_cat?post=4284"},{"taxonomy":"product_tag","embeddable":true,"href":"https:\/\/sakoplan.pl\/ru\/wp-json\/wp\/v2\/product_tag?post=4284"}],"curies":[{"name":"wp","href":"https:\/\/api.w.org\/{rel}","templated":true}]}}