{"id":4270,"date":"2025-11-04T16:21:36","date_gmt":"2025-11-04T16:21:36","guid":{"rendered":"https:\/\/sakoplan.pl\/?post_type=product&#038;p=4270"},"modified":"2025-11-17T11:58:14","modified_gmt":"2025-11-17T11:58:14","slug":"bsm500-500-g-m2-szer-218-cm","status":"publish","type":"product","link":"https:\/\/sakoplan.pl\/ru\/product\/bsm500-500-g-m2-szer-218-cm\/","title":{"rendered":"BSM500, 500 g\/m2, szer. 218 cm"},"content":{"rendered":"<div class=\"row\">\n<div class=\"col-sm-9\">Materia\u0142 z grupy produkt\u00f3w\u00a0<strong>SAKOPLAN<\/strong>\u00a0przeznaczony do wyrobu mat i materacy, gdzie wymagana jest matowa, g\u0142adka, antypo\u015blizgowa powierzchnia. Tkanina powleczona jest jednostronnie PVC o powierzchni matowej, bez efektu kredowania. Produkt\u00a0<strong>BEZFTALANOWY<\/strong>. <strong style=\"color: #484f56; font-size: 1.125rem;\">MATERIA\u0141 PLANDEKOWY SPRZEDAWANY JEST W ROLKACH LUB METRACH BIE\u017b\u0104CYCH.<\/strong><\/div>\n<\/div>\n<p>&nbsp;<\/p>\n<p>Gramatura: 500 g\/m2<br \/>\nSzeroko\u015b\u0107: 218 cm<br \/>\nNaw\u00f3j: 65 mb<\/p>\n<div id=\"manufacturer-short_description\">\n<p><strong>SAKOPLAN<\/strong>\u00a0to linia materia\u0142\u00f3w wprowadzona na rynek przez Sako Expo w 2008 roku. Jest wynikiem 20 lat do\u015bwiadczenia i zdobytej wiedzy w dziedzinie materia\u0142\u00f3w plandekowych.<\/p>\n<\/div>\n<div id=\"manufacturer-description\">\n<p>Od 2016 roku produkcj\u0119 naszej flagowej serii materia\u0142\u00f3w wykonujemy w nowej fabryce wyposa\u017conej w najnowocze\u015bniejsze linie produkcyjne, mog\u0105ce zapewni\u0107 nam nowe, najwy\u017csze parametry technologiczne. W miejscu produkcji pod naszym nadzorem wdro\u017cono know-how parametr\u00f3w sk\u0142adu i wymaga\u0144 dla materia\u0142\u00f3w linii\u00a0<strong>SAKOPLAN<\/strong>.<\/p>\n<\/div>","protected":false},"excerpt":{"rendered":"<p>Materia\u0142 z grupy produkt\u00f3w\u00a0SAKOPLAN\u00a0przeznaczony do wyrobu mat i materacy, gdzie wymagana jest matowa, g\u0142adka, antypo\u015blizgowa powierzchnia. Tkanina powleczona jest jednostronnie PVC o powierzchni matowej, bez efektu kredowania. Produkt\u00a0BEZFTALANOWY. MATERIA\u0141 PLANDEKOWY SPRZEDAWANY JEST W ROLKACH LUB METRACH BIE\u017b\u0104CYCH. &nbsp; Gramatura: 500 g\/m2 Szeroko\u015b\u0107: 218 cm Naw\u00f3j: 65 mb SAKOPLAN\u00a0to linia materia\u0142\u00f3w wprowadzona na rynek przez Sako [&hellip;]<\/p>\n","protected":false},"featured_media":4280,"template":"","meta":{"_acf_changed":false},"product_cat":[663,252],"product_tag":[],"class_list":{"0":"post-4270","1":"product","2":"type-product","3":"status-publish","4":"has-post-thumbnail","6":"product_cat-do-wyrobu-materacy","7":"product_cat-sakoplan-gramatura-ponizej-630-g-m2","8":"pa_kolor-272","10":"first","11":"instock","12":"taxable","13":"shipping-taxable","14":"purchasable","15":"product-type-variable","swatches":"rey-swatches","show_selected":""},"acf":[],"_links":{"self":[{"href":"https:\/\/sakoplan.pl\/ru\/wp-json\/wp\/v2\/product\/4270","targetHints":{"allow":["GET"]}}],"collection":[{"href":"https:\/\/sakoplan.pl\/ru\/wp-json\/wp\/v2\/product"}],"about":[{"href":"https:\/\/sakoplan.pl\/ru\/wp-json\/wp\/v2\/types\/product"}],"version-history":[{"count":0,"href":"https:\/\/sakoplan.pl\/ru\/wp-json\/wp\/v2\/product\/4270\/revisions"}],"wp:featuredmedia":[{"embeddable":true,"href":"https:\/\/sakoplan.pl\/ru\/wp-json\/wp\/v2\/media\/4280"}],"wp:attachment":[{"href":"https:\/\/sakoplan.pl\/ru\/wp-json\/wp\/v2\/media?parent=4270"}],"wp:term":[{"taxonomy":"product_cat","embeddable":true,"href":"https:\/\/sakoplan.pl\/ru\/wp-json\/wp\/v2\/product_cat?post=4270"},{"taxonomy":"product_tag","embeddable":true,"href":"https:\/\/sakoplan.pl\/ru\/wp-json\/wp\/v2\/product_tag?post=4270"}],"curies":[{"name":"wp","href":"https:\/\/api.w.org\/{rel}","templated":true}]}}