{"id":1642,"date":"2025-07-30T18:39:09","date_gmt":"2025-07-30T18:39:09","guid":{"rendered":"https:\/\/sakoplan.pl\/?page_id=1642"},"modified":"2025-12-17T08:59:31","modified_gmt":"2025-12-17T08:59:31","slug":"marki-sakoplan-i-sakotex","status":"publish","type":"page","link":"https:\/\/sakoplan.pl\/ru\/marki-sakoplan-i-sakotex\/","title":{"rendered":"Marki Sakoplan i Sakotex"},"content":{"rendered":"<div data-elementor-type=\"wp-page\" data-elementor-id=\"1642\" class=\"elementor elementor-1642\" data-elementor-post-type=\"page\">\n\t\t\t\t<div class=\"e-con-top elementor-element elementor-element-20e5553 e-flex e-con-boxed e-con e-parent\" data-id=\"20e5553\" data-element_type=\"container\">\n\t\t\t\t\t<div class=\"e-con-inner\">\n\t\t<div class=\"elementor-element elementor-element-f0a61e0 e-con-full e-flex e-con e-child\" data-id=\"f0a61e0\" data-element_type=\"container\">\n\t\t\t\t<div class=\"elementor-element elementor-element-2f81dca elementor-widget__width-initial elementor-widget elementor-widget-text-editor\" data-id=\"2f81dca\" data-element_type=\"widget\" data-widget_type=\"text-editor.default\">\n\t\t\t\t<div class=\"elementor-widget-container\">\n\t\t\t\t\t\t\t\t\tWybieraj\u0105c nasze marki w\u0142asne &#8211; <span style=\"font-weight: 700;\">SAKOPLAN i SAKOTEX<\/span>, inwestujesz w jako\u015b\u0107, kt\u00f3rej mo\u017cesz zaufa\u0107. Nasze materia\u0142y s\u0105 starannie zaprojektowane z my\u015bl\u0105 o trwa\u0142o\u015bci i niezawodno\u015bci, aby sprosta\u0107 najtrudniejszym warunkom.\nNiezale\u017cnie od tego, czy potrzebujesz zabezpieczenia dla swojego sprz\u0119tu, ochrony \u0142adunku, czy zabezpieczenia przed niekorzystnymi warunkami atmosferycznymi, nasze produkty oferuj\u0105 doskona\u0142e parametry techniczne w konkurencyjnych cenach. Dzi\u0119ki naszemu do\u015bwiadczeniu i dba\u0142o\u015bci o detale, ka\u017cda plandeka dostarcza wyj\u0105tkow\u0105 warto\u015b\u0107. Wybierz sprawdzone rozwi\u0105zania od naszej firmy i ciesz si\u0119 spokojem ducha, wiedz\u0105c, \u017ce Tw\u00f3j zakup to pewna inwestycja.\t\t\t\t\t\t\t\t<\/div>\n\t\t\t\t<\/div>\n\t\t\t\t<\/div>\n\t\t\t\t\t<\/div>\n\t\t\t\t<\/div>\n\t\t<div class=\"e-con-top elementor-element elementor-element-a8ef618 e-flex e-con-boxed e-con e-parent\" data-id=\"a8ef618\" data-element_type=\"container\">\n\t\t\t\t\t<div class=\"e-con-inner\">\n\t\t<div class=\"elementor-element elementor-element-e950ea2 e-con-full e-flex e-con e-child\" data-id=\"e950ea2\" data-element_type=\"container\">\n\t\t\t\t<div class=\"elementor-element elementor-element-5e1d8c3 elementor-widget elementor-widget-image\" data-id=\"5e1d8c3\" data-element_type=\"widget\" data-widget_type=\"image.default\">\n\t\t\t\t<div class=\"elementor-widget-container\">\n\t\t\t\t\t\t\t\t\t\t\t\t\t\t\t<img fetchpriority=\"high\" decoding=\"async\" width=\"1000\" height=\"667\" src=\"https:\/\/sakoplan.pl\/wp-content\/uploads\/2025\/12\/AdobeStock_270093358.jpg\" class=\"attachment-1536x1536 size-1536x1536 wp-image-6804\" alt=\"\" srcset=\"https:\/\/sakoplan.pl\/wp-content\/uploads\/2025\/12\/AdobeStock_270093358.jpg 1000w, https:\/\/sakoplan.pl\/wp-content\/uploads\/2025\/12\/AdobeStock_270093358-300x200.jpg 300w, https:\/\/sakoplan.pl\/wp-content\/uploads\/2025\/12\/AdobeStock_270093358-768x512.jpg 768w, https:\/\/sakoplan.pl\/wp-content\/uploads\/2025\/12\/AdobeStock_270093358-18x12.jpg 18w, https:\/\/sakoplan.pl\/wp-content\/uploads\/2025\/12\/AdobeStock_270093358-600x400.jpg 600w, https:\/\/sakoplan.pl\/wp-content\/uploads\/2025\/12\/AdobeStock_270093358-64x43.jpg 64w\" sizes=\"(max-width: 1000px) 100vw, 1000px\" \/>\t\t\t\t\t\t\t\t\t\t\t\t\t\t\t<\/div>\n\t\t\t\t<\/div>\n\t\t\t\t<div class=\"elementor-element elementor-element-845aa10 elementor-absolute e-transform elementor-widget elementor-widget-image\" data-id=\"845aa10\" data-element_type=\"widget\" data-settings=\"{&quot;_position&quot;:&quot;absolute&quot;,&quot;_transform_translateY_effect&quot;:{&quot;unit&quot;:&quot;%&quot;,&quot;size&quot;:-50,&quot;sizes&quot;:[]},&quot;_transform_translateY_effect_laptop&quot;:{&quot;unit&quot;:&quot;em&quot;,&quot;size&quot;:&quot;&quot;,&quot;sizes&quot;:[]},&quot;_transform_translateY_effect_tablet&quot;:{&quot;unit&quot;:&quot;em&quot;,&quot;size&quot;:&quot;&quot;,&quot;sizes&quot;:[]},&quot;_transform_translateY_effect_mobile&quot;:{&quot;unit&quot;:&quot;em&quot;,&quot;size&quot;:&quot;&quot;,&quot;sizes&quot;:[]},&quot;_transform_translateX_effect&quot;:{&quot;unit&quot;:&quot;px&quot;,&quot;size&quot;:&quot;&quot;,&quot;sizes&quot;:[]},&quot;_transform_translateX_effect_laptop&quot;:{&quot;unit&quot;:&quot;px&quot;,&quot;size&quot;:&quot;&quot;,&quot;sizes&quot;:[]},&quot;_transform_translateX_effect_tablet&quot;:{&quot;unit&quot;:&quot;px&quot;,&quot;size&quot;:&quot;&quot;,&quot;sizes&quot;:[]},&quot;_transform_translateX_effect_mobile&quot;:{&quot;unit&quot;:&quot;px&quot;,&quot;size&quot;:&quot;&quot;,&quot;sizes&quot;:[]}}\" data-widget_type=\"image.default\">\n\t\t\t\t<div class=\"elementor-widget-container\">\n\t\t\t\t\t\t\t\t\t\t\t\t\t\t\t<img decoding=\"async\" width=\"1536\" height=\"255\" src=\"https:\/\/sakoplan.pl\/wp-content\/uploads\/2025\/07\/aee608563f91688b81fa4467310ad622935b5658-min-1536x255.png\" class=\"attachment-1536x1536 size-1536x1536 wp-image-1657\" alt=\"\" srcset=\"https:\/\/sakoplan.pl\/wp-content\/uploads\/2025\/07\/aee608563f91688b81fa4467310ad622935b5658-min-1536x255.png 1536w, https:\/\/sakoplan.pl\/wp-content\/uploads\/2025\/07\/aee608563f91688b81fa4467310ad622935b5658-min-300x50.png 300w, https:\/\/sakoplan.pl\/wp-content\/uploads\/2025\/07\/aee608563f91688b81fa4467310ad622935b5658-min-1024x170.png 1024w, https:\/\/sakoplan.pl\/wp-content\/uploads\/2025\/07\/aee608563f91688b81fa4467310ad622935b5658-min-768x128.png 768w, https:\/\/sakoplan.pl\/wp-content\/uploads\/2025\/07\/aee608563f91688b81fa4467310ad622935b5658-min-2048x340.png 2048w, https:\/\/sakoplan.pl\/wp-content\/uploads\/2025\/07\/aee608563f91688b81fa4467310ad622935b5658-min-18x3.png 18w, https:\/\/sakoplan.pl\/wp-content\/uploads\/2025\/07\/aee608563f91688b81fa4467310ad622935b5658-min-600x100.png 600w, https:\/\/sakoplan.pl\/wp-content\/uploads\/2025\/07\/aee608563f91688b81fa4467310ad622935b5658-min-64x11.png 64w\" sizes=\"(max-width: 1536px) 100vw, 1536px\" \/>\t\t\t\t\t\t\t\t\t\t\t\t\t\t\t<\/div>\n\t\t\t\t<\/div>\n\t\t\t\t<\/div>\n\t\t\t\t\t<\/div>\n\t\t\t\t<\/div>\n\t\t<div class=\"e-con-top elementor-element elementor-element-f1e9df6 e-flex e-con-boxed e-con e-parent\" data-id=\"f1e9df6\" data-element_type=\"container\" data-settings=\"{&quot;background_background&quot;:&quot;classic&quot;}\">\n\t\t\t\t\t<div class=\"e-con-inner\">\n\t\t<div class=\"elementor-element elementor-element-e54b4af e-con-full e-flex e-con e-child\" data-id=\"e54b4af\" data-element_type=\"container\">\n\t\t<div class=\"elementor-element elementor-element-ac9b8e0 e-con-full e-flex e-con e-child\" data-id=\"ac9b8e0\" data-element_type=\"container\">\n\t\t\t\t<div class=\"elementor-element elementor-element-2ba8e8d elementor-widget elementor-widget-text-editor\" data-id=\"2ba8e8d\" data-element_type=\"widget\" data-widget_type=\"text-editor.default\">\n\t\t\t\t<div class=\"elementor-widget-container\">\n\t\t\t\t\t\t\t\t\t<p>SAKOPLAN \u2013 marka firmowego doskona\u0142ego materia\u0142u produkowanego wg najwy\u017cszych parametr\u00f3w SAKO-EXPO w kooperacji z potentatem produkcji tekstyli\u00f3w technicznych poza Europ\u0105 i Chinami.\u00a0SAKOPLAN nie ust\u0119puje materia\u0142om \u201ezachodnim\u201d a cen\u0105 zdecydowanie wygrywa. Posiadamy umow\u0119 wy\u0142\u0105czno\u015bci produkcji tylko dla SAKO-EXPO do Polski, co gwarantuje stabilno\u015b\u0107 dostaw, a materia\u0142, kt\u00f3ry jest obecny na rynku Polski i Europy od 2016 roku\u00a0sprawdza si\u0119 celuj\u0105co.<\/p>\t\t\t\t\t\t\t\t<\/div>\n\t\t\t\t<\/div>\n\t\t\t\t<div class=\"elementor-element elementor-element-b2e88e4 elementor-widget elementor-widget-button\" data-id=\"b2e88e4\" data-element_type=\"widget\" data-widget_type=\"button.default\">\n\t\t\t\t<div class=\"elementor-widget-container\">\n\t\t\t\t\t\t\t\t\t<div class=\"elementor-button-wrapper\">\n\t\t\t\t\t<a class=\"elementor-button elementor-button-link elementor-size-sm\" href=\"https:\/\/sakoplan.pl\/ru\/sklep\/?filter_producent=sakoplan\">\n\t\t\t\t\t\t<span class=\"elementor-button-content-wrapper\">\n\t\t\t\t\t\t\t\t\t<span class=\"elementor-button-text\">POKA\u017b PRODUKTY<\/span>\n\t\t\t\t\t<\/span>\n\t\t\t\t\t<\/a>\n\t\t\t\t<\/div>\n\t\t\t\t\t\t\t\t<\/div>\n\t\t\t\t<\/div>\n\t\t\t\t<\/div>\n\t\t<div class=\"elementor-element elementor-element-bbbf286 e-con-full e-flex e-con e-child\" data-id=\"bbbf286\" data-element_type=\"container\">\n\t\t\t\t<div class=\"elementor-element elementor-element-8025832 elementor-widget elementor-widget-image\" data-id=\"8025832\" data-element_type=\"widget\" data-widget_type=\"image.default\">\n\t\t\t\t<div class=\"elementor-widget-container\">\n\t\t\t\t\t\t\t\t\t\t\t\t\t\t\t<img decoding=\"async\" width=\"1051\" height=\"1536\" src=\"https:\/\/sakoplan.pl\/wp-content\/uploads\/2025\/07\/ee6bd5b75721424dbec8762206d81455ddfefd73-min-e1753902767973-1051x1536.jpg\" class=\"attachment-1536x1536 size-1536x1536 wp-image-1659\" alt=\"\" srcset=\"https:\/\/sakoplan.pl\/wp-content\/uploads\/2025\/07\/ee6bd5b75721424dbec8762206d81455ddfefd73-min-e1753902767973-1051x1536.jpg 1051w, https:\/\/sakoplan.pl\/wp-content\/uploads\/2025\/07\/ee6bd5b75721424dbec8762206d81455ddfefd73-min-e1753902767973-205x300.jpg 205w, https:\/\/sakoplan.pl\/wp-content\/uploads\/2025\/07\/ee6bd5b75721424dbec8762206d81455ddfefd73-min-e1753902767973-700x1024.jpg 700w, https:\/\/sakoplan.pl\/wp-content\/uploads\/2025\/07\/ee6bd5b75721424dbec8762206d81455ddfefd73-min-e1753902767973-768x1123.jpg 768w, https:\/\/sakoplan.pl\/wp-content\/uploads\/2025\/07\/ee6bd5b75721424dbec8762206d81455ddfefd73-min-e1753902767973-8x12.jpg 8w, https:\/\/sakoplan.pl\/wp-content\/uploads\/2025\/07\/ee6bd5b75721424dbec8762206d81455ddfefd73-min-e1753902767973-600x877.jpg 600w, https:\/\/sakoplan.pl\/wp-content\/uploads\/2025\/07\/ee6bd5b75721424dbec8762206d81455ddfefd73-min-e1753902767973-64x94.jpg 64w, https:\/\/sakoplan.pl\/wp-content\/uploads\/2025\/07\/ee6bd5b75721424dbec8762206d81455ddfefd73-min-e1753902767973.jpg 1368w\" sizes=\"(max-width: 1051px) 100vw, 1051px\" \/>\t\t\t\t\t\t\t\t\t\t\t\t\t\t\t<\/div>\n\t\t\t\t<\/div>\n\t\t\t\t<\/div>\n\t\t\t\t<\/div>\n\t\t\t\t\t<\/div>\n\t\t\t\t<\/div>\n\t\t<div class=\"e-con-top elementor-element elementor-element-ddf63dc e-flex e-con-boxed e-con e-parent\" data-id=\"ddf63dc\" data-element_type=\"container\">\n\t\t\t\t\t<div class=\"e-con-inner\">\n\t\t<div class=\"elementor-element elementor-element-a32f945 e-con-full e-flex e-con e-child\" data-id=\"a32f945\" data-element_type=\"container\">\n\t\t\t\t<div class=\"elementor-element elementor-element-74890eb elementor-absolute e-transform elementor-widget elementor-widget-image\" data-id=\"74890eb\" data-element_type=\"widget\" data-settings=\"{&quot;_position&quot;:&quot;absolute&quot;,&quot;_transform_translateY_effect&quot;:{&quot;unit&quot;:&quot;%&quot;,&quot;size&quot;:-50,&quot;sizes&quot;:[]},&quot;_transform_translateY_effect_laptop&quot;:{&quot;unit&quot;:&quot;em&quot;,&quot;size&quot;:&quot;&quot;,&quot;sizes&quot;:[]},&quot;_transform_translateY_effect_tablet&quot;:{&quot;unit&quot;:&quot;em&quot;,&quot;size&quot;:&quot;&quot;,&quot;sizes&quot;:[]},&quot;_transform_translateY_effect_mobile&quot;:{&quot;unit&quot;:&quot;em&quot;,&quot;size&quot;:&quot;&quot;,&quot;sizes&quot;:[]},&quot;_transform_translateX_effect&quot;:{&quot;unit&quot;:&quot;px&quot;,&quot;size&quot;:&quot;&quot;,&quot;sizes&quot;:[]},&quot;_transform_translateX_effect_laptop&quot;:{&quot;unit&quot;:&quot;px&quot;,&quot;size&quot;:&quot;&quot;,&quot;sizes&quot;:[]},&quot;_transform_translateX_effect_tablet&quot;:{&quot;unit&quot;:&quot;px&quot;,&quot;size&quot;:&quot;&quot;,&quot;sizes&quot;:[]},&quot;_transform_translateX_effect_mobile&quot;:{&quot;unit&quot;:&quot;px&quot;,&quot;size&quot;:&quot;&quot;,&quot;sizes&quot;:[]}}\" data-widget_type=\"image.default\">\n\t\t\t\t<div class=\"elementor-widget-container\">\n\t\t\t\t\t\t\t\t\t\t\t\t\t\t\t<img loading=\"lazy\" decoding=\"async\" width=\"1536\" height=\"272\" src=\"https:\/\/sakoplan.pl\/wp-content\/uploads\/2025\/07\/0cce38c16f23bc0ca05198319d2cdc3391a28904-min-1536x272.png\" class=\"attachment-1536x1536 size-1536x1536 wp-image-1656\" alt=\"\" srcset=\"https:\/\/sakoplan.pl\/wp-content\/uploads\/2025\/07\/0cce38c16f23bc0ca05198319d2cdc3391a28904-min-1536x272.png 1536w, https:\/\/sakoplan.pl\/wp-content\/uploads\/2025\/07\/0cce38c16f23bc0ca05198319d2cdc3391a28904-min-300x53.png 300w, https:\/\/sakoplan.pl\/wp-content\/uploads\/2025\/07\/0cce38c16f23bc0ca05198319d2cdc3391a28904-min-1024x181.png 1024w, https:\/\/sakoplan.pl\/wp-content\/uploads\/2025\/07\/0cce38c16f23bc0ca05198319d2cdc3391a28904-min-768x136.png 768w, https:\/\/sakoplan.pl\/wp-content\/uploads\/2025\/07\/0cce38c16f23bc0ca05198319d2cdc3391a28904-min-18x3.png 18w, https:\/\/sakoplan.pl\/wp-content\/uploads\/2025\/07\/0cce38c16f23bc0ca05198319d2cdc3391a28904-min-600x106.png 600w, https:\/\/sakoplan.pl\/wp-content\/uploads\/2025\/07\/0cce38c16f23bc0ca05198319d2cdc3391a28904-min-64x11.png 64w, https:\/\/sakoplan.pl\/wp-content\/uploads\/2025\/07\/0cce38c16f23bc0ca05198319d2cdc3391a28904-min.png 1947w\" sizes=\"(max-width: 1536px) 100vw, 1536px\" \/>\t\t\t\t\t\t\t\t\t\t\t\t\t\t\t<\/div>\n\t\t\t\t<\/div>\n\t\t\t\t<div class=\"elementor-element elementor-element-8fcaede elementor-widget elementor-widget-image\" data-id=\"8fcaede\" data-element_type=\"widget\" data-widget_type=\"image.default\">\n\t\t\t\t<div class=\"elementor-widget-container\">\n\t\t\t\t\t\t\t\t\t\t\t\t\t\t\t<img loading=\"lazy\" decoding=\"async\" width=\"1000\" height=\"667\" src=\"https:\/\/sakoplan.pl\/wp-content\/uploads\/2025\/12\/AdobeStock_382687188.jpg\" class=\"attachment-1536x1536 size-1536x1536 wp-image-6805\" alt=\"\" srcset=\"https:\/\/sakoplan.pl\/wp-content\/uploads\/2025\/12\/AdobeStock_382687188.jpg 1000w, https:\/\/sakoplan.pl\/wp-content\/uploads\/2025\/12\/AdobeStock_382687188-300x200.jpg 300w, https:\/\/sakoplan.pl\/wp-content\/uploads\/2025\/12\/AdobeStock_382687188-768x512.jpg 768w, https:\/\/sakoplan.pl\/wp-content\/uploads\/2025\/12\/AdobeStock_382687188-18x12.jpg 18w, https:\/\/sakoplan.pl\/wp-content\/uploads\/2025\/12\/AdobeStock_382687188-600x400.jpg 600w, https:\/\/sakoplan.pl\/wp-content\/uploads\/2025\/12\/AdobeStock_382687188-64x43.jpg 64w\" sizes=\"(max-width: 1000px) 100vw, 1000px\" \/>\t\t\t\t\t\t\t\t\t\t\t\t\t\t\t<\/div>\n\t\t\t\t<\/div>\n\t\t\t\t<\/div>\n\t\t\t\t\t<\/div>\n\t\t\t\t<\/div>\n\t\t<div class=\"e-con-top elementor-element elementor-element-bf7c8a8 e-flex e-con-boxed e-con e-parent\" data-id=\"bf7c8a8\" data-element_type=\"container\" data-settings=\"{&quot;background_background&quot;:&quot;classic&quot;}\">\n\t\t\t\t\t<div class=\"e-con-inner\">\n\t\t<div class=\"elementor-element elementor-element-3ae7d45 e-con-full e-flex e-con e-child\" data-id=\"3ae7d45\" data-element_type=\"container\">\n\t\t<div class=\"elementor-element elementor-element-339497a e-con-full e-flex e-con e-child\" data-id=\"339497a\" data-element_type=\"container\">\n\t\t\t\t<div class=\"elementor-element elementor-element-e1fc024 elementor-widget elementor-widget-image\" data-id=\"e1fc024\" data-element_type=\"widget\" data-widget_type=\"image.default\">\n\t\t\t\t<div class=\"elementor-widget-container\">\n\t\t\t\t\t\t\t\t\t\t\t\t\t\t\t<img loading=\"lazy\" decoding=\"async\" width=\"1241\" height=\"392\" src=\"https:\/\/sakoplan.pl\/wp-content\/uploads\/2025\/07\/3ed21cb558e606d1a35be1ee6c192ee23f331964-min.png\" class=\"attachment-1536x1536 size-1536x1536 wp-image-1655\" alt=\"\" srcset=\"https:\/\/sakoplan.pl\/wp-content\/uploads\/2025\/07\/3ed21cb558e606d1a35be1ee6c192ee23f331964-min.png 1241w, https:\/\/sakoplan.pl\/wp-content\/uploads\/2025\/07\/3ed21cb558e606d1a35be1ee6c192ee23f331964-min-300x95.png 300w, https:\/\/sakoplan.pl\/wp-content\/uploads\/2025\/07\/3ed21cb558e606d1a35be1ee6c192ee23f331964-min-1024x323.png 1024w, https:\/\/sakoplan.pl\/wp-content\/uploads\/2025\/07\/3ed21cb558e606d1a35be1ee6c192ee23f331964-min-768x243.png 768w, https:\/\/sakoplan.pl\/wp-content\/uploads\/2025\/07\/3ed21cb558e606d1a35be1ee6c192ee23f331964-min-18x6.png 18w, https:\/\/sakoplan.pl\/wp-content\/uploads\/2025\/07\/3ed21cb558e606d1a35be1ee6c192ee23f331964-min-600x190.png 600w, https:\/\/sakoplan.pl\/wp-content\/uploads\/2025\/07\/3ed21cb558e606d1a35be1ee6c192ee23f331964-min-64x20.png 64w\" sizes=\"(max-width: 1241px) 100vw, 1241px\" \/>\t\t\t\t\t\t\t\t\t\t\t\t\t\t\t<\/div>\n\t\t\t\t<\/div>\n\t\t\t\t<\/div>\n\t\t<div class=\"elementor-element elementor-element-02971f0 e-con-full e-flex e-con e-child\" data-id=\"02971f0\" data-element_type=\"container\">\n\t\t\t\t<div class=\"elementor-element elementor-element-116fe25 elementor-widget elementor-widget-text-editor\" data-id=\"116fe25\" data-element_type=\"widget\" data-widget_type=\"text-editor.default\">\n\t\t\t\t<div class=\"elementor-widget-container\">\n\t\t\t\t\t\t\t\t\t<p>SAKOTEX \u2013 firmowa nazwa materia\u0142\u00f3w SAKO-EXPO produkowanych na rynku azjatyckim.\u00a0Ustanowili\u015bmy firm\u0119 wiod\u0105c\u0105 z naszym przedstawicielem jako ekspertem do zlece\u0144 produkcji specjalistycznych materia\u0142\u00f3w dla firm najlepiej produkuj\u0105cych wg naszych parametr\u00f3w.\u00a0R\u00f3wnie\u017c tu posiadamy wy\u0142\u0105czno\u015b\u0107 produkcji dla SAKO-EXPO a najwy\u017csza jako\u015b\u0107 materia\u0142\u00f3w z tego rejonu jest efektem naszej dzia\u0142alno\u015bci.<\/p>\t\t\t\t\t\t\t\t<\/div>\n\t\t\t\t<\/div>\n\t\t\t\t<div class=\"elementor-element elementor-element-f74f57c elementor-widget elementor-widget-button\" data-id=\"f74f57c\" data-element_type=\"widget\" data-widget_type=\"button.default\">\n\t\t\t\t<div class=\"elementor-widget-container\">\n\t\t\t\t\t\t\t\t\t<div class=\"elementor-button-wrapper\">\n\t\t\t\t\t<a class=\"elementor-button elementor-button-link elementor-size-sm\" href=\"https:\/\/sakoplan.pl\/ru\/sklep\/?filter_producent=sakotex\">\n\t\t\t\t\t\t<span class=\"elementor-button-content-wrapper\">\n\t\t\t\t\t\t\t\t\t<span class=\"elementor-button-text\">POKA\u017b PRODUKTY<\/span>\n\t\t\t\t\t<\/span>\n\t\t\t\t\t<\/a>\n\t\t\t\t<\/div>\n\t\t\t\t\t\t\t\t<\/div>\n\t\t\t\t<\/div>\n\t\t\t\t<\/div>\n\t\t\t\t<\/div>\n\t\t\t\t\t<\/div>\n\t\t\t\t<\/div>\n\t\t\t\t<\/div>","protected":false},"excerpt":{"rendered":"<p>Wybieraj\u0105c nasze marki w\u0142asne &#8211; SAKOPLAN i SAKOTEX, inwestujesz w jako\u015b\u0107, kt\u00f3rej mo\u017cesz zaufa\u0107. Nasze materia\u0142y s\u0105 starannie zaprojektowane z my\u015bl\u0105 o trwa\u0142o\u015bci i niezawodno\u015bci, aby sprosta\u0107 najtrudniejszym warunkom. Niezale\u017cnie od tego, czy potrzebujesz zabezpieczenia dla swojego sprz\u0119tu, ochrony \u0142adunku, czy zabezpieczenia przed niekorzystnymi warunkami atmosferycznymi, nasze produkty oferuj\u0105 doskona\u0142e parametry techniczne w konkurencyjnych cenach. [&hellip;]<\/p>\n","protected":false},"author":2,"featured_media":0,"parent":0,"menu_order":0,"comment_status":"closed","ping_status":"closed","template":"","meta":{"_acf_changed":false,"footnotes":""},"class_list":["post-1642","page","type-page","status-publish","hentry"],"acf":[],"_links":{"self":[{"href":"https:\/\/sakoplan.pl\/ru\/wp-json\/wp\/v2\/pages\/1642","targetHints":{"allow":["GET"]}}],"collection":[{"href":"https:\/\/sakoplan.pl\/ru\/wp-json\/wp\/v2\/pages"}],"about":[{"href":"https:\/\/sakoplan.pl\/ru\/wp-json\/wp\/v2\/types\/page"}],"author":[{"embeddable":true,"href":"https:\/\/sakoplan.pl\/ru\/wp-json\/wp\/v2\/users\/2"}],"replies":[{"embeddable":true,"href":"https:\/\/sakoplan.pl\/ru\/wp-json\/wp\/v2\/comments?post=1642"}],"version-history":[{"count":9,"href":"https:\/\/sakoplan.pl\/ru\/wp-json\/wp\/v2\/pages\/1642\/revisions"}],"predecessor-version":[{"id":6814,"href":"https:\/\/sakoplan.pl\/ru\/wp-json\/wp\/v2\/pages\/1642\/revisions\/6814"}],"wp:attachment":[{"href":"https:\/\/sakoplan.pl\/ru\/wp-json\/wp\/v2\/media?parent=1642"}],"curies":[{"name":"wp","href":"https:\/\/api.w.org\/{rel}","templated":true}]}}