{"id":6783,"date":"2025-12-15T12:30:15","date_gmt":"2025-12-15T12:30:15","guid":{"rendered":"https:\/\/sakoplan.pl\/?post_type=product&#038;p=6783"},"modified":"2025-12-15T12:33:17","modified_gmt":"2025-12-15T12:33:17","slug":"folia-wysokoprzezroczysta-bezftalanowa-1-mm-szer-200-cm-2","status":"publish","type":"product","link":"https:\/\/sakoplan.pl\/en\/product\/folia-wysokoprzezroczysta-bezftalanowa-1-mm-szer-200-cm-2\/","title":{"rendered":"Folia wysokoprzezroczysta bezftalanowa 1 mm, szer. 200 cm"},"content":{"rendered":"<p>Folia g\u0142adka, prze\u017aroczysta z PVC, bezftalanowa mrozoodporna do -10 stopni C. Du\u017ca grubo\u015b\u0107 folii sprawia, \u017ce jest ona bardzo wytrzyma\u0142a i sztywna. Zgodna z norma EN71-3.<\/p>\n<p><strong>Z uwagi na bardzo du\u017ce zainteresowanie foliami prze\u017aroczystymi, termin realizacji zam\u00f3wie\u0144 detalicznych (materia\u0142 odcinany z rolek) mo\u017ce ulec wyd\u0142u\u017ceniu do 3 dni.<\/strong><\/p>\n<p><strong>Prosimy o wyrozumia\u0142o\u015b\u0107 i cierpliwo\u015b\u0107 &#8211; nasz magazyn pracuje pe\u0142n\u0105 par\u0105 aby zapewni\u0107 Pa\u0144stwu najwy\u017cszej jako\u015bci materia\u0142 dostosowany do Pa\u0144stwa potrzeb.<\/strong><\/p>","protected":false},"excerpt":{"rendered":"<p>Folia g\u0142adka, prze\u017aroczysta z PVC, bezftalanowa mrozoodporna do -10 stopni C. Du\u017ca grubo\u015b\u0107 folii sprawia, \u017ce jest ona bardzo wytrzyma\u0142a i sztywna. Zgodna z norma EN71-3. Z uwagi na bardzo du\u017ce zainteresowanie foliami prze\u017aroczystymi, termin realizacji zam\u00f3wie\u0144 detalicznych (materia\u0142 odcinany z rolek) mo\u017ce ulec wyd\u0142u\u017ceniu do 3 dni. Prosimy o wyrozumia\u0142o\u015b\u0107 i cierpliwo\u015b\u0107 &#8211; nasz [&hellip;]<\/p>\n","protected":false},"featured_media":6786,"template":"","meta":{"_acf_changed":false},"product_cat":[628],"product_tag":[],"class_list":{"0":"post-6783","1":"product","2":"type-product","3":"status-publish","4":"has-post-thumbnail","6":"product_cat-folie-ogrodnicze","8":"first","9":"outofstock","10":"taxable","11":"shipping-taxable","12":"purchasable","13":"product-type-variable","swatches":"rey-swatches","show_selected":""},"acf":[],"_links":{"self":[{"href":"https:\/\/sakoplan.pl\/en\/wp-json\/wp\/v2\/product\/6783","targetHints":{"allow":["GET"]}}],"collection":[{"href":"https:\/\/sakoplan.pl\/en\/wp-json\/wp\/v2\/product"}],"about":[{"href":"https:\/\/sakoplan.pl\/en\/wp-json\/wp\/v2\/types\/product"}],"version-history":[{"count":0,"href":"https:\/\/sakoplan.pl\/en\/wp-json\/wp\/v2\/product\/6783\/revisions"}],"wp:featuredmedia":[{"embeddable":true,"href":"https:\/\/sakoplan.pl\/en\/wp-json\/wp\/v2\/media\/6786"}],"wp:attachment":[{"href":"https:\/\/sakoplan.pl\/en\/wp-json\/wp\/v2\/media?parent=6783"}],"wp:term":[{"taxonomy":"product_cat","embeddable":true,"href":"https:\/\/sakoplan.pl\/en\/wp-json\/wp\/v2\/product_cat?post=6783"},{"taxonomy":"product_tag","embeddable":true,"href":"https:\/\/sakoplan.pl\/en\/wp-json\/wp\/v2\/product_tag?post=6783"}],"curies":[{"name":"wp","href":"https:\/\/api.w.org\/{rel}","templated":true}]}}