{"id":6564,"date":"2025-11-18T08:29:55","date_gmt":"2025-11-18T08:29:55","guid":{"rendered":"https:\/\/sakoplan.pl\/?post_type=product&#038;p=6564"},"modified":"2025-11-18T08:31:17","modified_gmt":"2025-11-18T08:31:17","slug":"podkladki-plastikowe-a20","status":"publish","type":"product","link":"https:\/\/sakoplan.pl\/en\/product\/podkladki-plastikowe-a20\/","title":{"rendered":"Podk\u0142adki plastikowe A20"},"content":{"rendered":"<div class=\"pb-center-column col-xs-12 col-sm-7\">\n<div id=\"short_description_block\">\n<div id=\"short_description_content\" class=\"rte align_justify\">\n<p>Podk\u0142adka plastikowa pod chwytk\u0119 naburtow\u0105. Rozstaw otwor\u00f3w:\u00a020 mm.<\/p>\n<\/div>\n<\/div>\n<\/div>\n<div class=\"pb-right-column col-xs-12 col-sm-7 col-md-7\">\n<form id=\"buy_block\" action=\"https:\/\/www.sakoexpo.com.pl\/pl\/koszyk\" method=\"post\">\n<div class=\"box-info-product\">\n<div class=\"content_prices clearfix\">\n<div class=\"price\"><\/div>\n<\/div>\n<\/div>\n<\/form>\n<\/div>","protected":false},"excerpt":{"rendered":"<p>Podk\u0142adka plastikowa pod chwytk\u0119 naburtow\u0105. Rozstaw otwor\u00f3w:\u00a020 mm.<\/p>","protected":false},"featured_media":6567,"template":"","meta":{"_acf_changed":false},"product_cat":[591],"product_tag":[],"class_list":{"0":"post-6564","1":"product","2":"type-product","3":"status-publish","4":"has-post-thumbnail","6":"product_cat-akcesoria-drobne","8":"first","9":"instock","10":"taxable","11":"shipping-taxable","12":"purchasable","13":"product-type-variable","swatches":"rey-swatches","show_selected":""},"acf":[],"_links":{"self":[{"href":"https:\/\/sakoplan.pl\/en\/wp-json\/wp\/v2\/product\/6564","targetHints":{"allow":["GET"]}}],"collection":[{"href":"https:\/\/sakoplan.pl\/en\/wp-json\/wp\/v2\/product"}],"about":[{"href":"https:\/\/sakoplan.pl\/en\/wp-json\/wp\/v2\/types\/product"}],"version-history":[{"count":0,"href":"https:\/\/sakoplan.pl\/en\/wp-json\/wp\/v2\/product\/6564\/revisions"}],"wp:featuredmedia":[{"embeddable":true,"href":"https:\/\/sakoplan.pl\/en\/wp-json\/wp\/v2\/media\/6567"}],"wp:attachment":[{"href":"https:\/\/sakoplan.pl\/en\/wp-json\/wp\/v2\/media?parent=6564"}],"wp:term":[{"taxonomy":"product_cat","embeddable":true,"href":"https:\/\/sakoplan.pl\/en\/wp-json\/wp\/v2\/product_cat?post=6564"},{"taxonomy":"product_tag","embeddable":true,"href":"https:\/\/sakoplan.pl\/en\/wp-json\/wp\/v2\/product_tag?post=6564"}],"curies":[{"name":"wp","href":"https:\/\/api.w.org\/{rel}","templated":true}]}}