{"id":6559,"date":"2025-11-18T08:29:19","date_gmt":"2025-11-18T08:29:19","guid":{"rendered":"https:\/\/sakoplan.pl\/?post_type=product&#038;p=6559"},"modified":"2025-11-18T08:29:19","modified_gmt":"2025-11-18T08:29:19","slug":"podkladki-plastikowe-okragle-a-0","status":"publish","type":"product","link":"https:\/\/sakoplan.pl\/en\/product\/podkladki-plastikowe-okragle-a-0\/","title":{"rendered":"Podk\u0142adki plastikowe okr\u0105g\u0142e A \u201d0\u201d"},"content":{"rendered":"<p>Okr\u0105g\u0142a podk\u0142adka plastikowa.<\/p>","protected":false},"excerpt":{"rendered":"<p>Okr\u0105g\u0142a podk\u0142adka plastikowa.<\/p>","protected":false},"featured_media":6560,"template":"","meta":{"_acf_changed":false},"product_cat":[591],"product_tag":[],"class_list":{"0":"post-6559","1":"product","2":"type-product","3":"status-publish","4":"has-post-thumbnail","6":"product_cat-akcesoria-drobne","8":"first","9":"instock","10":"taxable","11":"shipping-taxable","12":"purchasable","13":"product-type-variable","swatches":"rey-swatches","show_selected":""},"acf":[],"_links":{"self":[{"href":"https:\/\/sakoplan.pl\/en\/wp-json\/wp\/v2\/product\/6559","targetHints":{"allow":["GET"]}}],"collection":[{"href":"https:\/\/sakoplan.pl\/en\/wp-json\/wp\/v2\/product"}],"about":[{"href":"https:\/\/sakoplan.pl\/en\/wp-json\/wp\/v2\/types\/product"}],"version-history":[{"count":0,"href":"https:\/\/sakoplan.pl\/en\/wp-json\/wp\/v2\/product\/6559\/revisions"}],"wp:featuredmedia":[{"embeddable":true,"href":"https:\/\/sakoplan.pl\/en\/wp-json\/wp\/v2\/media\/6560"}],"wp:attachment":[{"href":"https:\/\/sakoplan.pl\/en\/wp-json\/wp\/v2\/media?parent=6559"}],"wp:term":[{"taxonomy":"product_cat","embeddable":true,"href":"https:\/\/sakoplan.pl\/en\/wp-json\/wp\/v2\/product_cat?post=6559"},{"taxonomy":"product_tag","embeddable":true,"href":"https:\/\/sakoplan.pl\/en\/wp-json\/wp\/v2\/product_tag?post=6559"}],"curies":[{"name":"wp","href":"https:\/\/api.w.org\/{rel}","templated":true}]}}