{"id":6545,"date":"2025-11-17T19:43:49","date_gmt":"2025-11-17T19:43:49","guid":{"rendered":"https:\/\/sakoplan.pl\/?post_type=product&#038;p=6545"},"modified":"2025-11-17T19:45:03","modified_gmt":"2025-11-17T19:45:03","slug":"koncowka-linki-celnej-o8","status":"publish","type":"product","link":"https:\/\/sakoplan.pl\/en\/product\/koncowka-linki-celnej-o8\/","title":{"rendered":"Ko\u0144c\u00f3wka linki celnej \u00f88"},"content":{"rendered":"<p>Ko\u0144c\u00f3wka linki celnej o \u015brednicy 8 mm.<\/p>","protected":false},"excerpt":{"rendered":"<p>Ko\u0144c\u00f3wka linki celnej o \u015brednicy 8 mm.<\/p>","protected":false},"featured_media":6543,"template":"","meta":{"_acf_changed":false},"product_cat":[591],"product_tag":[],"class_list":{"0":"post-6545","1":"product","2":"type-product","3":"status-publish","4":"has-post-thumbnail","6":"product_cat-akcesoria-drobne","8":"first","9":"instock","10":"taxable","11":"shipping-taxable","12":"purchasable","13":"product-type-variable","swatches":"rey-swatches","show_selected":""},"acf":[],"_links":{"self":[{"href":"https:\/\/sakoplan.pl\/en\/wp-json\/wp\/v2\/product\/6545","targetHints":{"allow":["GET"]}}],"collection":[{"href":"https:\/\/sakoplan.pl\/en\/wp-json\/wp\/v2\/product"}],"about":[{"href":"https:\/\/sakoplan.pl\/en\/wp-json\/wp\/v2\/types\/product"}],"version-history":[{"count":0,"href":"https:\/\/sakoplan.pl\/en\/wp-json\/wp\/v2\/product\/6545\/revisions"}],"wp:featuredmedia":[{"embeddable":true,"href":"https:\/\/sakoplan.pl\/en\/wp-json\/wp\/v2\/media\/6543"}],"wp:attachment":[{"href":"https:\/\/sakoplan.pl\/en\/wp-json\/wp\/v2\/media?parent=6545"}],"wp:term":[{"taxonomy":"product_cat","embeddable":true,"href":"https:\/\/sakoplan.pl\/en\/wp-json\/wp\/v2\/product_cat?post=6545"},{"taxonomy":"product_tag","embeddable":true,"href":"https:\/\/sakoplan.pl\/en\/wp-json\/wp\/v2\/product_tag?post=6545"}],"curies":[{"name":"wp","href":"https:\/\/api.w.org\/{rel}","templated":true}]}}