{"id":6514,"date":"2025-11-17T19:30:31","date_gmt":"2025-11-17T19:30:31","guid":{"rendered":"https:\/\/sakoplan.pl\/?post_type=product&#038;p=6514"},"modified":"2025-11-17T19:31:58","modified_gmt":"2025-11-17T19:31:58","slug":"rolka-na-lozyskach-do-profili-edscha","status":"publish","type":"product","link":"https:\/\/sakoplan.pl\/en\/product\/rolka-na-lozyskach-do-profili-edscha\/","title":{"rendered":"Rolka na \u0142o\u017cyskach do profili Edscha"},"content":{"rendered":"<p>Rolka na \u0142o\u017cyskach pojedyncza\u00a0do profili Edscha, cynkowana. Cz\u0119\u015b\u0107 konstrukcyjna do montowania przesuwnych plandek przy naczepie.<\/p>","protected":false},"excerpt":{"rendered":"<p>Rolka na \u0142o\u017cyskach pojedyncza\u00a0do profili Edscha, cynkowana. Cz\u0119\u015b\u0107 konstrukcyjna do montowania przesuwnych plandek przy naczepie.<\/p>","protected":false},"featured_media":6515,"template":"","meta":{"_acf_changed":false},"product_cat":[591],"product_tag":[],"class_list":{"0":"post-6514","1":"product","2":"type-product","3":"status-publish","4":"has-post-thumbnail","6":"product_cat-akcesoria-drobne","8":"first","9":"outofstock","10":"taxable","11":"shipping-taxable","12":"purchasable","13":"product-type-simple","swatches":"rey-swatches","show_selected":""},"acf":[],"_links":{"self":[{"href":"https:\/\/sakoplan.pl\/en\/wp-json\/wp\/v2\/product\/6514","targetHints":{"allow":["GET"]}}],"collection":[{"href":"https:\/\/sakoplan.pl\/en\/wp-json\/wp\/v2\/product"}],"about":[{"href":"https:\/\/sakoplan.pl\/en\/wp-json\/wp\/v2\/types\/product"}],"version-history":[{"count":0,"href":"https:\/\/sakoplan.pl\/en\/wp-json\/wp\/v2\/product\/6514\/revisions"}],"wp:featuredmedia":[{"embeddable":true,"href":"https:\/\/sakoplan.pl\/en\/wp-json\/wp\/v2\/media\/6515"}],"wp:attachment":[{"href":"https:\/\/sakoplan.pl\/en\/wp-json\/wp\/v2\/media?parent=6514"}],"wp:term":[{"taxonomy":"product_cat","embeddable":true,"href":"https:\/\/sakoplan.pl\/en\/wp-json\/wp\/v2\/product_cat?post=6514"},{"taxonomy":"product_tag","embeddable":true,"href":"https:\/\/sakoplan.pl\/en\/wp-json\/wp\/v2\/product_tag?post=6514"}],"curies":[{"name":"wp","href":"https:\/\/api.w.org\/{rel}","templated":true}]}}