{"id":6505,"date":"2025-11-17T19:26:26","date_gmt":"2025-11-17T19:26:26","guid":{"rendered":"https:\/\/sakoplan.pl\/?post_type=product&#038;p=6505"},"modified":"2025-11-17T19:27:31","modified_gmt":"2025-11-17T19:27:31","slug":"nity-kapslowe-3x10","status":"publish","type":"product","link":"https:\/\/sakoplan.pl\/en\/product\/nity-kapslowe-3x10\/","title":{"rendered":"Nity kapslowe 3&#215;10"},"content":{"rendered":"<p>Nity kapslowe dwucz\u0119\u015bciowe. Wymiary: 3&#215;10 mm. Dost\u0119pne tylko\u00a0w opakowaniach po 1000 sztuk.<\/p>","protected":false},"excerpt":{"rendered":"<p>Nity kapslowe dwucz\u0119\u015bciowe. Wymiary: 3&#215;10 mm. Dost\u0119pne tylko\u00a0w opakowaniach po 1000 sztuk.<\/p>","protected":false},"featured_media":6506,"template":"","meta":{"_acf_changed":false},"product_cat":[591],"product_tag":[],"class_list":{"0":"post-6505","1":"product","2":"type-product","3":"status-publish","4":"has-post-thumbnail","6":"product_cat-akcesoria-drobne","8":"first","9":"instock","10":"taxable","11":"shipping-taxable","12":"purchasable","13":"product-type-simple","swatches":"rey-swatches","show_selected":""},"acf":[],"_links":{"self":[{"href":"https:\/\/sakoplan.pl\/en\/wp-json\/wp\/v2\/product\/6505","targetHints":{"allow":["GET"]}}],"collection":[{"href":"https:\/\/sakoplan.pl\/en\/wp-json\/wp\/v2\/product"}],"about":[{"href":"https:\/\/sakoplan.pl\/en\/wp-json\/wp\/v2\/types\/product"}],"version-history":[{"count":0,"href":"https:\/\/sakoplan.pl\/en\/wp-json\/wp\/v2\/product\/6505\/revisions"}],"wp:featuredmedia":[{"embeddable":true,"href":"https:\/\/sakoplan.pl\/en\/wp-json\/wp\/v2\/media\/6506"}],"wp:attachment":[{"href":"https:\/\/sakoplan.pl\/en\/wp-json\/wp\/v2\/media?parent=6505"}],"wp:term":[{"taxonomy":"product_cat","embeddable":true,"href":"https:\/\/sakoplan.pl\/en\/wp-json\/wp\/v2\/product_cat?post=6505"},{"taxonomy":"product_tag","embeddable":true,"href":"https:\/\/sakoplan.pl\/en\/wp-json\/wp\/v2\/product_tag?post=6505"}],"curies":[{"name":"wp","href":"https:\/\/api.w.org\/{rel}","templated":true}]}}