{"id":6412,"date":"2025-11-17T17:25:45","date_gmt":"2025-11-17T17:25:45","guid":{"rendered":"https:\/\/sakoplan.pl\/?post_type=product&#038;p=6412"},"modified":"2025-11-17T17:28:09","modified_gmt":"2025-11-17T17:28:09","slug":"hak-poliamidowy","status":"publish","type":"product","link":"https:\/\/sakoplan.pl\/en\/product\/hak-poliamidowy\/","title":{"rendered":"Hak poliamidowy"},"content":{"rendered":"<p>Hak do pas\u00f3w plandekowych z tworzywa poliamidowego o szeroko\u015bci 20 mm.<\/p>\n<p>&nbsp;<\/p>\n<p><strong>Kompatybilne akcesoria monta\u017cowe:<\/strong><\/p>\n<p>Hak z tworzywa poliamidowego\u00a0\u00a0\u2013 nale\u017cy do niego dopasowa\u0107\u00a0\u00a0ekspandor o \u015brednicy 6 mm\u00a0lub\u00a0ekspandor 8 mm\u00a0wraz z odpowiednio dobranym zaciskiem tulejk\u0105 (o\u00a0\u015brednicy 6 mm\u00a0lub o\u00a0\u015brednicy 8 mm). Aby trwale przytwierdzi\u0107 hak do materia\u0142u niezb\u0119dne b\u0119d\u0105 tak\u017ce\u00a0podk\u0142adki plastikowe 20,\u00a0nity aluminiowe.<\/p>","protected":false},"excerpt":{"rendered":"<p>Hak do pas\u00f3w plandekowych z tworzywa poliamidowego o szeroko\u015bci 20 mm. &nbsp; Kompatybilne akcesoria monta\u017cowe: Hak z tworzywa poliamidowego\u00a0\u00a0\u2013 nale\u017cy do niego dopasowa\u0107\u00a0\u00a0ekspandor o \u015brednicy 6 mm\u00a0lub\u00a0ekspandor 8 mm\u00a0wraz z odpowiednio dobranym zaciskiem tulejk\u0105 (o\u00a0\u015brednicy 6 mm\u00a0lub o\u00a0\u015brednicy 8 mm). Aby trwale przytwierdzi\u0107 hak do materia\u0142u niezb\u0119dne b\u0119d\u0105 tak\u017ce\u00a0podk\u0142adki plastikowe 20,\u00a0nity aluminiowe.<\/p>","protected":false},"featured_media":6415,"template":"","meta":{"_acf_changed":false},"product_cat":[592],"product_tag":[],"class_list":{"0":"post-6412","1":"product","2":"type-product","3":"status-publish","4":"has-post-thumbnail","6":"product_cat-haki","8":"first","9":"instock","10":"taxable","11":"shipping-taxable","12":"purchasable","13":"product-type-variable","swatches":"rey-swatches","show_selected":""},"acf":[],"_links":{"self":[{"href":"https:\/\/sakoplan.pl\/en\/wp-json\/wp\/v2\/product\/6412","targetHints":{"allow":["GET"]}}],"collection":[{"href":"https:\/\/sakoplan.pl\/en\/wp-json\/wp\/v2\/product"}],"about":[{"href":"https:\/\/sakoplan.pl\/en\/wp-json\/wp\/v2\/types\/product"}],"version-history":[{"count":0,"href":"https:\/\/sakoplan.pl\/en\/wp-json\/wp\/v2\/product\/6412\/revisions"}],"wp:featuredmedia":[{"embeddable":true,"href":"https:\/\/sakoplan.pl\/en\/wp-json\/wp\/v2\/media\/6415"}],"wp:attachment":[{"href":"https:\/\/sakoplan.pl\/en\/wp-json\/wp\/v2\/media?parent=6412"}],"wp:term":[{"taxonomy":"product_cat","embeddable":true,"href":"https:\/\/sakoplan.pl\/en\/wp-json\/wp\/v2\/product_cat?post=6412"},{"taxonomy":"product_tag","embeddable":true,"href":"https:\/\/sakoplan.pl\/en\/wp-json\/wp\/v2\/product_tag?post=6412"}],"curies":[{"name":"wp","href":"https:\/\/api.w.org\/{rel}","templated":true}]}}