{"id":6396,"date":"2025-11-17T17:16:43","date_gmt":"2025-11-17T17:16:43","guid":{"rendered":"https:\/\/sakoplan.pl\/?post_type=product&#038;p=6396"},"modified":"2025-11-17T17:18:15","modified_gmt":"2025-11-17T17:18:15","slug":"hak-druciany","status":"publish","type":"product","link":"https:\/\/sakoplan.pl\/en\/product\/hak-druciany\/","title":{"rendered":"Hak druciany"},"content":{"rendered":"<p>Hak druciany\u00a0do pas\u00f3w plandekowych. Umo\u017cliwia solidny i wytrzyma\u0142y monta\u017c. Wykonany ze stali ocynkowanej.<\/p>","protected":false},"excerpt":{"rendered":"<p>Hak druciany\u00a0do pas\u00f3w plandekowych. Umo\u017cliwia solidny i wytrzyma\u0142y monta\u017c. Wykonany ze stali ocynkowanej.<\/p>","protected":false},"featured_media":6397,"template":"","meta":{"_acf_changed":false},"product_cat":[592],"product_tag":[],"class_list":{"0":"post-6396","1":"product","2":"type-product","3":"status-publish","4":"has-post-thumbnail","6":"product_cat-haki","8":"first","9":"instock","10":"taxable","11":"shipping-taxable","12":"purchasable","13":"product-type-simple","swatches":"rey-swatches","show_selected":""},"acf":[],"_links":{"self":[{"href":"https:\/\/sakoplan.pl\/en\/wp-json\/wp\/v2\/product\/6396","targetHints":{"allow":["GET"]}}],"collection":[{"href":"https:\/\/sakoplan.pl\/en\/wp-json\/wp\/v2\/product"}],"about":[{"href":"https:\/\/sakoplan.pl\/en\/wp-json\/wp\/v2\/types\/product"}],"version-history":[{"count":0,"href":"https:\/\/sakoplan.pl\/en\/wp-json\/wp\/v2\/product\/6396\/revisions"}],"wp:featuredmedia":[{"embeddable":true,"href":"https:\/\/sakoplan.pl\/en\/wp-json\/wp\/v2\/media\/6397"}],"wp:attachment":[{"href":"https:\/\/sakoplan.pl\/en\/wp-json\/wp\/v2\/media?parent=6396"}],"wp:term":[{"taxonomy":"product_cat","embeddable":true,"href":"https:\/\/sakoplan.pl\/en\/wp-json\/wp\/v2\/product_cat?post=6396"},{"taxonomy":"product_tag","embeddable":true,"href":"https:\/\/sakoplan.pl\/en\/wp-json\/wp\/v2\/product_tag?post=6396"}],"curies":[{"name":"wp","href":"https:\/\/api.w.org\/{rel}","templated":true}]}}