{"id":6380,"date":"2025-11-17T17:05:22","date_gmt":"2025-11-17T17:05:22","guid":{"rendered":"https:\/\/sakoplan.pl\/?post_type=product&#038;p=6380"},"modified":"2025-11-17T17:06:48","modified_gmt":"2025-11-17T17:06:48","slug":"prowadnica-11x34","status":"publish","type":"product","link":"https:\/\/sakoplan.pl\/en\/product\/prowadnica-11x34\/","title":{"rendered":"Prowadnica 11&#215;34"},"content":{"rendered":"<p>Prowadnica s\u0142u\u017cy do mocowania konstrukcji plandekowych (np. przy samochodach ci\u0119\u017carowych). Zosta\u0142a wykonana ze stali ocynkowanej (odporna na rdzewienie).<\/p>\n<p>&nbsp;<\/p>\n<p>Wymiary:<\/p>\n<p>Wysoko\u015b\u0107 (h): 11 mm<\/p>\n<p>Szeroko\u015b\u0107 : 25 mm<\/p>\n<p>Odleg\u0142o\u015b\u0107 mi\u0119dzy otworami (a): 34 mm<\/p>\n<p>&nbsp;<\/p>\n<div id=\"kompatybilne\">\n<p><strong>Kompatybilne akcesoria monta\u017cowe:<\/strong><\/p>\n<p>Prowadnica 11&#215;34\u00a0\u2013 pasuj\u0105 do niej\u00a0oczka 27&#215;8\u00a0i\u00a0pasek celny 15&#215;3. Do zapinania pasuje\u00a0pasek z zapink\u0105 27&#215;8. Aby trwale przytwierdzi\u0107 prowadnic\u0119 do materia\u0142u niezb\u0119dna b\u0119dzie r\u00f3wnie\u017c\u00a0podk\u0142adka 34\u00a0i\u00a0nity aluminiowe.<\/p>\n<\/div>","protected":false},"excerpt":{"rendered":"<p>Prowadnica s\u0142u\u017cy do mocowania konstrukcji plandekowych (np. przy samochodach ci\u0119\u017carowych). Zosta\u0142a wykonana ze stali ocynkowanej (odporna na rdzewienie). &nbsp; Wymiary: Wysoko\u015b\u0107 (h): 11 mm Szeroko\u015b\u0107 : 25 mm Odleg\u0142o\u015b\u0107 mi\u0119dzy otworami (a): 34 mm &nbsp; Kompatybilne akcesoria monta\u017cowe: Prowadnica 11&#215;34\u00a0\u2013 pasuj\u0105 do niej\u00a0oczka 27&#215;8\u00a0i\u00a0pasek celny 15&#215;3. Do zapinania pasuje\u00a0pasek z zapink\u0105 27&#215;8. Aby trwale przytwierdzi\u0107 [&hellip;]<\/p>\n","protected":false},"featured_media":6366,"template":"","meta":{"_acf_changed":false},"product_cat":[589],"product_tag":[],"class_list":{"0":"post-6380","1":"product","2":"type-product","3":"status-publish","4":"has-post-thumbnail","6":"product_cat-chwytki-i-prowadnice","8":"first","9":"instock","10":"taxable","11":"shipping-taxable","12":"purchasable","13":"product-type-variable","swatches":"rey-swatches","show_selected":""},"acf":[],"_links":{"self":[{"href":"https:\/\/sakoplan.pl\/en\/wp-json\/wp\/v2\/product\/6380","targetHints":{"allow":["GET"]}}],"collection":[{"href":"https:\/\/sakoplan.pl\/en\/wp-json\/wp\/v2\/product"}],"about":[{"href":"https:\/\/sakoplan.pl\/en\/wp-json\/wp\/v2\/types\/product"}],"version-history":[{"count":0,"href":"https:\/\/sakoplan.pl\/en\/wp-json\/wp\/v2\/product\/6380\/revisions"}],"wp:featuredmedia":[{"embeddable":true,"href":"https:\/\/sakoplan.pl\/en\/wp-json\/wp\/v2\/media\/6366"}],"wp:attachment":[{"href":"https:\/\/sakoplan.pl\/en\/wp-json\/wp\/v2\/media?parent=6380"}],"wp:term":[{"taxonomy":"product_cat","embeddable":true,"href":"https:\/\/sakoplan.pl\/en\/wp-json\/wp\/v2\/product_cat?post=6380"},{"taxonomy":"product_tag","embeddable":true,"href":"https:\/\/sakoplan.pl\/en\/wp-json\/wp\/v2\/product_tag?post=6380"}],"curies":[{"name":"wp","href":"https:\/\/api.w.org\/{rel}","templated":true}]}}