{"id":6368,"date":"2025-11-17T16:59:53","date_gmt":"2025-11-17T16:59:53","guid":{"rendered":"https:\/\/sakoplan.pl\/?post_type=product&#038;p=6368"},"modified":"2025-11-17T17:01:14","modified_gmt":"2025-11-17T17:01:14","slug":"prowadnica-h25","status":"publish","type":"product","link":"https:\/\/sakoplan.pl\/en\/product\/prowadnica-h25\/","title":{"rendered":"Prowadnica h25"},"content":{"rendered":"<p>Prowadnica s\u0142u\u017cy do mocowania konstrukcji plandekowych (np. przy samochodach ci\u0119\u017carowych). Wykonana ze stali ocynkowanej, kszta\u0142t prowadnicy \u2013 prostok\u0105tny.<\/p>\n<p>&nbsp;<\/p>\n<p>Wymiary:<\/p>\n<p>Wysoko\u015b\u0107 (h): 25 mm<\/p>\n<p>Szeroko\u015b\u0107 : 36 mm<\/p>\n<p>Odleg\u0142o\u015b\u0107 mi\u0119dzy otworami (a): 51 mm<\/p>\n<p>&nbsp;<\/p>\n<div id=\"kompatybilne\">\n<p><strong>Kompatybilne akcesoria monta\u017cowe:<\/strong><\/p>\n<p>Prowadnica H25\u00a0\u2013 pasuj\u0105 do niej\u00a0oczka\u00a0\u00a040\u00a0i\u00a0pasek celny 24&#215;3. Do zapi\u0119cia mo\u017cna u\u017cy\u0107 jednej z opcji:\u00a0pasek z p\u00f3\u0142k\u00f3\u0142kiem\u00a0(dost\u0119pnym w rozmiarach 300, 400, 500mm) lub\u00a0pasek ze sprz\u0105czk\u0105\u00a0(o wymiarach 200, 250, 300, 350, 400, 500mm). Aby trwale przytwierdzi\u0107 prowadnic\u0119 do materia\u0142u niezb\u0119dna b\u0119dzie r\u00f3wnie\u017c\u00a0podk\u0142adka 51\u00a0i\u00a0nity aluminiowe.<\/p>\n<\/div>","protected":false},"excerpt":{"rendered":"<p>Prowadnica s\u0142u\u017cy do mocowania konstrukcji plandekowych (np. przy samochodach ci\u0119\u017carowych). Wykonana ze stali ocynkowanej, kszta\u0142t prowadnicy \u2013 prostok\u0105tny. &nbsp; Wymiary: Wysoko\u015b\u0107 (h): 25 mm Szeroko\u015b\u0107 : 36 mm Odleg\u0142o\u015b\u0107 mi\u0119dzy otworami (a): 51 mm &nbsp; Kompatybilne akcesoria monta\u017cowe: Prowadnica H25\u00a0\u2013 pasuj\u0105 do niej\u00a0oczka\u00a0\u00a040\u00a0i\u00a0pasek celny 24&#215;3. Do zapi\u0119cia mo\u017cna u\u017cy\u0107 jednej z opcji:\u00a0pasek z p\u00f3\u0142k\u00f3\u0142kiem\u00a0(dost\u0119pnym w [&hellip;]<\/p>\n","protected":false},"featured_media":6366,"template":"","meta":{"_acf_changed":false},"product_cat":[589],"product_tag":[],"class_list":{"0":"post-6368","1":"product","2":"type-product","3":"status-publish","4":"has-post-thumbnail","6":"product_cat-chwytki-i-prowadnice","8":"first","9":"instock","10":"taxable","11":"shipping-taxable","12":"purchasable","13":"product-type-variable","swatches":"rey-swatches","show_selected":""},"acf":[],"_links":{"self":[{"href":"https:\/\/sakoplan.pl\/en\/wp-json\/wp\/v2\/product\/6368","targetHints":{"allow":["GET"]}}],"collection":[{"href":"https:\/\/sakoplan.pl\/en\/wp-json\/wp\/v2\/product"}],"about":[{"href":"https:\/\/sakoplan.pl\/en\/wp-json\/wp\/v2\/types\/product"}],"version-history":[{"count":0,"href":"https:\/\/sakoplan.pl\/en\/wp-json\/wp\/v2\/product\/6368\/revisions"}],"wp:featuredmedia":[{"embeddable":true,"href":"https:\/\/sakoplan.pl\/en\/wp-json\/wp\/v2\/media\/6366"}],"wp:attachment":[{"href":"https:\/\/sakoplan.pl\/en\/wp-json\/wp\/v2\/media?parent=6368"}],"wp:term":[{"taxonomy":"product_cat","embeddable":true,"href":"https:\/\/sakoplan.pl\/en\/wp-json\/wp\/v2\/product_cat?post=6368"},{"taxonomy":"product_tag","embeddable":true,"href":"https:\/\/sakoplan.pl\/en\/wp-json\/wp\/v2\/product_tag?post=6368"}],"curies":[{"name":"wp","href":"https:\/\/api.w.org\/{rel}","templated":true}]}}