{"id":6320,"date":"2025-11-17T16:20:35","date_gmt":"2025-11-17T16:20:35","guid":{"rendered":"https:\/\/sakoplan.pl\/?post_type=product&#038;p=6320"},"modified":"2025-11-17T16:23:14","modified_gmt":"2025-11-17T16:23:14","slug":"chwytka-h22-na-szesciokacie","status":"publish","type":"product","link":"https:\/\/sakoplan.pl\/en\/product\/chwytka-h22-na-szesciokacie\/","title":{"rendered":"Chwytka h22 na sze\u015bciok\u0105cie"},"content":{"rendered":"<p>Chwytka naburtowa o podstawie sze\u015bciok\u0105ta pozwala na stabilny monta\u017c konstrukcji mocuj\u0105cej plandeki.<\/p>\n<p>&nbsp;<\/p>\n<p>Wysoko\u015b\u0107 wewn. oczka\u00a0:<\/p>\n<p>22 mm<\/p>\n<p>szeroko\u015b\u0107 zewn. : 24 mm<\/p>\n<p>rozstaw otwor\u00f3w : 40 mm<\/p>\n<p>&nbsp;<\/p>\n<p>Zastosowanie:<\/p>\n<p>mocowanie pas\u00f3w plandekowych<\/p>\n<p>&nbsp;<\/p>\n<div id=\"kompatybilne\">\n<p><strong>Kompatybilne akcesoria monta\u017cowe:<\/strong><\/p>\n<p>Chwytka H22 na sze\u015bciok\u0105cie\u00a0&#8211; odpowiednie do niej b\u0119d\u0105\u00a0oczka 38&#215;8,\u00a0oczka 40&#215;10,\u00a0oczka 42&#215;22\u00a0lub\u00a0oczka 40. Mo\u017cna dobra\u0107 do niej r\u00f3wnie\u017c\u00a0pasek celny 15&#215;3\u00a0i\u00a0link\u0119 celn\u0105 6\u00a0lub\u00a0link\u0119 celn\u0105 8. Aby trwale przytwierdzi\u0107 prowadnic\u0119 do materia\u0142u niezb\u0119dna b\u0119dzie r\u00f3wnie\u017c\u00a0podk\u0142adka 0\u00a0i\u00a0nity aluminiowe.<\/p>\n<\/div>","protected":false},"excerpt":{"rendered":"<p>Chwytka naburtowa o podstawie sze\u015bciok\u0105ta pozwala na stabilny monta\u017c konstrukcji mocuj\u0105cej plandeki. &nbsp; Wysoko\u015b\u0107 wewn. oczka\u00a0: 22 mm szeroko\u015b\u0107 zewn. : 24 mm rozstaw otwor\u00f3w : 40 mm &nbsp; Zastosowanie: mocowanie pas\u00f3w plandekowych &nbsp; Kompatybilne akcesoria monta\u017cowe: Chwytka H22 na sze\u015bciok\u0105cie\u00a0&#8211; odpowiednie do niej b\u0119d\u0105\u00a0oczka 38&#215;8,\u00a0oczka 40&#215;10,\u00a0oczka 42&#215;22\u00a0lub\u00a0oczka 40. Mo\u017cna dobra\u0107 do niej r\u00f3wnie\u017c\u00a0pasek celny [&hellip;]<\/p>\n","protected":false},"featured_media":6323,"template":"","meta":{"_acf_changed":false},"product_cat":[589],"product_tag":[],"class_list":{"0":"post-6320","1":"product","2":"type-product","3":"status-publish","4":"has-post-thumbnail","6":"product_cat-chwytki-i-prowadnice","8":"first","9":"instock","10":"taxable","11":"shipping-taxable","12":"purchasable","13":"product-type-variable","swatches":"rey-swatches","show_selected":""},"acf":[],"_links":{"self":[{"href":"https:\/\/sakoplan.pl\/en\/wp-json\/wp\/v2\/product\/6320","targetHints":{"allow":["GET"]}}],"collection":[{"href":"https:\/\/sakoplan.pl\/en\/wp-json\/wp\/v2\/product"}],"about":[{"href":"https:\/\/sakoplan.pl\/en\/wp-json\/wp\/v2\/types\/product"}],"version-history":[{"count":0,"href":"https:\/\/sakoplan.pl\/en\/wp-json\/wp\/v2\/product\/6320\/revisions"}],"wp:featuredmedia":[{"embeddable":true,"href":"https:\/\/sakoplan.pl\/en\/wp-json\/wp\/v2\/media\/6323"}],"wp:attachment":[{"href":"https:\/\/sakoplan.pl\/en\/wp-json\/wp\/v2\/media?parent=6320"}],"wp:term":[{"taxonomy":"product_cat","embeddable":true,"href":"https:\/\/sakoplan.pl\/en\/wp-json\/wp\/v2\/product_cat?post=6320"},{"taxonomy":"product_tag","embeddable":true,"href":"https:\/\/sakoplan.pl\/en\/wp-json\/wp\/v2\/product_tag?post=6320"}],"curies":[{"name":"wp","href":"https:\/\/api.w.org\/{rel}","templated":true}]}}