{"id":6316,"date":"2025-11-17T16:17:02","date_gmt":"2025-11-17T16:17:02","guid":{"rendered":"https:\/\/sakoplan.pl\/?post_type=product&#038;p=6316"},"modified":"2025-11-17T16:20:14","modified_gmt":"2025-11-17T16:20:14","slug":"chwytka-h30-na-kwadracie","status":"publish","type":"product","link":"https:\/\/sakoplan.pl\/en\/product\/chwytka-h30-na-kwadracie\/","title":{"rendered":"Chwytka h30 na kwadracie"},"content":{"rendered":"<p>Chwytka naburtowa na kwadracie umo\u017cliwia mocowanie pas\u00f3w plandekowych i linek celnych. Pozwala na solidne zabezpieczenie plandeki.<\/p>\n<p>&nbsp;<\/p>\n<p>Wysoko\u015b\u0107 ca\u0142kowita:<\/p>\n<p>36 mm, wewn. 30 mm<\/p>\n<p>&nbsp;<\/p>\n<p>Zastosowanie:<\/p>\n<p>mocowanie pas\u00f3w plandekowych<\/p>\n<p>&nbsp;<\/p>\n<div id=\"kompatybilne\">\n<p><strong>Kompatybilne akcesoria monta\u017cowe:<\/strong><\/p>\n<p>Chwytka H30 na kwadracie &#8211; odpowiednie do niej b\u0119d\u0105 oczka 38&#215;8, oczka 40&#215;10, oczka 42&#215;22 lub oczka 40. Mo\u017cna dobra\u0107 do niej r\u00f3wnie\u017c pasek celny 15&#215;3 i link\u0119 celn\u0105 6 lub link\u0119 celn\u0105 8. Aby trwale przytwierdzi\u0107 prowadnic\u0119 do materia\u0142u niezb\u0119dna b\u0119dzie r\u00f3wnie\u017c podk\u0142adka 34 i nity aluminiowe.<\/p>\n<\/div>","protected":false},"excerpt":{"rendered":"<p>Chwytka naburtowa na kwadracie umo\u017cliwia mocowanie pas\u00f3w plandekowych i linek celnych. Pozwala na solidne zabezpieczenie plandeki. &nbsp; Wysoko\u015b\u0107 ca\u0142kowita: 36 mm, wewn. 30 mm &nbsp; Zastosowanie: mocowanie pas\u00f3w plandekowych &nbsp; Kompatybilne akcesoria monta\u017cowe: Chwytka H30 na kwadracie &#8211; odpowiednie do niej b\u0119d\u0105 oczka 38&#215;8, oczka 40&#215;10, oczka 42&#215;22 lub oczka 40. Mo\u017cna dobra\u0107 do niej [&hellip;]<\/p>\n","protected":false},"featured_media":6314,"template":"","meta":{"_acf_changed":false},"product_cat":[589],"product_tag":[],"class_list":{"0":"post-6316","1":"product","2":"type-product","3":"status-publish","4":"has-post-thumbnail","6":"product_cat-chwytki-i-prowadnice","8":"first","9":"instock","10":"taxable","11":"shipping-taxable","12":"purchasable","13":"product-type-variable","swatches":"rey-swatches","show_selected":""},"acf":[],"_links":{"self":[{"href":"https:\/\/sakoplan.pl\/en\/wp-json\/wp\/v2\/product\/6316","targetHints":{"allow":["GET"]}}],"collection":[{"href":"https:\/\/sakoplan.pl\/en\/wp-json\/wp\/v2\/product"}],"about":[{"href":"https:\/\/sakoplan.pl\/en\/wp-json\/wp\/v2\/types\/product"}],"version-history":[{"count":0,"href":"https:\/\/sakoplan.pl\/en\/wp-json\/wp\/v2\/product\/6316\/revisions"}],"wp:featuredmedia":[{"embeddable":true,"href":"https:\/\/sakoplan.pl\/en\/wp-json\/wp\/v2\/media\/6314"}],"wp:attachment":[{"href":"https:\/\/sakoplan.pl\/en\/wp-json\/wp\/v2\/media?parent=6316"}],"wp:term":[{"taxonomy":"product_cat","embeddable":true,"href":"https:\/\/sakoplan.pl\/en\/wp-json\/wp\/v2\/product_cat?post=6316"},{"taxonomy":"product_tag","embeddable":true,"href":"https:\/\/sakoplan.pl\/en\/wp-json\/wp\/v2\/product_tag?post=6316"}],"curies":[{"name":"wp","href":"https:\/\/api.w.org\/{rel}","templated":true}]}}