{"id":6224,"date":"2025-11-17T15:21:42","date_gmt":"2025-11-17T15:21:42","guid":{"rendered":"https:\/\/sakoplan.pl\/?post_type=product&#038;p=6224"},"modified":"2025-11-17T15:22:57","modified_gmt":"2025-11-17T15:22:57","slug":"wycinak-prostokatny-38x8","status":"publish","type":"product","link":"https:\/\/sakoplan.pl\/en\/product\/wycinak-prostokatny-38x8\/","title":{"rendered":"Wycinak prostok\u0105tny 38&#215;8"},"content":{"rendered":"<p>Wysokiej jako\u015bci wycinak prostok\u0105tny do plandek. Przy zakupie wycinaka prosimy pami\u0119ta\u0107 o dob\u00f3r odpowiednich wymiar\u00f3w, pasuj\u0105cych do oczek.<\/p>\n<p>&nbsp;<\/p>\n<p>Dane techniczne:<\/p>\n<p>materia\u0142: stal ocynkowana<br \/>\nwymiar roboczy: 38&#215;8 mm<\/p>\n<p>&nbsp;<\/p>\n<p>Do zakucia wymagane s\u0105 r\u00f3wnie\u017c:<\/p>\n<p>oczka 38&#215;8\u00a0mm &#8211; oczka pasuj\u0105ce do wycinaka<br \/>\np\u0142yta do zakuwania &#8211; zapewnia odpowiednie pod\u0142o\u017ce, chroni ostrze przed zniszczeniem<br \/>\nm\u0142otek &#8211; chroni narz\u0119dzia przed zu\u017cyciem<\/p>","protected":false},"excerpt":{"rendered":"<p>Wysokiej jako\u015bci wycinak prostok\u0105tny do plandek. Przy zakupie wycinaka prosimy pami\u0119ta\u0107 o dob\u00f3r odpowiednich wymiar\u00f3w, pasuj\u0105cych do oczek. &nbsp; Dane techniczne: materia\u0142: stal ocynkowana wymiar roboczy: 38&#215;8 mm &nbsp; Do zakucia wymagane s\u0105 r\u00f3wnie\u017c: oczka 38&#215;8\u00a0mm &#8211; oczka pasuj\u0105ce do wycinaka p\u0142yta do zakuwania &#8211; zapewnia odpowiednie pod\u0142o\u017ce, chroni ostrze przed zniszczeniem m\u0142otek &#8211; chroni [&hellip;]<\/p>\n","protected":false},"featured_media":6226,"template":"","meta":{"_acf_changed":false},"product_cat":[588],"product_tag":[],"class_list":{"0":"post-6224","1":"product","2":"type-product","3":"status-publish","4":"has-post-thumbnail","6":"product_cat-zakuwaki-i-wycinaki","8":"first","9":"instock","10":"taxable","11":"shipping-taxable","12":"purchasable","13":"product-type-simple","swatches":"rey-swatches","show_selected":""},"acf":[],"_links":{"self":[{"href":"https:\/\/sakoplan.pl\/en\/wp-json\/wp\/v2\/product\/6224","targetHints":{"allow":["GET"]}}],"collection":[{"href":"https:\/\/sakoplan.pl\/en\/wp-json\/wp\/v2\/product"}],"about":[{"href":"https:\/\/sakoplan.pl\/en\/wp-json\/wp\/v2\/types\/product"}],"version-history":[{"count":0,"href":"https:\/\/sakoplan.pl\/en\/wp-json\/wp\/v2\/product\/6224\/revisions"}],"wp:featuredmedia":[{"embeddable":true,"href":"https:\/\/sakoplan.pl\/en\/wp-json\/wp\/v2\/media\/6226"}],"wp:attachment":[{"href":"https:\/\/sakoplan.pl\/en\/wp-json\/wp\/v2\/media?parent=6224"}],"wp:term":[{"taxonomy":"product_cat","embeddable":true,"href":"https:\/\/sakoplan.pl\/en\/wp-json\/wp\/v2\/product_cat?post=6224"},{"taxonomy":"product_tag","embeddable":true,"href":"https:\/\/sakoplan.pl\/en\/wp-json\/wp\/v2\/product_tag?post=6224"}],"curies":[{"name":"wp","href":"https:\/\/api.w.org\/{rel}","templated":true}]}}