{"id":6207,"date":"2025-11-17T14:50:18","date_gmt":"2025-11-17T14:50:18","guid":{"rendered":"https:\/\/sakoplan.pl\/?post_type=product&#038;p=6207"},"modified":"2025-11-17T15:16:18","modified_gmt":"2025-11-17T15:16:18","slug":"wycinak-okragly-do-otworow-rozne-rozmiary-%cf%95-10-12-16-20-25-40-mm","status":"publish","type":"product","link":"https:\/\/sakoplan.pl\/en\/product\/wycinak-okragly-do-otworow-rozne-rozmiary-%cf%95-10-12-16-20-25-40-mm\/","title":{"rendered":"Wycinak okr\u0105g\u0142y do otwor\u00f3w &#8211; r\u00f3\u017cne rozmiary \u03d5 10, 12, 16, 20, 25, 40 mm"},"content":{"rendered":"<p>Wycinak r\u0119czny okr\u0105g\u0142y do plandek, do przygotowania otwor\u00f3w pod oczka. Wycinak s\u0142u\u017cy do r\u0119cznego\u00a0wykonywania\u00a0za pomoc\u0105 m\u0142otka otwor\u00f3w w materia\u0142ach mi\u0119kkich (materia\u0142y plandekowy, guma, poliester itp&#8230;)<\/p>\n<p>Oferujemy r\u00f3\u017cne kszta\u0142ty i rozmiary wycinak\u00f3w.<\/p>\n<p>&nbsp;<\/p>\n<p>Zastosowanie:<\/p>\n<p>wycinanie otwor\u00f3w pod oczka<\/p>\n<p>&nbsp;<\/p>\n<p>Dane techniczne:<\/p>\n<p>materia\u0142: stal ocynkowana<br \/>\nwymiar roboczy: 10, 12, 16, 20, 25, 40 mm<\/p>\n<p>&nbsp;<\/p>\n<p>Do zakucia wymagane s\u0105 r\u00f3wnie\u017c:<\/p>\n<p>oczka pasuj\u0105ce do wycinaka<br \/>\np\u0142yta do zakuwania &#8211; zapewnia odpowiednie pod\u0142o\u017ce, chroni ostrze przed zniszczeniem<br \/>\nm\u0142otek &#8211; chroni narz\u0119dzia przed zu\u017cyciem<\/p>","protected":false},"excerpt":{"rendered":"<p>Wycinak r\u0119czny okr\u0105g\u0142y do plandek, do przygotowania otwor\u00f3w pod oczka. Wycinak s\u0142u\u017cy do r\u0119cznego\u00a0wykonywania\u00a0za pomoc\u0105 m\u0142otka otwor\u00f3w w materia\u0142ach mi\u0119kkich (materia\u0142y plandekowy, guma, poliester itp&#8230;) Oferujemy r\u00f3\u017cne kszta\u0142ty i rozmiary wycinak\u00f3w. &nbsp; Zastosowanie: wycinanie otwor\u00f3w pod oczka &nbsp; Dane techniczne: materia\u0142: stal ocynkowana wymiar roboczy: 10, 12, 16, 20, 25, 40 mm &nbsp; Do zakucia [&hellip;]<\/p>\n","protected":false},"featured_media":6208,"template":"","meta":{"_acf_changed":false},"product_cat":[588],"product_tag":[],"class_list":{"0":"post-6207","1":"product","2":"type-product","3":"status-publish","4":"has-post-thumbnail","6":"product_cat-zakuwaki-i-wycinaki","8":"first","9":"instock","10":"taxable","11":"shipping-taxable","12":"purchasable","13":"product-type-variable","swatches":"rey-swatches","show_selected":""},"acf":[],"_links":{"self":[{"href":"https:\/\/sakoplan.pl\/en\/wp-json\/wp\/v2\/product\/6207","targetHints":{"allow":["GET"]}}],"collection":[{"href":"https:\/\/sakoplan.pl\/en\/wp-json\/wp\/v2\/product"}],"about":[{"href":"https:\/\/sakoplan.pl\/en\/wp-json\/wp\/v2\/types\/product"}],"version-history":[{"count":0,"href":"https:\/\/sakoplan.pl\/en\/wp-json\/wp\/v2\/product\/6207\/revisions"}],"wp:featuredmedia":[{"embeddable":true,"href":"https:\/\/sakoplan.pl\/en\/wp-json\/wp\/v2\/media\/6208"}],"wp:attachment":[{"href":"https:\/\/sakoplan.pl\/en\/wp-json\/wp\/v2\/media?parent=6207"}],"wp:term":[{"taxonomy":"product_cat","embeddable":true,"href":"https:\/\/sakoplan.pl\/en\/wp-json\/wp\/v2\/product_cat?post=6207"},{"taxonomy":"product_tag","embeddable":true,"href":"https:\/\/sakoplan.pl\/en\/wp-json\/wp\/v2\/product_tag?post=6207"}],"curies":[{"name":"wp","href":"https:\/\/api.w.org\/{rel}","templated":true}]}}