{"id":6204,"date":"2025-11-17T14:47:18","date_gmt":"2025-11-17T14:47:18","guid":{"rendered":"https:\/\/sakoplan.pl\/?post_type=product&#038;p=6204"},"modified":"2025-11-17T14:48:16","modified_gmt":"2025-11-17T14:48:16","slug":"mlotek-do-zakuwakow","status":"publish","type":"product","link":"https:\/\/sakoplan.pl\/en\/product\/mlotek-do-zakuwakow\/","title":{"rendered":"M\u0142otek do zakuwak\u00f3w"},"content":{"rendered":"<p>M\u0142otek specjalistyczny do wycinak\u00f3w i zakuwak\u00f3w. U\u0142atwia i przyspiesza prac\u0119. Jest uniwersalny, mo\u017ce by\u0107 wykorzystany do wszystkich oferowanych przez nas zakuwak\u00f3w i wycinak\u00f3w.<\/p>","protected":false},"excerpt":{"rendered":"<p>M\u0142otek specjalistyczny do wycinak\u00f3w i zakuwak\u00f3w. U\u0142atwia i przyspiesza prac\u0119. Jest uniwersalny, mo\u017ce by\u0107 wykorzystany do wszystkich oferowanych przez nas zakuwak\u00f3w i wycinak\u00f3w.<\/p>","protected":false},"featured_media":6205,"template":"","meta":{"_acf_changed":false},"product_cat":[588],"product_tag":[],"class_list":{"0":"post-6204","1":"product","2":"type-product","3":"status-publish","4":"has-post-thumbnail","6":"product_cat-zakuwaki-i-wycinaki","8":"first","9":"instock","10":"taxable","11":"shipping-taxable","12":"purchasable","13":"product-type-simple","swatches":"rey-swatches","show_selected":""},"acf":[],"_links":{"self":[{"href":"https:\/\/sakoplan.pl\/en\/wp-json\/wp\/v2\/product\/6204","targetHints":{"allow":["GET"]}}],"collection":[{"href":"https:\/\/sakoplan.pl\/en\/wp-json\/wp\/v2\/product"}],"about":[{"href":"https:\/\/sakoplan.pl\/en\/wp-json\/wp\/v2\/types\/product"}],"version-history":[{"count":0,"href":"https:\/\/sakoplan.pl\/en\/wp-json\/wp\/v2\/product\/6204\/revisions"}],"wp:featuredmedia":[{"embeddable":true,"href":"https:\/\/sakoplan.pl\/en\/wp-json\/wp\/v2\/media\/6205"}],"wp:attachment":[{"href":"https:\/\/sakoplan.pl\/en\/wp-json\/wp\/v2\/media?parent=6204"}],"wp:term":[{"taxonomy":"product_cat","embeddable":true,"href":"https:\/\/sakoplan.pl\/en\/wp-json\/wp\/v2\/product_cat?post=6204"},{"taxonomy":"product_tag","embeddable":true,"href":"https:\/\/sakoplan.pl\/en\/wp-json\/wp\/v2\/product_tag?post=6204"}],"curies":[{"name":"wp","href":"https:\/\/api.w.org\/{rel}","templated":true}]}}