{"id":6201,"date":"2025-11-17T14:42:51","date_gmt":"2025-11-17T14:42:51","guid":{"rendered":"https:\/\/sakoplan.pl\/?post_type=product&#038;p=6201"},"modified":"2025-11-17T14:44:05","modified_gmt":"2025-11-17T14:44:05","slug":"zakuwak-owalny-42x22","status":"publish","type":"product","link":"https:\/\/sakoplan.pl\/en\/product\/zakuwak-owalny-42x22\/","title":{"rendered":"Zakuwak owalny 42&#215;22"},"content":{"rendered":"<p>Zastosowanie:<\/p>\n<p>zakuwanie oczek owalnych 42x22mm<\/p>\n<p>&nbsp;<\/p>\n<p>Dane techniczne:<\/p>\n<p>materia\u0142: stal ocynkowana<br \/>\nwymiar roboczy: 42x22mm<\/p>\n<p>&nbsp;<\/p>\n<p>Do zakucia wymagane s\u0105 r\u00f3wnie\u017c:<\/p>\n<p>oczka 42x22mm &#8211; oczka pasuj\u0105ce do zakuwaka<br \/>\np\u0142yta do zakuwania &#8211; zapewnia odpowiednie pod\u0142o\u017ce<br \/>\nm\u0142otek &#8211; chroni narz\u0119dzia przed zu\u017cyciem<\/p>","protected":false},"excerpt":{"rendered":"<p>Zastosowanie: zakuwanie oczek owalnych 42x22mm &nbsp; Dane techniczne: materia\u0142: stal ocynkowana wymiar roboczy: 42x22mm &nbsp; Do zakucia wymagane s\u0105 r\u00f3wnie\u017c: oczka 42x22mm &#8211; oczka pasuj\u0105ce do zakuwaka p\u0142yta do zakuwania &#8211; zapewnia odpowiednie pod\u0142o\u017ce m\u0142otek &#8211; chroni narz\u0119dzia przed zu\u017cyciem<\/p>","protected":false},"featured_media":6202,"template":"","meta":{"_acf_changed":false},"product_cat":[588],"product_tag":[],"class_list":{"0":"post-6201","1":"product","2":"type-product","3":"status-publish","4":"has-post-thumbnail","6":"product_cat-zakuwaki-i-wycinaki","8":"first","9":"instock","10":"taxable","11":"shipping-taxable","12":"purchasable","13":"product-type-simple","swatches":"rey-swatches","show_selected":""},"acf":[],"_links":{"self":[{"href":"https:\/\/sakoplan.pl\/en\/wp-json\/wp\/v2\/product\/6201","targetHints":{"allow":["GET"]}}],"collection":[{"href":"https:\/\/sakoplan.pl\/en\/wp-json\/wp\/v2\/product"}],"about":[{"href":"https:\/\/sakoplan.pl\/en\/wp-json\/wp\/v2\/types\/product"}],"version-history":[{"count":0,"href":"https:\/\/sakoplan.pl\/en\/wp-json\/wp\/v2\/product\/6201\/revisions"}],"wp:featuredmedia":[{"embeddable":true,"href":"https:\/\/sakoplan.pl\/en\/wp-json\/wp\/v2\/media\/6202"}],"wp:attachment":[{"href":"https:\/\/sakoplan.pl\/en\/wp-json\/wp\/v2\/media?parent=6201"}],"wp:term":[{"taxonomy":"product_cat","embeddable":true,"href":"https:\/\/sakoplan.pl\/en\/wp-json\/wp\/v2\/product_cat?post=6201"},{"taxonomy":"product_tag","embeddable":true,"href":"https:\/\/sakoplan.pl\/en\/wp-json\/wp\/v2\/product_tag?post=6201"}],"curies":[{"name":"wp","href":"https:\/\/api.w.org\/{rel}","templated":true}]}}