{"id":6192,"date":"2025-11-17T14:34:51","date_gmt":"2025-11-17T14:34:51","guid":{"rendered":"https:\/\/sakoplan.pl\/?post_type=product&#038;p=6192"},"modified":"2025-11-17T14:36:34","modified_gmt":"2025-11-17T14:36:34","slug":"zakuwak-owalny-40x10","status":"publish","type":"product","link":"https:\/\/sakoplan.pl\/en\/product\/zakuwak-owalny-40x10\/","title":{"rendered":"Zakuwak owalny 40&#215;10"},"content":{"rendered":"<p>Zakuwak r\u0119czny do plandek \u2013 owalny. Dost\u0119pne r\u00f3\u017cne rozmiary. Przy zakupie zakuwaka, prosimy zwr\u00f3ci\u0107 uwag\u0119, by odpowiada\u0142 on rozmiarom zakuwanym oczkom.<\/p>\n<p>&nbsp;<\/p>\n<p>Zastosowanie:<\/p>\n<p>zakuwanie oczek owalnych\u00a040&#215;10\u00a0mm<\/p>\n<p>&nbsp;<\/p>\n<p>Dane techniczne:<\/p>\n<p>materia\u0142: stal ocynkowana<br \/>\n\u015brednica robocza: 40&#215;10 mm<br \/>\nPrzeznaczenie: zakuwanie oczek prostok\u0105tnych<\/p>\n<p>&nbsp;<\/p>\n<p>Do zakucia wymagane s\u0105 r\u00f3wnie\u017c:<\/p>\n<p>oczka owalne\u00a040&#215;10\u00a0mm &#8211; oczka pasuj\u0105ce do zakuwaka<br \/>\np\u0142yta do zakuwania &#8211; zapewnia odpowiednie pod\u0142o\u017ce<br \/>\nm\u0142otek &#8211; chroni narz\u0119dzia przed zu\u017cyciem<\/p>","protected":false},"excerpt":{"rendered":"<p>Zakuwak r\u0119czny do plandek \u2013 owalny. Dost\u0119pne r\u00f3\u017cne rozmiary. Przy zakupie zakuwaka, prosimy zwr\u00f3ci\u0107 uwag\u0119, by odpowiada\u0142 on rozmiarom zakuwanym oczkom. &nbsp; Zastosowanie: zakuwanie oczek owalnych\u00a040&#215;10\u00a0mm &nbsp; Dane techniczne: materia\u0142: stal ocynkowana \u015brednica robocza: 40&#215;10 mm Przeznaczenie: zakuwanie oczek prostok\u0105tnych &nbsp; Do zakucia wymagane s\u0105 r\u00f3wnie\u017c: oczka owalne\u00a040&#215;10\u00a0mm &#8211; oczka pasuj\u0105ce do zakuwaka p\u0142yta do [&hellip;]<\/p>\n","protected":false},"featured_media":6193,"template":"","meta":{"_acf_changed":false},"product_cat":[588],"product_tag":[],"class_list":{"0":"post-6192","1":"product","2":"type-product","3":"status-publish","4":"has-post-thumbnail","6":"product_cat-zakuwaki-i-wycinaki","8":"first","9":"instock","10":"taxable","11":"shipping-taxable","12":"purchasable","13":"product-type-simple","swatches":"rey-swatches","show_selected":""},"acf":[],"_links":{"self":[{"href":"https:\/\/sakoplan.pl\/en\/wp-json\/wp\/v2\/product\/6192","targetHints":{"allow":["GET"]}}],"collection":[{"href":"https:\/\/sakoplan.pl\/en\/wp-json\/wp\/v2\/product"}],"about":[{"href":"https:\/\/sakoplan.pl\/en\/wp-json\/wp\/v2\/types\/product"}],"version-history":[{"count":0,"href":"https:\/\/sakoplan.pl\/en\/wp-json\/wp\/v2\/product\/6192\/revisions"}],"wp:featuredmedia":[{"embeddable":true,"href":"https:\/\/sakoplan.pl\/en\/wp-json\/wp\/v2\/media\/6193"}],"wp:attachment":[{"href":"https:\/\/sakoplan.pl\/en\/wp-json\/wp\/v2\/media?parent=6192"}],"wp:term":[{"taxonomy":"product_cat","embeddable":true,"href":"https:\/\/sakoplan.pl\/en\/wp-json\/wp\/v2\/product_cat?post=6192"},{"taxonomy":"product_tag","embeddable":true,"href":"https:\/\/sakoplan.pl\/en\/wp-json\/wp\/v2\/product_tag?post=6192"}],"curies":[{"name":"wp","href":"https:\/\/api.w.org\/{rel}","templated":true}]}}