{"id":6189,"date":"2025-11-17T14:25:41","date_gmt":"2025-11-17T14:25:41","guid":{"rendered":"https:\/\/sakoplan.pl\/?post_type=product&#038;p=6189"},"modified":"2025-11-17T14:37:47","modified_gmt":"2025-11-17T14:37:47","slug":"prostokatny-zakuwak-reczny-do-mocowania-oczek-w-plandekach-w-naszej-ofercie-posiadamy-zakuwaki-prostokatne-w-kilku-rozmiarach","status":"publish","type":"product","link":"https:\/\/sakoplan.pl\/en\/product\/prostokatny-zakuwak-reczny-do-mocowania-oczek-w-plandekach-w-naszej-ofercie-posiadamy-zakuwaki-prostokatne-w-kilku-rozmiarach\/","title":{"rendered":"Zakuwak prostok\u0105tny 38&#215;8"},"content":{"rendered":"<p>Prostok\u0105tny zakuwak r\u0119czny do mocowania oczek w plandekach. W naszej ofercie posiadamy zakuwaki prostok\u0105tne w kilku rozmiarach.<\/p>\n<p>&nbsp;<\/p>\n<p>Zastosowanie:<\/p>\n<p>zakuwanie oczek prostok\u0105tnych\u00a038&#215;8 mm<\/p>\n<p>&nbsp;<\/p>\n<p>Dane techniczne:<\/p>\n<p>materia\u0142: stal ocynkowana<br \/>\n\u015brednica robocza: 38&#215;8\u00a0mm<br \/>\nPrzeznaczenie: zakuwanie oczek prostok\u0105tnych<\/p>\n<p>&nbsp;<\/p>\n<p>Do zakucia wymagane s\u0105 r\u00f3wnie\u017c:<\/p>\n<p>oczka prostok\u0105tne\u00a038&#215;8 mm &#8211; oczka pasuj\u0105ce do zakuwaka<br \/>\np\u0142yta do zakuwania &#8211; zapewnia odpowiednie pod\u0142o\u017ce<br \/>\nm\u0142otek &#8211; chroni narz\u0119dzia przed zu\u017cyciem<\/p>","protected":false},"excerpt":{"rendered":"<p>Prostok\u0105tny zakuwak r\u0119czny do mocowania oczek w plandekach. W naszej ofercie posiadamy zakuwaki prostok\u0105tne w kilku rozmiarach. &nbsp; Zastosowanie: zakuwanie oczek prostok\u0105tnych\u00a038&#215;8 mm &nbsp; Dane techniczne: materia\u0142: stal ocynkowana \u015brednica robocza: 38&#215;8\u00a0mm Przeznaczenie: zakuwanie oczek prostok\u0105tnych &nbsp; Do zakucia wymagane s\u0105 r\u00f3wnie\u017c: oczka prostok\u0105tne\u00a038&#215;8 mm &#8211; oczka pasuj\u0105ce do zakuwaka p\u0142yta do zakuwania &#8211; zapewnia [&hellip;]<\/p>\n","protected":false},"featured_media":6187,"template":"","meta":{"_acf_changed":false},"product_cat":[588],"product_tag":[],"class_list":{"0":"post-6189","1":"product","2":"type-product","3":"status-publish","4":"has-post-thumbnail","6":"product_cat-zakuwaki-i-wycinaki","8":"first","9":"instock","10":"taxable","11":"shipping-taxable","12":"purchasable","13":"product-type-simple","swatches":"rey-swatches","show_selected":""},"acf":[],"_links":{"self":[{"href":"https:\/\/sakoplan.pl\/en\/wp-json\/wp\/v2\/product\/6189","targetHints":{"allow":["GET"]}}],"collection":[{"href":"https:\/\/sakoplan.pl\/en\/wp-json\/wp\/v2\/product"}],"about":[{"href":"https:\/\/sakoplan.pl\/en\/wp-json\/wp\/v2\/types\/product"}],"version-history":[{"count":0,"href":"https:\/\/sakoplan.pl\/en\/wp-json\/wp\/v2\/product\/6189\/revisions"}],"wp:featuredmedia":[{"embeddable":true,"href":"https:\/\/sakoplan.pl\/en\/wp-json\/wp\/v2\/media\/6187"}],"wp:attachment":[{"href":"https:\/\/sakoplan.pl\/en\/wp-json\/wp\/v2\/media?parent=6189"}],"wp:term":[{"taxonomy":"product_cat","embeddable":true,"href":"https:\/\/sakoplan.pl\/en\/wp-json\/wp\/v2\/product_cat?post=6189"},{"taxonomy":"product_tag","embeddable":true,"href":"https:\/\/sakoplan.pl\/en\/wp-json\/wp\/v2\/product_tag?post=6189"}],"curies":[{"name":"wp","href":"https:\/\/api.w.org\/{rel}","templated":true}]}}