{"id":6167,"date":"2025-11-17T13:38:14","date_gmt":"2025-11-17T13:38:14","guid":{"rendered":"https:\/\/sakoplan.pl\/?post_type=product&#038;p=6167"},"modified":"2025-11-17T13:40:58","modified_gmt":"2025-11-17T13:40:58","slug":"oczka-owalne-ocynkowane-40x10","status":"publish","type":"product","link":"https:\/\/sakoplan.pl\/en\/product\/oczka-owalne-ocynkowane-40x10\/","title":{"rendered":"Oczka owalne ocynkowane 40&#215;10"},"content":{"rendered":"<p>Oczka prostok\u0105tne do plandek s\u0142u\u017c\u0105 do prostego mocowania baner\u00f3w reklamowych, plandek namiotowych, itp. Ich zalet\u0105 s\u0105 mo\u017cliwo\u015b\u0107 szybkiego monta\u017cu i niskie koszty wykonania.<\/p>\n<p>&nbsp;<\/p>\n<p>Oczko sk\u0142ada si\u0119 z 2 element\u00f3w zak\u0142adanych z obu stron tkaniny w dopasowanym otworze. Zapewnia trwa\u0142e, mocne i nieroz\u0142\u0105czne zabezpieczenie otworu plandece. Oczka w komplecie z podk\u0142adkami.<\/p>\n<p>Do zakucia oczka wymagane s\u0105 narz\u0119dzia:<\/p>\n<p>wycinak &#8211; do wykonania otworu w materiale<br \/>\nzakuwak &#8211; do zakucia oczka<br \/>\np\u0142yta do zakuwania &#8211; zapewnia odpowiednie pod\u0142o\u017ce<br \/>\nm\u0142otek &#8211; chroni narz\u0119dzia przed zu\u017cyciem<\/p>\n<p>Zastosowanie:<br \/>\nplandeki<\/p>\n<p>Dane techniczne:<br \/>\nMateria\u0142: stal ocynkowana<br \/>\nWymiary: d &#8211; 40 mm, D &#8211; 60,5 mm, h &#8211; 8,7 mm, b &#8211; 10 mm<\/p>","protected":false},"excerpt":{"rendered":"<p>Oczka prostok\u0105tne do plandek s\u0142u\u017c\u0105 do prostego mocowania baner\u00f3w reklamowych, plandek namiotowych, itp. Ich zalet\u0105 s\u0105 mo\u017cliwo\u015b\u0107 szybkiego monta\u017cu i niskie koszty wykonania. &nbsp; Oczko sk\u0142ada si\u0119 z 2 element\u00f3w zak\u0142adanych z obu stron tkaniny w dopasowanym otworze. Zapewnia trwa\u0142e, mocne i nieroz\u0142\u0105czne zabezpieczenie otworu plandece. Oczka w komplecie z podk\u0142adkami. Do zakucia oczka wymagane [&hellip;]<\/p>\n","protected":false},"featured_media":6171,"template":"","meta":{"_acf_changed":false},"product_cat":[587],"product_tag":[],"class_list":{"0":"post-6167","1":"product","2":"type-product","3":"status-publish","4":"has-post-thumbnail","6":"product_cat-oczka","8":"first","9":"instock","10":"taxable","11":"shipping-taxable","12":"purchasable","13":"product-type-variable","swatches":"rey-swatches","show_selected":""},"acf":[],"_links":{"self":[{"href":"https:\/\/sakoplan.pl\/en\/wp-json\/wp\/v2\/product\/6167","targetHints":{"allow":["GET"]}}],"collection":[{"href":"https:\/\/sakoplan.pl\/en\/wp-json\/wp\/v2\/product"}],"about":[{"href":"https:\/\/sakoplan.pl\/en\/wp-json\/wp\/v2\/types\/product"}],"version-history":[{"count":0,"href":"https:\/\/sakoplan.pl\/en\/wp-json\/wp\/v2\/product\/6167\/revisions"}],"wp:featuredmedia":[{"embeddable":true,"href":"https:\/\/sakoplan.pl\/en\/wp-json\/wp\/v2\/media\/6171"}],"wp:attachment":[{"href":"https:\/\/sakoplan.pl\/en\/wp-json\/wp\/v2\/media?parent=6167"}],"wp:term":[{"taxonomy":"product_cat","embeddable":true,"href":"https:\/\/sakoplan.pl\/en\/wp-json\/wp\/v2\/product_cat?post=6167"},{"taxonomy":"product_tag","embeddable":true,"href":"https:\/\/sakoplan.pl\/en\/wp-json\/wp\/v2\/product_tag?post=6167"}],"curies":[{"name":"wp","href":"https:\/\/api.w.org\/{rel}","templated":true}]}}