{"id":5956,"date":"2025-11-17T10:50:47","date_gmt":"2025-11-17T10:50:47","guid":{"rendered":"https:\/\/sakoplan.pl\/?post_type=product&#038;p=5956"},"modified":"2025-11-17T11:00:27","modified_gmt":"2025-11-17T11:00:27","slug":"siatka-pvc-m5509-250-g-m2-szer-210-cm","status":"publish","type":"product","link":"https:\/\/sakoplan.pl\/en\/product\/siatka-pvc-m5509-250-g-m2-szer-210-cm\/","title":{"rendered":"Siatka PVC &#8211; M5509, 250 g\/m2, szer. 210 cm"},"content":{"rendered":"<p>Siatki poliestrowe powlekane PVC maj\u0105 r\u00f3\u017cnorakie zastosowania. S\u0105 na tyle uniwersalne, \u017ce mo\u017cna je z powodzeniem stosowa\u0107 do wyrob\u00f3w takich jak:<\/p>\n<p>&#8211; wyroby sportowe,<br \/>\n&#8211; torby,<br \/>\n&#8211; os\u0142ony przed wiatrem i \u015bniegiem,<br \/>\n&#8211; pokrycia basen\u00f3w,<br \/>\n&#8211; filtry,<br \/>\n&#8211; jako siedziska do mebli,<br \/>\n&#8211; do szeroko rozumianej reklamy.<\/p>\n<p>&nbsp;<\/p>\n<p>Gramatura: 250 g\/m2<\/p>\n<p>Szeroko\u015b\u0107: 210 cm<\/p>\n<p>Naw\u00f3j: 100 mb<\/p>\n<p>Wielko\u015b\u0107 oczka: 1 mm x 1 mm<\/p>","protected":false},"excerpt":{"rendered":"<p>Siatki poliestrowe powlekane PVC maj\u0105 r\u00f3\u017cnorakie zastosowania. S\u0105 na tyle uniwersalne, \u017ce mo\u017cna je z powodzeniem stosowa\u0107 do wyrob\u00f3w takich jak: &#8211; wyroby sportowe, &#8211; torby, &#8211; os\u0142ony przed wiatrem i \u015bniegiem, &#8211; pokrycia basen\u00f3w, &#8211; filtry, &#8211; jako siedziska do mebli, &#8211; do szeroko rozumianej reklamy. &nbsp; Gramatura: 250 g\/m2 Szeroko\u015b\u0107: 210 cm Naw\u00f3j: [&hellip;]<\/p>\n","protected":false},"featured_media":5958,"template":"","meta":{"_acf_changed":false},"product_cat":[657],"product_tag":[],"class_list":{"0":"post-5956","1":"product","2":"type-product","3":"status-publish","4":"has-post-thumbnail","6":"product_cat-siatki-mesh","7":"pa_kolor-sioen-1398-ral-1033","8":"pa_kolor-sioen-1399-ral-1015","9":"pa_kolor-sioen-5601-ral-5017","10":"pa_kolor-sioen-6601-ral-6010","11":"pa_kolor-sioen-7601-ral-7037","12":"pa_kolor-sioen-7999-ral-9005","14":"first","15":"instock","16":"taxable","17":"shipping-taxable","18":"purchasable","19":"product-type-variable","swatches":"rey-swatches","show_selected":""},"acf":[],"_links":{"self":[{"href":"https:\/\/sakoplan.pl\/en\/wp-json\/wp\/v2\/product\/5956","targetHints":{"allow":["GET"]}}],"collection":[{"href":"https:\/\/sakoplan.pl\/en\/wp-json\/wp\/v2\/product"}],"about":[{"href":"https:\/\/sakoplan.pl\/en\/wp-json\/wp\/v2\/types\/product"}],"version-history":[{"count":0,"href":"https:\/\/sakoplan.pl\/en\/wp-json\/wp\/v2\/product\/5956\/revisions"}],"wp:featuredmedia":[{"embeddable":true,"href":"https:\/\/sakoplan.pl\/en\/wp-json\/wp\/v2\/media\/5958"}],"wp:attachment":[{"href":"https:\/\/sakoplan.pl\/en\/wp-json\/wp\/v2\/media?parent=5956"}],"wp:term":[{"taxonomy":"product_cat","embeddable":true,"href":"https:\/\/sakoplan.pl\/en\/wp-json\/wp\/v2\/product_cat?post=5956"},{"taxonomy":"product_tag","embeddable":true,"href":"https:\/\/sakoplan.pl\/en\/wp-json\/wp\/v2\/product_tag?post=5956"}],"curies":[{"name":"wp","href":"https:\/\/api.w.org\/{rel}","templated":true}]}}