{"id":5927,"date":"2025-11-17T09:53:17","date_gmt":"2025-11-17T09:53:17","guid":{"rendered":"https:\/\/sakoplan.pl\/?post_type=product&#038;p=5927"},"modified":"2025-11-17T09:54:47","modified_gmt":"2025-11-17T09:54:47","slug":"separator-buforowy-pianka-oslaniajaca-konstrukcje","status":"publish","type":"product","link":"https:\/\/sakoplan.pl\/en\/product\/separator-buforowy-pianka-oslaniajaca-konstrukcje\/","title":{"rendered":"Separator buforowy &#8211; pianka os\u0142aniaj\u0105ca konstrukcje"},"content":{"rendered":"<p>Specjalistyczne separatory buforowe to piankowe zabezpieczenie szkieletu konstrukcji tunelu ogrodniczego opracowane przez firm\u0119 SAKO-EXPO.<\/p>\n<p>Chronione jako wz\u00f3r u\u017cytkowy pod numerem: P407109.<\/p>\n<p>Separator sprzedawany jest w odcinkach dwumetrowych.<\/p>\n<p>&nbsp;<\/p>\n<p>Kolor: bia\u0142y<\/p>\n<p>\u015arednica zewn\u0119trzna: 6,0 cm<\/p>\n<p>\u015arednica wewn\u0119trzna: 4,4 cm<\/p>\n<p>&nbsp;<\/p>\n<p>Zalety separator\u00f3w buforowych:<\/p>\n<p>&#8211; zapobiegaj\u0105 przegrzewaniu foli na konstrukcji stalowej przy wysokich temperaturach<\/p>\n<p>&#8211; zapobiegaj\u0105 wyst\u0119powaniu du\u017cych napr\u0119\u017ce\u0144 na pa\u0142\u0105kach konstrukcji<\/p>\n<p>&#8211; zapobiegaj\u0105 uszkodzeniu folii przez stalowe elementy konstrukcji, ostre kraw\u0119dzie oraz wystaj\u0105ce elementy<\/p>","protected":false},"excerpt":{"rendered":"<p>Specjalistyczne separatory buforowe to piankowe zabezpieczenie szkieletu konstrukcji tunelu ogrodniczego opracowane przez firm\u0119 SAKO-EXPO. Chronione jako wz\u00f3r u\u017cytkowy pod numerem: P407109. Separator sprzedawany jest w odcinkach dwumetrowych. &nbsp; Kolor: bia\u0142y \u015arednica zewn\u0119trzna: 6,0 cm \u015arednica wewn\u0119trzna: 4,4 cm &nbsp; Zalety separator\u00f3w buforowych: &#8211; zapobiegaj\u0105 przegrzewaniu foli na konstrukcji stalowej przy wysokich temperaturach &#8211; zapobiegaj\u0105 wyst\u0119powaniu [&hellip;]<\/p>\n","protected":false},"featured_media":5928,"template":"","meta":{"_acf_changed":false},"product_cat":[633],"product_tag":[],"class_list":{"0":"post-5927","1":"product","2":"type-product","3":"status-publish","4":"has-post-thumbnail","6":"product_cat-konstrukcje-tuneli","8":"first","9":"instock","10":"taxable","11":"shipping-taxable","12":"purchasable","13":"product-type-simple","swatches":"rey-swatches","show_selected":""},"acf":[],"_links":{"self":[{"href":"https:\/\/sakoplan.pl\/en\/wp-json\/wp\/v2\/product\/5927","targetHints":{"allow":["GET"]}}],"collection":[{"href":"https:\/\/sakoplan.pl\/en\/wp-json\/wp\/v2\/product"}],"about":[{"href":"https:\/\/sakoplan.pl\/en\/wp-json\/wp\/v2\/types\/product"}],"version-history":[{"count":0,"href":"https:\/\/sakoplan.pl\/en\/wp-json\/wp\/v2\/product\/5927\/revisions"}],"wp:featuredmedia":[{"embeddable":true,"href":"https:\/\/sakoplan.pl\/en\/wp-json\/wp\/v2\/media\/5928"}],"wp:attachment":[{"href":"https:\/\/sakoplan.pl\/en\/wp-json\/wp\/v2\/media?parent=5927"}],"wp:term":[{"taxonomy":"product_cat","embeddable":true,"href":"https:\/\/sakoplan.pl\/en\/wp-json\/wp\/v2\/product_cat?post=5927"},{"taxonomy":"product_tag","embeddable":true,"href":"https:\/\/sakoplan.pl\/en\/wp-json\/wp\/v2\/product_tag?post=5927"}],"curies":[{"name":"wp","href":"https:\/\/api.w.org\/{rel}","templated":true}]}}