{"id":5874,"date":"2025-11-17T08:50:35","date_gmt":"2025-11-17T08:50:35","guid":{"rendered":"https:\/\/sakoplan.pl\/?post_type=product&#038;p=5874"},"modified":"2025-11-17T09:56:46","modified_gmt":"2025-11-17T09:56:46","slug":"agrowloknina-50g-jasnybraz-320-cm-100-mb","status":"publish","type":"product","link":"https:\/\/sakoplan.pl\/en\/product\/agrowloknina-50g-jasnybraz-320-cm-100-mb\/","title":{"rendered":"Agrow\u0142\u00f3knina 50g jasnybr\u0105z 3,20 cm 100 mb"},"content":{"rendered":"","protected":false},"excerpt":{"rendered":"","protected":false},"featured_media":5878,"template":"","meta":{"_acf_changed":false},"product_cat":[613,640],"product_tag":[],"class_list":{"0":"post-5874","1":"product","2":"type-product","3":"status-publish","4":"has-post-thumbnail","6":"product_cat-agrowlokniny","7":"product_cat-gramatura-50-g-m2","9":"first","10":"instock","11":"taxable","12":"shipping-taxable","13":"purchasable","14":"product-type-simple","swatches":"rey-swatches","show_selected":""},"acf":[],"_links":{"self":[{"href":"https:\/\/sakoplan.pl\/en\/wp-json\/wp\/v2\/product\/5874","targetHints":{"allow":["GET"]}}],"collection":[{"href":"https:\/\/sakoplan.pl\/en\/wp-json\/wp\/v2\/product"}],"about":[{"href":"https:\/\/sakoplan.pl\/en\/wp-json\/wp\/v2\/types\/product"}],"version-history":[{"count":0,"href":"https:\/\/sakoplan.pl\/en\/wp-json\/wp\/v2\/product\/5874\/revisions"}],"wp:featuredmedia":[{"embeddable":true,"href":"https:\/\/sakoplan.pl\/en\/wp-json\/wp\/v2\/media\/5878"}],"wp:attachment":[{"href":"https:\/\/sakoplan.pl\/en\/wp-json\/wp\/v2\/media?parent=5874"}],"wp:term":[{"taxonomy":"product_cat","embeddable":true,"href":"https:\/\/sakoplan.pl\/en\/wp-json\/wp\/v2\/product_cat?post=5874"},{"taxonomy":"product_tag","embeddable":true,"href":"https:\/\/sakoplan.pl\/en\/wp-json\/wp\/v2\/product_tag?post=5874"}],"curies":[{"name":"wp","href":"https:\/\/api.w.org\/{rel}","templated":true}]}}