{"id":5820,"date":"2025-11-16T16:26:58","date_gmt":"2025-11-16T16:26:58","guid":{"rendered":"https:\/\/sakoplan.pl\/?post_type=product&#038;p=5820"},"modified":"2025-11-16T16:28:30","modified_gmt":"2025-11-16T16:28:30","slug":"dysza-rurowa-o5-mm-wygieta-15-wlot-o32-mm-triac-s-st-at-100-303","status":"publish","type":"product","link":"https:\/\/sakoplan.pl\/en\/product\/dysza-rurowa-o5-mm-wygieta-15-wlot-o32-mm-triac-s-st-at-100-303\/","title":{"rendered":"Dysza rurowa \u00d85 mm, wygi\u0119ta 15\u00b0, (wlot \u00d832 mm) Triac S\/ST\/AT &#8211; 100.303"},"content":{"rendered":"<p>Dysza\u00a0rurowa nak\u0142adana o \u015brednicy \u00d8 5 mm, wygi\u0119ta 15\u00b0. Pasuje do wszystkich zgrzewarek posiadaj\u0105cych wylot\u00a0wlot \u00d832 mm. Np. zgrzewarki r\u0119czne: Triac S, Triac ST, Triac AT. Pozwala na precyzyjn\u0105 obr\u00f3bk\u0119 punktow\u0105 lub mo\u017cna j\u0105 zastosowa\u0107 jako przej\u015bci\u00f3wk\u0119 do dysz do szybkiego spawania.<\/p>\n<p><strong>TOWAR NA ZAM\u00d3WIENIE &#8211;&gt; 3-4 dni robocze<\/strong><\/p>\n<p>&nbsp;<\/p>\n<p>Standardowe wyposa\u017cenie ka\u017cdej firmy zajmuj\u0105cej si\u0119 produkcj\u0105 i napraw\u0105 plandek oraz u\u017cywana do zgrzewania membran dachowych.<\/p>","protected":false},"excerpt":{"rendered":"<p>Dysza\u00a0rurowa nak\u0142adana o \u015brednicy \u00d8 5 mm, wygi\u0119ta 15\u00b0. Pasuje do wszystkich zgrzewarek posiadaj\u0105cych wylot\u00a0wlot \u00d832 mm. Np. zgrzewarki r\u0119czne: Triac S, Triac ST, Triac AT. Pozwala na precyzyjn\u0105 obr\u00f3bk\u0119 punktow\u0105 lub mo\u017cna j\u0105 zastosowa\u0107 jako przej\u015bci\u00f3wk\u0119 do dysz do szybkiego spawania. TOWAR NA ZAM\u00d3WIENIE &#8211;&gt; 3-4 dni robocze &nbsp; Standardowe wyposa\u017cenie ka\u017cdej firmy zajmuj\u0105cej [&hellip;]<\/p>\n","protected":false},"featured_media":5821,"template":"","meta":{"_acf_changed":false},"product_cat":[595],"product_tag":[],"class_list":{"0":"post-5820","1":"product","2":"type-product","3":"status-publish","4":"has-post-thumbnail","6":"product_cat-akcesoria-do-zgrzewarek","8":"first","9":"outofstock","10":"taxable","11":"shipping-taxable","12":"purchasable","13":"product-type-simple","swatches":"rey-swatches","show_selected":""},"acf":[],"_links":{"self":[{"href":"https:\/\/sakoplan.pl\/en\/wp-json\/wp\/v2\/product\/5820","targetHints":{"allow":["GET"]}}],"collection":[{"href":"https:\/\/sakoplan.pl\/en\/wp-json\/wp\/v2\/product"}],"about":[{"href":"https:\/\/sakoplan.pl\/en\/wp-json\/wp\/v2\/types\/product"}],"version-history":[{"count":0,"href":"https:\/\/sakoplan.pl\/en\/wp-json\/wp\/v2\/product\/5820\/revisions"}],"wp:featuredmedia":[{"embeddable":true,"href":"https:\/\/sakoplan.pl\/en\/wp-json\/wp\/v2\/media\/5821"}],"wp:attachment":[{"href":"https:\/\/sakoplan.pl\/en\/wp-json\/wp\/v2\/media?parent=5820"}],"wp:term":[{"taxonomy":"product_cat","embeddable":true,"href":"https:\/\/sakoplan.pl\/en\/wp-json\/wp\/v2\/product_cat?post=5820"},{"taxonomy":"product_tag","embeddable":true,"href":"https:\/\/sakoplan.pl\/en\/wp-json\/wp\/v2\/product_tag?post=5820"}],"curies":[{"name":"wp","href":"https:\/\/api.w.org\/{rel}","templated":true}]}}