{"id":5817,"date":"2025-11-16T16:25:47","date_gmt":"2025-11-16T16:25:47","guid":{"rendered":"https:\/\/sakoplan.pl\/?post_type=product&#038;p=5817"},"modified":"2025-11-16T16:26:37","modified_gmt":"2025-11-16T16:26:37","slug":"dysza-szczelinowa-40-mm-wygieta-15-wlot-o32-mm-107-132-triac-s-st-at","status":"publish","type":"product","link":"https:\/\/sakoplan.pl\/en\/product\/dysza-szczelinowa-40-mm-wygieta-15-wlot-o32-mm-107-132-triac-s-st-at\/","title":{"rendered":"Dysza szczelinowa 40 mm, wygi\u0119ta 15\u00b0, (wlot \u00d832 mm) \u2013 107.132 Triac S\/ST\/AT"},"content":{"rendered":"<p>Dysza szczelinowa\u00a040 mm, wygi\u0119ta 15\u00b0. Pasuje do wszystkich zgrzewarek posiadaj\u0105cych wylot\u00a0wlot \u00d832 mm. Np. zgrzewarki r\u0119czne: Triac S, Triac ST, Triac AT. Standardowe wyposa\u017cenie ka\u017cdej firmy zajmuj\u0105cej si\u0119 produkcj\u0105 i napraw\u0105 plandek oraz u\u017cywana do zgrzewania membran dachowych.<\/p>","protected":false},"excerpt":{"rendered":"<p>Dysza szczelinowa\u00a040 mm, wygi\u0119ta 15\u00b0. Pasuje do wszystkich zgrzewarek posiadaj\u0105cych wylot\u00a0wlot \u00d832 mm. Np. zgrzewarki r\u0119czne: Triac S, Triac ST, Triac AT. Standardowe wyposa\u017cenie ka\u017cdej firmy zajmuj\u0105cej si\u0119 produkcj\u0105 i napraw\u0105 plandek oraz u\u017cywana do zgrzewania membran dachowych.<\/p>","protected":false},"featured_media":5818,"template":"","meta":{"_acf_changed":false},"product_cat":[595],"product_tag":[],"class_list":{"0":"post-5817","1":"product","2":"type-product","3":"status-publish","4":"has-post-thumbnail","6":"product_cat-akcesoria-do-zgrzewarek","8":"first","9":"instock","10":"taxable","11":"shipping-taxable","12":"purchasable","13":"product-type-simple","swatches":"rey-swatches","show_selected":""},"acf":[],"_links":{"self":[{"href":"https:\/\/sakoplan.pl\/en\/wp-json\/wp\/v2\/product\/5817","targetHints":{"allow":["GET"]}}],"collection":[{"href":"https:\/\/sakoplan.pl\/en\/wp-json\/wp\/v2\/product"}],"about":[{"href":"https:\/\/sakoplan.pl\/en\/wp-json\/wp\/v2\/types\/product"}],"version-history":[{"count":0,"href":"https:\/\/sakoplan.pl\/en\/wp-json\/wp\/v2\/product\/5817\/revisions"}],"wp:featuredmedia":[{"embeddable":true,"href":"https:\/\/sakoplan.pl\/en\/wp-json\/wp\/v2\/media\/5818"}],"wp:attachment":[{"href":"https:\/\/sakoplan.pl\/en\/wp-json\/wp\/v2\/media?parent=5817"}],"wp:term":[{"taxonomy":"product_cat","embeddable":true,"href":"https:\/\/sakoplan.pl\/en\/wp-json\/wp\/v2\/product_cat?post=5817"},{"taxonomy":"product_tag","embeddable":true,"href":"https:\/\/sakoplan.pl\/en\/wp-json\/wp\/v2\/product_tag?post=5817"}],"curies":[{"name":"wp","href":"https:\/\/api.w.org\/{rel}","templated":true}]}}