{"id":5798,"date":"2025-11-16T16:08:46","date_gmt":"2025-11-16T16:08:46","guid":{"rendered":"https:\/\/sakoplan.pl\/?post_type=product&#038;p=5798"},"modified":"2025-11-16T16:09:58","modified_gmt":"2025-11-16T16:09:58","slug":"zgrzewarka-uniplan-500-20mm-30mm-40mm","status":"publish","type":"product","link":"https:\/\/sakoplan.pl\/en\/product\/zgrzewarka-uniplan-500-20mm-30mm-40mm\/","title":{"rendered":"Zgrzewarka Uniplan 500 20mm\/30mm\/40mm"},"content":{"rendered":"<div>Zgrzewarka z zapisem parametr\u00f3w i bezszczotkowym silnikiem dmuchawy.<\/div>\n<div>w zestawie: zgrzewarka z podno\u015bnikiem materia\u0142u, walizka, zawijak do kraw\u0119dzi, prowadnica na zak\u0142\u0105dk\u0119, szczotka druciana, 2x obci\u0105\u017cnik o wadze 1,5kg, uchwyt prowadz\u0105cy<\/div>\n<div><\/div>\n<p>Uniplan 500 dost\u0119pny jest w konfiguracji 20mm\/30mm\/40mm<\/p>\n<p>Czas realizacja zam\u00f3wienia\u00a0<strong>14 dni roboczych<\/strong>, zapytaj o\u00a0<strong>darmow\u0105 dostaw\u0119!<\/strong><\/p>\n<p>&nbsp;<\/p>\n<ul>\n<li>Szybki, bezszczotkowy silnik dmuchawy (do 18000 obr\/min.)<\/li>\n<li>Mo\u017cliwo\u015b\u0107 zapisywania parametr\u00f3w zgrzewania dla wydajniejszej pracy<\/li>\n<li>Bezpiecznie wsuwanie dyszy<\/li>\n<li>Zintegrowany system podnoszenia materia\u0142u<\/li>\n<li>Szybka modyfikacja: b\u0142yskawiczne przej\u015bcie od zgrzewania na zak\u0142adk\u0119 do zgrzewania kieszeni lub kraw\u0119dzi pod oczka.<\/li>\n<li>Przestawne rolki podwozia<\/li>\n<li>Wygodna, precyzyjna regulacja temperatury i pr\u0119dko\u015bci zgrzewania<\/li>\n<\/ul>\n<p>&nbsp;<\/p>\n<p>W zestawie:\u00a0zgrzewarka Leister UNIPLAN 500, 2 x dodatkowy obci\u0105\u017cnik, podno\u015bnik materia\u0142u, zawijak do kraw\u0119dzi pod oczka, uchwyt do prowadzenia \u2013 kr\u00f3tki, walizka transportowa, skr\u00f3c. instrukcja obs\u0142ugi.<\/p>","protected":false},"excerpt":{"rendered":"<p>Zgrzewarka z zapisem parametr\u00f3w i bezszczotkowym silnikiem dmuchawy. w zestawie: zgrzewarka z podno\u015bnikiem materia\u0142u, walizka, zawijak do kraw\u0119dzi, prowadnica na zak\u0142\u0105dk\u0119, szczotka druciana, 2x obci\u0105\u017cnik o wadze 1,5kg, uchwyt prowadz\u0105cy Uniplan 500 dost\u0119pny jest w konfiguracji 20mm\/30mm\/40mm Czas realizacja zam\u00f3wienia\u00a014 dni roboczych, zapytaj o\u00a0darmow\u0105 dostaw\u0119! &nbsp; Szybki, bezszczotkowy silnik dmuchawy (do 18000 obr\/min.) Mo\u017cliwo\u015b\u0107 zapisywania [&hellip;]<\/p>\n","protected":false},"featured_media":5796,"template":"","meta":{"_acf_changed":false},"product_cat":[594],"product_tag":[],"class_list":{"0":"post-5798","1":"product","2":"type-product","3":"status-publish","4":"has-post-thumbnail","6":"product_cat-zgrzewarki-zgrzewarki","8":"first","9":"outofstock","10":"taxable","11":"shipping-taxable","12":"purchasable","13":"product-type-simple","swatches":"rey-swatches","show_selected":""},"acf":[],"_links":{"self":[{"href":"https:\/\/sakoplan.pl\/en\/wp-json\/wp\/v2\/product\/5798","targetHints":{"allow":["GET"]}}],"collection":[{"href":"https:\/\/sakoplan.pl\/en\/wp-json\/wp\/v2\/product"}],"about":[{"href":"https:\/\/sakoplan.pl\/en\/wp-json\/wp\/v2\/types\/product"}],"version-history":[{"count":0,"href":"https:\/\/sakoplan.pl\/en\/wp-json\/wp\/v2\/product\/5798\/revisions"}],"wp:featuredmedia":[{"embeddable":true,"href":"https:\/\/sakoplan.pl\/en\/wp-json\/wp\/v2\/media\/5796"}],"wp:attachment":[{"href":"https:\/\/sakoplan.pl\/en\/wp-json\/wp\/v2\/media?parent=5798"}],"wp:term":[{"taxonomy":"product_cat","embeddable":true,"href":"https:\/\/sakoplan.pl\/en\/wp-json\/wp\/v2\/product_cat?post=5798"},{"taxonomy":"product_tag","embeddable":true,"href":"https:\/\/sakoplan.pl\/en\/wp-json\/wp\/v2\/product_tag?post=5798"}],"curies":[{"name":"wp","href":"https:\/\/api.w.org\/{rel}","templated":true}]}}