{"id":5794,"date":"2025-11-16T16:07:24","date_gmt":"2025-11-16T16:07:24","guid":{"rendered":"https:\/\/sakoplan.pl\/?post_type=product&#038;p=5794"},"modified":"2025-11-16T16:08:32","modified_gmt":"2025-11-16T16:08:32","slug":"zgrzewarka-uniplan-300-20mm-30mm-40mm","status":"publish","type":"product","link":"https:\/\/sakoplan.pl\/en\/product\/zgrzewarka-uniplan-300-20mm-30mm-40mm\/","title":{"rendered":"Zgrzewarka Uniplan 300 20mm\/30mm\/40mm"},"content":{"rendered":"<p>Wyposa\u017cenie standardowe:<\/p>\n<ul>\n<li>mechanizm podnosz\u0105cy,<\/li>\n<li>p\u0142ynna regulacja temperatury,<\/li>\n<li>dwupoziomowa regulacja przep\u0142ywu powietrza,<\/li>\n<\/ul>\n<p>Uniplan 300 dost\u0119pny jest w konfiguracji 20mm\/30mm\/40mm<\/p>\n<p>Zgrzewarka,walizka transportowa,prowadnica na zak\u0142adk\u0119<\/p>\n<p>Czas realizacja zam\u00f3wienia\u00a0<strong>\u00a014 dni roboczych<\/strong>, zapytaj o\u00a0<strong>darmow\u0105 dostaw\u0119!<\/strong><\/p>\n<p>&nbsp;<\/p>\n<p>UNIPLAN 300 to szybkie i bezpieczne urz\u0105dzenie do zgrzewania firmy LEISTER.<\/p>\n<ul>\n<li>Dopasowane wsuwanie dyszy<\/li>\n<li>Bezpieczny system podnoszenia materia\u0142u<\/li>\n<li>Szybkie przej\u015bcie ze zgrzewania na zak\u0142adk\u0119 do zgrzewania kieszeni lub kraw\u0119dzi pod oczka.<\/li>\n<li>Wydajny, szczotkowy silnik dmuchawy (do 12,500 obr\/min.)<\/li>\n<li>Posiada przestawne rolki podwozia.<\/li>\n<li>Komfortowe regulowanie\u00a0temperatury i pr\u0119dko\u015bci zgrzewania<\/li>\n<\/ul>","protected":false},"excerpt":{"rendered":"<p>Wyposa\u017cenie standardowe: mechanizm podnosz\u0105cy, p\u0142ynna regulacja temperatury, dwupoziomowa regulacja przep\u0142ywu powietrza, Uniplan 300 dost\u0119pny jest w konfiguracji 20mm\/30mm\/40mm Zgrzewarka,walizka transportowa,prowadnica na zak\u0142adk\u0119 Czas realizacja zam\u00f3wienia\u00a0\u00a014 dni roboczych, zapytaj o\u00a0darmow\u0105 dostaw\u0119! &nbsp; UNIPLAN 300 to szybkie i bezpieczne urz\u0105dzenie do zgrzewania firmy LEISTER. Dopasowane wsuwanie dyszy Bezpieczny system podnoszenia materia\u0142u Szybkie przej\u015bcie ze zgrzewania na zak\u0142adk\u0119 [&hellip;]<\/p>\n","protected":false},"featured_media":5796,"template":"","meta":{"_acf_changed":false},"product_cat":[594],"product_tag":[],"class_list":{"0":"post-5794","1":"product","2":"type-product","3":"status-publish","4":"has-post-thumbnail","6":"product_cat-zgrzewarki-zgrzewarki","8":"first","9":"outofstock","10":"taxable","11":"shipping-taxable","12":"purchasable","13":"product-type-simple","swatches":"rey-swatches","show_selected":""},"acf":[],"_links":{"self":[{"href":"https:\/\/sakoplan.pl\/en\/wp-json\/wp\/v2\/product\/5794","targetHints":{"allow":["GET"]}}],"collection":[{"href":"https:\/\/sakoplan.pl\/en\/wp-json\/wp\/v2\/product"}],"about":[{"href":"https:\/\/sakoplan.pl\/en\/wp-json\/wp\/v2\/types\/product"}],"version-history":[{"count":0,"href":"https:\/\/sakoplan.pl\/en\/wp-json\/wp\/v2\/product\/5794\/revisions"}],"wp:featuredmedia":[{"embeddable":true,"href":"https:\/\/sakoplan.pl\/en\/wp-json\/wp\/v2\/media\/5796"}],"wp:attachment":[{"href":"https:\/\/sakoplan.pl\/en\/wp-json\/wp\/v2\/media?parent=5794"}],"wp:term":[{"taxonomy":"product_cat","embeddable":true,"href":"https:\/\/sakoplan.pl\/en\/wp-json\/wp\/v2\/product_cat?post=5794"},{"taxonomy":"product_tag","embeddable":true,"href":"https:\/\/sakoplan.pl\/en\/wp-json\/wp\/v2\/product_tag?post=5794"}],"curies":[{"name":"wp","href":"https:\/\/api.w.org\/{rel}","templated":true}]}}