{"id":5726,"date":"2025-11-12T19:04:15","date_gmt":"2025-11-12T19:04:15","guid":{"rendered":"https:\/\/sakoplan.pl\/?post_type=product&#038;p=5726"},"modified":"2025-12-15T12:23:15","modified_gmt":"2025-12-15T12:23:15","slug":"nakladka-50-do-tasm-kadorowych","status":"publish","type":"product","link":"https:\/\/sakoplan.pl\/en\/product\/nakladka-50-do-tasm-kadorowych\/","title":{"rendered":"Nak\u0142adka 50 do ta\u015bm kadorowych"},"content":{"rendered":"<p>Nak\u0142adki o profilu \u201c50\u201d to \u0142atwe, szybkie i proste rozwi\u0105zanie podczas budowy przydomowej hali lub magazynu gospodarczego. Ich z\u0142o\u017cenie nie wymaga u\u017cycia dodatkowych narz\u0119dzi i jest tak proste, \u017ce mo\u017cna z\u0142o\u017cy\u0107 je samemu. Dzi\u0119ki zastosowaniu aluminium jako materia\u0142u, jest ona odporna na deszcz, s\u0142o\u0144ce, wiatr oraz korozj\u0119.<\/p>\n<p>&nbsp;<\/p>\n<p>UWAGA! Nak\u0142adka sprzedawana\u00a0<strong>w sztangach po\u00a05 lub 6 metr\u00f3w<\/strong>. Prosimy wybra\u0107 ilo\u015b\u0107 zamawianych sztang.\u00a0<strong>W przypadku ch\u0119ci optymalizacji koszt\u00f3w transportu poprzez przeci\u0119cie sztangi na kr\u00f3tsze odcinki, prosimy o kontakt.<\/strong><\/p>\n<p>Wymiary [sz x gr]:<\/p>\n<p><strong>50 x 50 mm<\/strong><\/p>\n<p>D\u0142ugo\u015b\u0107 sztang:<\/p>\n<p><strong>5 mb lub\u00a06 mb<\/strong><\/p>\n<p>Rozmiar kadoru do zastosowania:<\/p>\n<p><strong>7,5 mm<\/strong><br \/>\n<strong>8,5 mm<\/strong><\/p>\n","protected":false},"excerpt":{"rendered":"<p>Nak\u0142adki o profilu \u201c50\u201d to \u0142atwe, szybkie i proste rozwi\u0105zanie podczas budowy przydomowej hali lub magazynu gospodarczego. Ich z\u0142o\u017cenie nie wymaga u\u017cycia dodatkowych narz\u0119dzi i jest tak proste, \u017ce mo\u017cna z\u0142o\u017cy\u0107 je samemu. Dzi\u0119ki zastosowaniu aluminium jako materia\u0142u, jest ona odporna na deszcz, s\u0142o\u0144ce, wiatr oraz korozj\u0119. &nbsp; UWAGA! Nak\u0142adka sprzedawana\u00a0w sztangach po\u00a05 lub 6 [&hellip;]<\/p>\n","protected":false},"featured_media":5734,"template":"","meta":{"_acf_changed":false},"product_cat":[579],"product_tag":[],"class_list":{"0":"post-5726","1":"product","2":"type-product","3":"status-publish","4":"has-post-thumbnail","6":"product_cat-na-profil-50-mm","8":"first","9":"instock","10":"taxable","11":"shipping-taxable","12":"purchasable","13":"product-type-variable","swatches":"rey-swatches","show_selected":""},"acf":[],"_links":{"self":[{"href":"https:\/\/sakoplan.pl\/en\/wp-json\/wp\/v2\/product\/5726","targetHints":{"allow":["GET"]}}],"collection":[{"href":"https:\/\/sakoplan.pl\/en\/wp-json\/wp\/v2\/product"}],"about":[{"href":"https:\/\/sakoplan.pl\/en\/wp-json\/wp\/v2\/types\/product"}],"version-history":[{"count":0,"href":"https:\/\/sakoplan.pl\/en\/wp-json\/wp\/v2\/product\/5726\/revisions"}],"wp:featuredmedia":[{"embeddable":true,"href":"https:\/\/sakoplan.pl\/en\/wp-json\/wp\/v2\/media\/5734"}],"wp:attachment":[{"href":"https:\/\/sakoplan.pl\/en\/wp-json\/wp\/v2\/media?parent=5726"}],"wp:term":[{"taxonomy":"product_cat","embeddable":true,"href":"https:\/\/sakoplan.pl\/en\/wp-json\/wp\/v2\/product_cat?post=5726"},{"taxonomy":"product_tag","embeddable":true,"href":"https:\/\/sakoplan.pl\/en\/wp-json\/wp\/v2\/product_tag?post=5726"}],"curies":[{"name":"wp","href":"https:\/\/api.w.org\/{rel}","templated":true}]}}