{"id":5723,"date":"2025-11-12T18:55:08","date_gmt":"2025-11-12T18:55:08","guid":{"rendered":"https:\/\/sakoplan.pl\/?post_type=product&#038;p=5723"},"modified":"2025-11-12T18:56:57","modified_gmt":"2025-11-12T18:56:57","slug":"zlacze-profili-72x20","status":"publish","type":"product","link":"https:\/\/sakoplan.pl\/en\/product\/zlacze-profili-72x20\/","title":{"rendered":"Z\u0142\u0105cze profili 72&#215;20"},"content":{"rendered":"<p>Z\u0142\u0105cze profili 72 x 20 mm. S\u0142u\u017cy do \u0142\u0105czenia\u00a0profili na d\u0142ugo\u015b\u0107. Dzieki temu mo\u017cna budowa\u0107 bardzo\u00a0d\u0142ugie ramy aluminiowe. Do kompletu nale\u017cy dokupi\u0107 identyczn\u0105 ilo\u015b\u0107 suwak\u00f3w mocuj\u0105cych S2G.<\/p>","protected":false},"excerpt":{"rendered":"<p>Z\u0142\u0105cze profili 72 x 20 mm. S\u0142u\u017cy do \u0142\u0105czenia\u00a0profili na d\u0142ugo\u015b\u0107. Dzieki temu mo\u017cna budowa\u0107 bardzo\u00a0d\u0142ugie ramy aluminiowe. Do kompletu nale\u017cy dokupi\u0107 identyczn\u0105 ilo\u015b\u0107 suwak\u00f3w mocuj\u0105cych S2G.<\/p>","protected":false},"featured_media":5724,"template":"","meta":{"_acf_changed":false},"product_cat":[556],"product_tag":[],"class_list":{"0":"post-5723","1":"product","2":"type-product","3":"status-publish","4":"has-post-thumbnail","6":"product_cat-inne","8":"first","9":"instock","10":"taxable","11":"shipping-taxable","12":"purchasable","13":"product-type-simple","swatches":"rey-swatches","show_selected":""},"acf":[],"_links":{"self":[{"href":"https:\/\/sakoplan.pl\/en\/wp-json\/wp\/v2\/product\/5723","targetHints":{"allow":["GET"]}}],"collection":[{"href":"https:\/\/sakoplan.pl\/en\/wp-json\/wp\/v2\/product"}],"about":[{"href":"https:\/\/sakoplan.pl\/en\/wp-json\/wp\/v2\/types\/product"}],"version-history":[{"count":0,"href":"https:\/\/sakoplan.pl\/en\/wp-json\/wp\/v2\/product\/5723\/revisions"}],"wp:featuredmedia":[{"embeddable":true,"href":"https:\/\/sakoplan.pl\/en\/wp-json\/wp\/v2\/media\/5724"}],"wp:attachment":[{"href":"https:\/\/sakoplan.pl\/en\/wp-json\/wp\/v2\/media?parent=5723"}],"wp:term":[{"taxonomy":"product_cat","embeddable":true,"href":"https:\/\/sakoplan.pl\/en\/wp-json\/wp\/v2\/product_cat?post=5723"},{"taxonomy":"product_tag","embeddable":true,"href":"https:\/\/sakoplan.pl\/en\/wp-json\/wp\/v2\/product_tag?post=5723"}],"curies":[{"name":"wp","href":"https:\/\/api.w.org\/{rel}","templated":true}]}}