{"id":5697,"date":"2025-11-12T18:29:27","date_gmt":"2025-11-12T18:29:27","guid":{"rendered":"https:\/\/sakoplan.pl\/?post_type=product&#038;p=5697"},"modified":"2025-11-12T18:30:46","modified_gmt":"2025-11-12T18:30:46","slug":"uchwyt-katowy-14x3","status":"publish","type":"product","link":"https:\/\/sakoplan.pl\/en\/product\/uchwyt-katowy-14x3\/","title":{"rendered":"Uchwyt k\u0105towy 14&#215;3"},"content":{"rendered":"<p>Uchwyt k\u0105towy uniwersalny do mocowania profili ArtRama pod k\u0105tem 90 stopni.<\/p>\n<p>Wymiary: 14&#215;3 mm<\/p>","protected":false},"excerpt":{"rendered":"<p>Uchwyt k\u0105towy uniwersalny do mocowania profili ArtRama pod k\u0105tem 90 stopni. Wymiary: 14&#215;3 mm<\/p>","protected":false},"featured_media":5695,"template":"","meta":{"_acf_changed":false},"product_cat":[554],"product_tag":[],"class_list":{"0":"post-5697","1":"product","2":"type-product","3":"status-publish","4":"has-post-thumbnail","6":"product_cat-uchwyty","8":"first","9":"outofstock","10":"taxable","11":"shipping-taxable","12":"purchasable","13":"product-type-simple","swatches":"rey-swatches","show_selected":""},"acf":[],"_links":{"self":[{"href":"https:\/\/sakoplan.pl\/en\/wp-json\/wp\/v2\/product\/5697","targetHints":{"allow":["GET"]}}],"collection":[{"href":"https:\/\/sakoplan.pl\/en\/wp-json\/wp\/v2\/product"}],"about":[{"href":"https:\/\/sakoplan.pl\/en\/wp-json\/wp\/v2\/types\/product"}],"version-history":[{"count":0,"href":"https:\/\/sakoplan.pl\/en\/wp-json\/wp\/v2\/product\/5697\/revisions"}],"wp:featuredmedia":[{"embeddable":true,"href":"https:\/\/sakoplan.pl\/en\/wp-json\/wp\/v2\/media\/5695"}],"wp:attachment":[{"href":"https:\/\/sakoplan.pl\/en\/wp-json\/wp\/v2\/media?parent=5697"}],"wp:term":[{"taxonomy":"product_cat","embeddable":true,"href":"https:\/\/sakoplan.pl\/en\/wp-json\/wp\/v2\/product_cat?post=5697"},{"taxonomy":"product_tag","embeddable":true,"href":"https:\/\/sakoplan.pl\/en\/wp-json\/wp\/v2\/product_tag?post=5697"}],"curies":[{"name":"wp","href":"https:\/\/api.w.org\/{rel}","templated":true}]}}