{"id":5654,"date":"2025-11-12T17:53:32","date_gmt":"2025-11-12T17:53:32","guid":{"rendered":"https:\/\/sakoplan.pl\/?post_type=product&#038;p=5654"},"modified":"2025-11-12T18:03:15","modified_gmt":"2025-11-12T18:03:15","slug":"profil-aluminiowy-gablotowy-wystawowy-28x28-mm","status":"publish","type":"product","link":"https:\/\/sakoplan.pl\/en\/product\/profil-aluminiowy-gablotowy-wystawowy-28x28-mm\/","title":{"rendered":"Profil aluminiowy GABLOTOWY (wystawowy) 28&#215;28 mm"},"content":{"rendered":"<p>Specjalistyczny, kwadratowy\u00a0<strong>profil<\/strong>\u00a0wykonany z\u00a0<strong>aluminium<\/strong>\u00a0do\u00a0<strong>gablot szklanych (z szyby o grubo\u015bci 4 mm)<\/strong>\u00a0i ekspozycyjnych. Jest \u0142atwy w monta\u017cu i demonta\u017cu, co pozwala na szybk\u0105 i efektywn\u0105 wymian\u0119 wystawianych przedmiot\u00f3w. Ponadto, dzi\u0119ki zastosowaniu aluminium, profil jest\u00a0<strong>lekki<\/strong>,\u00a0<strong>odporny<\/strong>\u00a0<strong>na korozj\u0119<\/strong>\u00a0oraz\u00a0<strong>\u0142atwy do czyszczenia<\/strong>\u00a0i konserwacji.<\/p>\n<p><strong>Cena dotyczy 1 mb.<\/strong><\/p>\n<p>&nbsp;<\/p>\n<p><strong>Profil<\/strong>\u00a0aluminiowy do\u00a0<strong>gabloty<\/strong>\u00a0to specjalny rodzaj listwy wykonanej z aluminium, kt\u00f3ra jest wykorzystywana do wyko\u0144czenia i monta\u017cu gablot, witrin oraz innych element\u00f3w wystawienniczych. Przystosowany do monta\u017cu szyby o grubo\u015bci\u00a0<strong>4 mm.<\/strong><\/p>\n<p>Profil aluminiowy do gabloty zapewnia stabilno\u015b\u0107 i wytrzyma\u0142o\u015b\u0107 konstrukcji oraz pozwala na eleganckie wyko\u0144czenie kraw\u0119dzi i naro\u017cy (bez konieczno\u015bci stosowania drogich \u0142\u0105cznik\u00f3w &#8211; wystarczy\u00a0<strong>przyci\u0119cie<\/strong>\u00a0<strong>pod k\u0105tem<\/strong>\u00a0<strong>45\u00b0<\/strong>). Dzi\u0119ki temu gablota lub witryna zyskuj\u0105 estetyczny wygl\u0105d, kt\u00f3ry podkre\u015bla prezentowane w nich przedmioty.<\/p>\n<p>Profil aluminiowy do gabloty mo\u017ce mie\u0107 r\u00f3\u017cne kszta\u0142ty i wymiary, w zale\u017cno\u015bci od potrzeb i wymaga\u0144 u\u017cytkownika. Nasz profil jest zbudowany na planie\u00a0<strong>kwadratu<\/strong>\u00a0o\u00a0<strong>boku d\u0142ugo\u015bci 28 mm<\/strong>. Z dwiema prowadnicami do\u00a0<strong>szk\u0142a grubo\u015bci 4 mm.<\/strong><\/p>\n<p>Profil aluminiowy do gabloty jest \u0142atwy w monta\u017cu i demonta\u017cu, co pozwala na\u00a0<strong>szybk\u0105 i efektywn\u0105<\/strong>\u00a0wymian\u0119 wystawianych przedmiot\u00f3w. Ponadto, dzi\u0119ki zastosowaniu aluminium, profil jest\u00a0<strong>lekki<\/strong>,\u00a0<strong>odporny na korozj\u0119<\/strong>\u00a0oraz<strong>\u00a0\u0142atwy do czyszczenia i konserwacji<\/strong>.<\/p>\n<p>Wymiary zewn\u0119trzne [sz x gr]:<\/p>\n<p><strong>28\u00a0x\u00a028 mm<\/strong><\/p>\n<p>Prodawanica do szk\u0142a:<\/p>\n<p><strong>4 mm<\/strong><\/p>\n<p>D\u0142ugo\u015b\u0107 sztangi:<\/p>\n<p><strong>3,5 m<\/strong><\/p>\n<p>&nbsp;<\/p>\n<p><strong>W celu minimalizacji koszt\u00f3w wysy\u0142ki prosimy o kontakt z jednym z naszych oddzia\u0142\u00f3w.<\/strong><\/p>\n","protected":false},"excerpt":{"rendered":"<p>Specjalistyczny, kwadratowy\u00a0profil\u00a0wykonany z\u00a0aluminium\u00a0do\u00a0gablot szklanych (z szyby o grubo\u015bci 4 mm)\u00a0i ekspozycyjnych. Jest \u0142atwy w monta\u017cu i demonta\u017cu, co pozwala na szybk\u0105 i efektywn\u0105 wymian\u0119 wystawianych przedmiot\u00f3w. Ponadto, dzi\u0119ki zastosowaniu aluminium, profil jest\u00a0lekki,\u00a0odporny\u00a0na korozj\u0119\u00a0oraz\u00a0\u0142atwy do czyszczenia\u00a0i konserwacji. Cena dotyczy 1 mb. &nbsp; Profil\u00a0aluminiowy do\u00a0gabloty\u00a0to specjalny rodzaj listwy wykonanej z aluminium, kt\u00f3ra jest wykorzystywana do wyko\u0144czenia i [&hellip;]<\/p>\n","protected":false},"featured_media":5665,"template":"","meta":{"_acf_changed":false},"product_cat":[552],"product_tag":[],"class_list":{"0":"post-5654","1":"product","2":"type-product","3":"status-publish","4":"has-post-thumbnail","6":"product_cat-profile-surowe","8":"first","9":"instock","10":"taxable","11":"shipping-taxable","12":"purchasable","13":"product-type-variable","swatches":"rey-swatches","show_selected":""},"acf":[],"_links":{"self":[{"href":"https:\/\/sakoplan.pl\/en\/wp-json\/wp\/v2\/product\/5654","targetHints":{"allow":["GET"]}}],"collection":[{"href":"https:\/\/sakoplan.pl\/en\/wp-json\/wp\/v2\/product"}],"about":[{"href":"https:\/\/sakoplan.pl\/en\/wp-json\/wp\/v2\/types\/product"}],"version-history":[{"count":0,"href":"https:\/\/sakoplan.pl\/en\/wp-json\/wp\/v2\/product\/5654\/revisions"}],"wp:featuredmedia":[{"embeddable":true,"href":"https:\/\/sakoplan.pl\/en\/wp-json\/wp\/v2\/media\/5665"}],"wp:attachment":[{"href":"https:\/\/sakoplan.pl\/en\/wp-json\/wp\/v2\/media?parent=5654"}],"wp:term":[{"taxonomy":"product_cat","embeddable":true,"href":"https:\/\/sakoplan.pl\/en\/wp-json\/wp\/v2\/product_cat?post=5654"},{"taxonomy":"product_tag","embeddable":true,"href":"https:\/\/sakoplan.pl\/en\/wp-json\/wp\/v2\/product_tag?post=5654"}],"curies":[{"name":"wp","href":"https:\/\/api.w.org\/{rel}","templated":true}]}}