{"id":5648,"date":"2025-11-12T17:39:25","date_gmt":"2025-11-12T17:39:25","guid":{"rendered":"https:\/\/sakoplan.pl\/?post_type=product&#038;p=5648"},"modified":"2025-11-12T17:53:10","modified_gmt":"2025-11-12T17:53:10","slug":"profil-aluminiowy-surowy-22x18","status":"publish","type":"product","link":"https:\/\/sakoplan.pl\/en\/product\/profil-aluminiowy-surowy-22x18\/","title":{"rendered":"Profil aluminiowy surowy 22&#215;18"},"content":{"rendered":"<p>Profil aluminiowy PA LED 22&#215;18 mm to uniwersalny profil do wielu zastosowa\u0144. G\u0142\u00f3wnym przeznaczeniem profilu PA LED jest do\u015bwietlenie LEDORAM o szeroko\u015bci wi\u0119kszej ni\u017c 100 cm. Wewn\u0105trz LEDORAM skonstruowanych z profili PA LED 100&#215;50 umieszcza si\u0119 profil PA LED &#8211; tak\u017ce\u00a0 z soczewk\u0105- w rozstawie co 100 cm, co pozwala na zachowanie jednolitej jasno\u015bci \u015bwiecenia<\/p>\n<p><strong>Cena dotyczy 1 mb.<\/strong><\/p>\n<p>&nbsp;<\/p>\n<p>Profil aluminiowy PA LED 22&#215;18 mm mo\u017cna r\u00f3wnie\u017c wykorzystywa\u0107 jako o\u015bwietlenie we wn\u0119trzach mieszkalnych, biurowych lub gospodarczych. Stosuj\u0105c r\u00f3\u017cne ta\u015bmy LED mog\u0105 one pe\u0142ni\u0107 funkcj\u0119 o\u015bwietleniow\u0105 lub dekoracyjn\u0105. Dzi\u0119ki wykorzystaniu systemu SAKORAMY mo\u017cna j\u0105 instalowa\u0107 na r\u00f3\u017cnego rodzaju powierzchniach \u2013 \u015bcianach, suficie, jak r\u00f3wnie\u017c wbudowywa\u0107 w \u015bciany z p\u0142yt kartonowo \u2013 gipsowych lub drewnianych.<\/p>\n<p>Profil aluminiowy do\u015bwietlaj\u0105cy. U\u017cywany jest jako dodatkowy element do LEDORAM do\u015bwietlaj\u0105cy zaciemnione miejsca. Dzi\u0119ki ma\u0142ym gabarytom mo\u017cna swobodnie umieszcza\u0107 go wewn\u0105trz ramy reklamowej z zastosowaniem soczewki rozpraszaj\u0105cej. Soczewka i ta\u015bma LED nie wchodz\u0105 w sk\u0142ad ceny profilu.<\/p>\n<p>Wymiary [szer. x gr]:<\/p>\n<p>22 x 18 mm.<\/p>\n<p>D\u0142ugo\u015b\u0107 sztang:<\/p>\n<p>2,00 mb.<\/p>\n","protected":false},"excerpt":{"rendered":"<p>Profil aluminiowy PA LED 22&#215;18 mm to uniwersalny profil do wielu zastosowa\u0144. G\u0142\u00f3wnym przeznaczeniem profilu PA LED jest do\u015bwietlenie LEDORAM o szeroko\u015bci wi\u0119kszej ni\u017c 100 cm. Wewn\u0105trz LEDORAM skonstruowanych z profili PA LED 100&#215;50 umieszcza si\u0119 profil PA LED &#8211; tak\u017ce\u00a0 z soczewk\u0105- w rozstawie co 100 cm, co pozwala na zachowanie jednolitej jasno\u015bci \u015bwiecenia [&hellip;]<\/p>\n","protected":false},"featured_media":5652,"template":"","meta":{"_acf_changed":false},"product_cat":[552],"product_tag":[],"class_list":{"0":"post-5648","1":"product","2":"type-product","3":"status-publish","4":"has-post-thumbnail","6":"product_cat-profile-surowe","8":"first","9":"instock","10":"taxable","11":"shipping-taxable","12":"purchasable","13":"product-type-simple","swatches":"rey-swatches","show_selected":""},"acf":[],"_links":{"self":[{"href":"https:\/\/sakoplan.pl\/en\/wp-json\/wp\/v2\/product\/5648","targetHints":{"allow":["GET"]}}],"collection":[{"href":"https:\/\/sakoplan.pl\/en\/wp-json\/wp\/v2\/product"}],"about":[{"href":"https:\/\/sakoplan.pl\/en\/wp-json\/wp\/v2\/types\/product"}],"version-history":[{"count":0,"href":"https:\/\/sakoplan.pl\/en\/wp-json\/wp\/v2\/product\/5648\/revisions"}],"wp:featuredmedia":[{"embeddable":true,"href":"https:\/\/sakoplan.pl\/en\/wp-json\/wp\/v2\/media\/5652"}],"wp:attachment":[{"href":"https:\/\/sakoplan.pl\/en\/wp-json\/wp\/v2\/media?parent=5648"}],"wp:term":[{"taxonomy":"product_cat","embeddable":true,"href":"https:\/\/sakoplan.pl\/en\/wp-json\/wp\/v2\/product_cat?post=5648"},{"taxonomy":"product_tag","embeddable":true,"href":"https:\/\/sakoplan.pl\/en\/wp-json\/wp\/v2\/product_tag?post=5648"}],"curies":[{"name":"wp","href":"https:\/\/api.w.org\/{rel}","templated":true}]}}