{"id":5426,"date":"2025-11-12T08:52:52","date_gmt":"2025-11-12T08:52:52","guid":{"rendered":"https:\/\/sakoplan.pl\/?post_type=product&#038;p=5426"},"modified":"2025-11-12T09:26:11","modified_gmt":"2025-11-12T09:26:11","slug":"tkanina-poliestrowa-barwiona-p190","status":"publish","type":"product","link":"https:\/\/sakoplan.pl\/en\/product\/tkanina-poliestrowa-barwiona-p190\/","title":{"rendered":"Tkanina poliestrowa barwiona P190"},"content":{"rendered":"<p>Materia\u0142 bardzo elastyczny do zastosowa\u0144 na meble ogrodowe, zadaszenia, \u015bciany ma\u0142ych namiot\u00f3w, a tak\u017ce reklamy dmuchane. Powleczenie PU (poliuretan) sprawia, \u017ce materia\u0142 jest wodoodporny i wodoszczelny. Tkanina poliestrowa, kt\u00f3r\u0105 mo\u017cna zadrukowa\u0107 metod\u0105 sublimacji.\u00a0Doskona\u0142a stabilizacja w\u0142\u00f3kien.<\/p>\n<p>&nbsp;<\/p>\n<p>Dane techniczne:<br \/>\nGramatura: 190 g\/m2<br \/>\nSzeroko\u015b\u0107: 160 cm<br \/>\nKolor: ecri, jasno szary, b\u0142\u0119kitny, niebieski, ciemno zielony, czerwony, bordowy, czarny<br \/>\nNaw\u00f3j: r\u00f3\u017cne<br \/>\nNieprzemakalno\u015b\u0107: do 600mm wysoko\u015bci s\u0142upa wody<br \/>\nNaw\u00f3j: ok. 90 mb<br \/>\nPrzeznaczony do druku: \u2716<\/p>\n<p>&nbsp;<\/p>\n<p>SPLOT:<\/p>\n<p>OSNOWA: 150DX2. 60T na cal<\/p>\n<p>W\u0104TEK: 300D, 50T na cal<\/p>\n<p>Pokrycie PU zapewnia wodoszczelno\u015b\u0107 o warto\u015bci do 600mm wysoko\u015bci s\u0142upa wody<\/p>","protected":false},"excerpt":{"rendered":"<p>Materia\u0142 bardzo elastyczny do zastosowa\u0144 na meble ogrodowe, zadaszenia, \u015bciany ma\u0142ych namiot\u00f3w, a tak\u017ce reklamy dmuchane. Powleczenie PU (poliuretan) sprawia, \u017ce materia\u0142 jest wodoodporny i wodoszczelny. Tkanina poliestrowa, kt\u00f3r\u0105 mo\u017cna zadrukowa\u0107 metod\u0105 sublimacji.\u00a0Doskona\u0142a stabilizacja w\u0142\u00f3kien. &nbsp; Dane techniczne: Gramatura: 190 g\/m2 Szeroko\u015b\u0107: 160 cm Kolor: ecri, jasno szary, b\u0142\u0119kitny, niebieski, ciemno zielony, czerwony, bordowy, czarny [&hellip;]<\/p>\n","protected":false},"featured_media":5435,"template":"","meta":{"_acf_changed":false},"product_cat":[513],"product_tag":[],"class_list":{"0":"post-5426","1":"product","2":"type-product","3":"status-publish","4":"has-post-thumbnail","6":"product_cat-gramatura-190-g-m2","7":"pa_kolor-bezowy-1015","8":"pa_kolor-bordowy","9":"pa_kolor-jasny-niebieski-3786","10":"pa_kolor-niebieski-5002","12":"first","13":"instock","14":"taxable","15":"shipping-taxable","16":"purchasable","17":"product-type-variable","swatches":"rey-swatches","show_selected":""},"acf":[],"_links":{"self":[{"href":"https:\/\/sakoplan.pl\/en\/wp-json\/wp\/v2\/product\/5426","targetHints":{"allow":["GET"]}}],"collection":[{"href":"https:\/\/sakoplan.pl\/en\/wp-json\/wp\/v2\/product"}],"about":[{"href":"https:\/\/sakoplan.pl\/en\/wp-json\/wp\/v2\/types\/product"}],"version-history":[{"count":0,"href":"https:\/\/sakoplan.pl\/en\/wp-json\/wp\/v2\/product\/5426\/revisions"}],"wp:featuredmedia":[{"embeddable":true,"href":"https:\/\/sakoplan.pl\/en\/wp-json\/wp\/v2\/media\/5435"}],"wp:attachment":[{"href":"https:\/\/sakoplan.pl\/en\/wp-json\/wp\/v2\/media?parent=5426"}],"wp:term":[{"taxonomy":"product_cat","embeddable":true,"href":"https:\/\/sakoplan.pl\/en\/wp-json\/wp\/v2\/product_cat?post=5426"},{"taxonomy":"product_tag","embeddable":true,"href":"https:\/\/sakoplan.pl\/en\/wp-json\/wp\/v2\/product_tag?post=5426"}],"curies":[{"name":"wp","href":"https:\/\/api.w.org\/{rel}","templated":true}]}}