{"id":5310,"date":"2025-11-10T12:10:41","date_gmt":"2025-11-10T12:10:41","guid":{"rendered":"https:\/\/sakoplan.pl\/?post_type=product&#038;p=5310"},"modified":"2025-11-17T10:34:01","modified_gmt":"2025-11-17T10:34:01","slug":"folia-wysokoprzezroczysta-bezftalanowa-05-mm-szer-170-cm","status":"publish","type":"product","link":"https:\/\/sakoplan.pl\/en\/product\/folia-wysokoprzezroczysta-bezftalanowa-05-mm-szer-170-cm\/","title":{"rendered":"Folia wysokoprzezroczysta bezftalanowa 0,5 mm, szer. 170 cm"},"content":{"rendered":"<p>Nowa jako\u015b\u0107 folii w naszej ofercie &#8211;\u00a0<strong>folia bez ftalan\u00f3w w dotychczasowej cenie!<\/strong>\u00a0Folia g\u0142adka u\u017cywana do\u00a0wykonywania okien w namiotach i halach namiotowych, a tak\u017ce w systemach bramowych, reklamie oraz ogrodnictwie. Posiadamy wersje bez zbrojenia poliestrem (g\u0142adka oraz z nadrukiem kratki) oraz ze zbrojeniem poliestrowym.<\/p>\n<p>&nbsp;<\/p>\n<p><strong>Z uwagi na bardzo du\u017ce zainteresowanie foliami prze\u017aroczystymi, termin realizacji zam\u00f3wie\u0144 detalicznych (materia\u0142 odcinany z rolek) mo\u017ce ulec wyd\u0142u\u017ceniu do 3 dni.<\/strong><\/p>\n<p><strong>Prosimy o wyrozumia\u0142o\u015b\u0107 i cierpliwo\u015b\u0107 &#8211; nasz magazyn pracuje pe\u0142n\u0105 par\u0105 aby zapewni\u0107 Pa\u0144stwu najwy\u017cszej jako\u015bci materia\u0142 dostosowany do Pa\u0144stwa potrzeb.<\/strong><\/p>\n<p>WA\u017bNE: Folia okienna bez zbrojenia gwarantuje bardzo wysokie parametry u\u017cytkowe przy zachowaniu najni\u017cszej ceny na rynku. Spe\u0142nia wymagania norm\u00a0<strong>REACH<\/strong>.<\/p>\n<p>&nbsp;<\/p>\n<p>Grubo\u015b\u0107: 0,5 mm<br \/>\nGramatura: ok. 650 g\/m2<br \/>\nSzeroko\u015b\u0107: 170 cm<br \/>\nNaw\u00f3j: 30 mb<\/p>","protected":false},"excerpt":{"rendered":"<p>Nowa jako\u015b\u0107 folii w naszej ofercie &#8211;\u00a0folia bez ftalan\u00f3w w dotychczasowej cenie!\u00a0Folia g\u0142adka u\u017cywana do\u00a0wykonywania okien w namiotach i halach namiotowych, a tak\u017ce w systemach bramowych, reklamie oraz ogrodnictwie. Posiadamy wersje bez zbrojenia poliestrem (g\u0142adka oraz z nadrukiem kratki) oraz ze zbrojeniem poliestrowym. &nbsp; Z uwagi na bardzo du\u017ce zainteresowanie foliami prze\u017aroczystymi, termin realizacji zam\u00f3wie\u0144 [&hellip;]<\/p>\n","protected":false},"featured_media":5315,"template":"","meta":{"_acf_changed":false},"product_cat":[650,463,630,541],"product_tag":[],"class_list":{"0":"post-5310","1":"product","2":"type-product","3":"status-publish","4":"has-post-thumbnail","6":"product_cat-folie-przezroczyste-przemyslowe","7":"product_cat-folie-przezroczyste","8":"product_cat-folie-wysokoprzezroczyste","9":"product_cat-grubosc-ponizej-05-mm","11":"first","12":"instock","13":"taxable","14":"shipping-taxable","15":"purchasable","16":"product-type-variable","swatches":"rey-swatches","show_selected":""},"acf":[],"_links":{"self":[{"href":"https:\/\/sakoplan.pl\/en\/wp-json\/wp\/v2\/product\/5310","targetHints":{"allow":["GET"]}}],"collection":[{"href":"https:\/\/sakoplan.pl\/en\/wp-json\/wp\/v2\/product"}],"about":[{"href":"https:\/\/sakoplan.pl\/en\/wp-json\/wp\/v2\/types\/product"}],"version-history":[{"count":0,"href":"https:\/\/sakoplan.pl\/en\/wp-json\/wp\/v2\/product\/5310\/revisions"}],"wp:featuredmedia":[{"embeddable":true,"href":"https:\/\/sakoplan.pl\/en\/wp-json\/wp\/v2\/media\/5315"}],"wp:attachment":[{"href":"https:\/\/sakoplan.pl\/en\/wp-json\/wp\/v2\/media?parent=5310"}],"wp:term":[{"taxonomy":"product_cat","embeddable":true,"href":"https:\/\/sakoplan.pl\/en\/wp-json\/wp\/v2\/product_cat?post=5310"},{"taxonomy":"product_tag","embeddable":true,"href":"https:\/\/sakoplan.pl\/en\/wp-json\/wp\/v2\/product_tag?post=5310"}],"curies":[{"name":"wp","href":"https:\/\/api.w.org\/{rel}","templated":true}]}}