{"id":5264,"date":"2025-11-10T10:58:31","date_gmt":"2025-11-10T10:58:31","guid":{"rendered":"https:\/\/sakoplan.pl\/?post_type=product&#038;p=5264"},"modified":"2025-11-10T11:02:13","modified_gmt":"2025-11-10T11:02:13","slug":"plandeka-antywlamaniowa-siosteel","status":"publish","type":"product","link":"https:\/\/sakoplan.pl\/en\/product\/plandeka-antywlamaniowa-siosteel\/","title":{"rendered":"Plandeka antyw\u0142amaniowa &#8211; SIOSTEEL"},"content":{"rendered":"<p>Panele siatki elastycznej ta\u015bmy stalowej zalanej w PCV, przygrzewane do plandeki. Oczko ok. 10 x 10 cm, szeroko\u015b\u0107 ta\u015bmy wraz z otoczk\u0105 PCV ok. 7 mm.<\/p>\n<p>&nbsp;<\/p>\n<p>Istnieje mo\u017cliwo\u015b\u0107 zam\u00f3wienia rolki o wybranej szeroko\u015bci samej siatki stalowej z otoczk\u0105, b\u0105d\u017a te\u017c gotowych bok\u00f3w plandekowych z umocowanymi ju\u017c panelami we wskazanym i dok\u0142adnie opisanym po\u0142o\u017ceniu.<br \/>\nMateria\u0142 na kt\u00f3rym mocowany jest SIOSTEEL to B7119 i B6000, zyskuj\u0105 wtedy kody odpowiednio: D7119 i D6000.<br \/>\nGramatura\u00a0<strong>D7119 \u2013 880 g\/m<sup>2<\/sup><\/strong><br \/>\nGramatura\u00a0<strong>D6000 \u2013 1150 g\/m<sup>2<\/sup><\/strong><br \/>\nMo\u017cliwa szeroko\u015b\u0107 paneli:\u00a0<strong>90 cm, 130 cm, 180 cm<\/strong><br \/>\nNaw\u00f3j:\u00a0<strong>dowolny<\/strong><\/p>","protected":false},"excerpt":{"rendered":"<p>Panele siatki elastycznej ta\u015bmy stalowej zalanej w PCV, przygrzewane do plandeki. Oczko ok. 10 x 10 cm, szeroko\u015b\u0107 ta\u015bmy wraz z otoczk\u0105 PCV ok. 7 mm. &nbsp; Istnieje mo\u017cliwo\u015b\u0107 zam\u00f3wienia rolki o wybranej szeroko\u015bci samej siatki stalowej z otoczk\u0105, b\u0105d\u017a te\u017c gotowych bok\u00f3w plandekowych z umocowanymi ju\u017c panelami we wskazanym i dok\u0142adnie opisanym po\u0142o\u017ceniu. Materia\u0142 [&hellip;]<\/p>\n","protected":false},"featured_media":5265,"template":"","meta":{"_acf_changed":false},"product_cat":[452],"product_tag":[],"class_list":{"0":"post-5264","1":"product","2":"type-product","3":"status-publish","4":"has-post-thumbnail","6":"product_cat-antywlamaniowe","8":"first","9":"outofstock","10":"taxable","11":"shipping-taxable","12":"product-type-simple","swatches":"rey-swatches","show_selected":""},"acf":[],"_links":{"self":[{"href":"https:\/\/sakoplan.pl\/en\/wp-json\/wp\/v2\/product\/5264","targetHints":{"allow":["GET"]}}],"collection":[{"href":"https:\/\/sakoplan.pl\/en\/wp-json\/wp\/v2\/product"}],"about":[{"href":"https:\/\/sakoplan.pl\/en\/wp-json\/wp\/v2\/types\/product"}],"version-history":[{"count":0,"href":"https:\/\/sakoplan.pl\/en\/wp-json\/wp\/v2\/product\/5264\/revisions"}],"wp:featuredmedia":[{"embeddable":true,"href":"https:\/\/sakoplan.pl\/en\/wp-json\/wp\/v2\/media\/5265"}],"wp:attachment":[{"href":"https:\/\/sakoplan.pl\/en\/wp-json\/wp\/v2\/media?parent=5264"}],"wp:term":[{"taxonomy":"product_cat","embeddable":true,"href":"https:\/\/sakoplan.pl\/en\/wp-json\/wp\/v2\/product_cat?post=5264"},{"taxonomy":"product_tag","embeddable":true,"href":"https:\/\/sakoplan.pl\/en\/wp-json\/wp\/v2\/product_tag?post=5264"}],"curies":[{"name":"wp","href":"https:\/\/api.w.org\/{rel}","templated":true}]}}