{"id":5185,"date":"2025-11-07T09:53:28","date_gmt":"2025-11-07T09:53:28","guid":{"rendered":"https:\/\/sakoplan.pl\/?post_type=product&#038;p=5185"},"modified":"2025-11-17T11:03:21","modified_gmt":"2025-11-17T11:03:21","slug":"siatka-pvc-stm400fr-400-g-m2-szer-210-cm","status":"publish","type":"product","link":"https:\/\/sakoplan.pl\/en\/product\/siatka-pvc-stm400fr-400-g-m2-szer-210-cm\/","title":{"rendered":"Siatka PVC &#8211; STM400FR, 400 g\/m2, szer. 210 cm"},"content":{"rendered":"<p>Mocna siatka \u00a0o wysokiej wytrzyma\u0142o\u015bci na bazie w\u0142\u00f3kna poliestrowego. Jest produktem niepalnym. Wyst\u0119puje w\u00a0 kolorach : czarnym, niebieskim, zielonym, jasnoszarym, ciemnoszarym i czerwonym.<\/p>\n<p>&nbsp;<\/p>\n<p>Gramatura: 400 g\/m2<\/p>\n<p>szeroko\u015b\u0107: 210 cm<\/p>\n<p>naw\u00f3j: 50mb<\/p>\n<p>Wielko\u015b\u0107 oczka: 1 mm x 1 mm<\/p>","protected":false},"excerpt":{"rendered":"<p>Mocna siatka \u00a0o wysokiej wytrzyma\u0142o\u015bci na bazie w\u0142\u00f3kna poliestrowego. Jest produktem niepalnym. Wyst\u0119puje w\u00a0 kolorach : czarnym, niebieskim, zielonym, jasnoszarym, ciemnoszarym i czerwonym. &nbsp; Gramatura: 400 g\/m2 szeroko\u015b\u0107: 210 cm naw\u00f3j: 50mb Wielko\u015b\u0107 oczka: 1 mm x 1 mm<\/p>","protected":false},"featured_media":5193,"template":"","meta":{"_acf_changed":false},"product_cat":[268,657],"product_tag":[],"class_list":{"0":"post-5185","1":"product","2":"type-product","3":"status-publish","4":"has-post-thumbnail","6":"product_cat-sakoplan-trudnopalne","7":"product_cat-siatki-mesh","8":"pa_kolor-ral-3002","9":"pa_kolor-ral-5005","10":"pa_kolor-ral-6026","11":"pa_kolor-ral-7037","12":"pa_kolor-ral-7038","13":"pa_kolor-sioen-7999-ral-9005","15":"first","16":"instock","17":"taxable","18":"shipping-taxable","19":"purchasable","20":"product-type-variable","swatches":"rey-swatches","show_selected":""},"acf":[],"_links":{"self":[{"href":"https:\/\/sakoplan.pl\/en\/wp-json\/wp\/v2\/product\/5185","targetHints":{"allow":["GET"]}}],"collection":[{"href":"https:\/\/sakoplan.pl\/en\/wp-json\/wp\/v2\/product"}],"about":[{"href":"https:\/\/sakoplan.pl\/en\/wp-json\/wp\/v2\/types\/product"}],"version-history":[{"count":0,"href":"https:\/\/sakoplan.pl\/en\/wp-json\/wp\/v2\/product\/5185\/revisions"}],"wp:featuredmedia":[{"embeddable":true,"href":"https:\/\/sakoplan.pl\/en\/wp-json\/wp\/v2\/media\/5193"}],"wp:attachment":[{"href":"https:\/\/sakoplan.pl\/en\/wp-json\/wp\/v2\/media?parent=5185"}],"wp:term":[{"taxonomy":"product_cat","embeddable":true,"href":"https:\/\/sakoplan.pl\/en\/wp-json\/wp\/v2\/product_cat?post=5185"},{"taxonomy":"product_tag","embeddable":true,"href":"https:\/\/sakoplan.pl\/en\/wp-json\/wp\/v2\/product_tag?post=5185"}],"curies":[{"name":"wp","href":"https:\/\/api.w.org\/{rel}","templated":true}]}}