{"id":5175,"date":"2025-11-07T09:10:32","date_gmt":"2025-11-07T09:10:32","guid":{"rendered":"https:\/\/sakoplan.pl\/?post_type=product&#038;p=5175"},"modified":"2025-11-17T10:39:45","modified_gmt":"2025-11-17T10:39:45","slug":"b6701-antystatyczny-1700-g-m2-szer-240-cm","status":"publish","type":"product","link":"https:\/\/sakoplan.pl\/en\/product\/b6701-antystatyczny-1700-g-m2-szer-240-cm\/","title":{"rendered":"B6701 &#8211; antystatyczny, 1700 g\/m2, szer. 240 cm"},"content":{"rendered":"<div class=\"row\">\n<div class=\"col-sm-9\">Mocny materia\u0142 typu Panama. Materia\u0142 antystatyczny do zastosowa\u0144 np. na kana\u0142y wentylacyjne, przegrody spawalnicze, itp. <strong style=\"color: #484f56; font-size: 1.125rem;\">MATERIA\u0141 PLANDEKOWY SPRZEDAWANY JEST TYLKO W ROLKACH.<\/strong><\/div>\n<\/div>\n<div><\/div>\n<div><\/div>\n<div>\n<p>Dane techniczne:<\/p>\n<p>Gramatura: 1700 g\/m2<br \/>\nSzeroko\u015b\u0107: 240 cm<br \/>\nNaw\u00f3j: 15,5 \/ 25 mb<\/p>\n<p>Poziom antystatyczno\u015bci\u00a0<strong>&lt;5x10E9 Ohm<\/strong><\/p>\n<\/div>","protected":false},"excerpt":{"rendered":"<p>Mocny materia\u0142 typu Panama. Materia\u0142 antystatyczny do zastosowa\u0144 np. na kana\u0142y wentylacyjne, przegrody spawalnicze, itp. MATERIA\u0141 PLANDEKOWY SPRZEDAWANY JEST TYLKO W ROLKACH. Dane techniczne: Gramatura: 1700 g\/m2 Szeroko\u015b\u0107: 240 cm Naw\u00f3j: 15,5 \/ 25 mb Poziom antystatyczno\u015bci\u00a0&lt;5x10E9 Ohm<\/p>","protected":false},"featured_media":5176,"template":"","meta":{"_acf_changed":false},"product_cat":[655,651,264],"product_tag":[],"class_list":{"0":"post-5175","1":"product","2":"type-product","3":"status-publish","4":"has-post-thumbnail","6":"product_cat-materialy-antystatyczne","7":"product_cat-na-bramy-przemyslowe","8":"product_cat-sioen-gramatura-powyzej-900-g-m2","9":"pa_kolor-3056-oranz","10":"pa_kolor-339","12":"first","13":"outofstock","14":"taxable","15":"shipping-taxable","16":"purchasable","17":"product-type-variable","swatches":"rey-swatches","show_selected":""},"acf":[],"_links":{"self":[{"href":"https:\/\/sakoplan.pl\/en\/wp-json\/wp\/v2\/product\/5175","targetHints":{"allow":["GET"]}}],"collection":[{"href":"https:\/\/sakoplan.pl\/en\/wp-json\/wp\/v2\/product"}],"about":[{"href":"https:\/\/sakoplan.pl\/en\/wp-json\/wp\/v2\/types\/product"}],"version-history":[{"count":0,"href":"https:\/\/sakoplan.pl\/en\/wp-json\/wp\/v2\/product\/5175\/revisions"}],"wp:featuredmedia":[{"embeddable":true,"href":"https:\/\/sakoplan.pl\/en\/wp-json\/wp\/v2\/media\/5176"}],"wp:attachment":[{"href":"https:\/\/sakoplan.pl\/en\/wp-json\/wp\/v2\/media?parent=5175"}],"wp:term":[{"taxonomy":"product_cat","embeddable":true,"href":"https:\/\/sakoplan.pl\/en\/wp-json\/wp\/v2\/product_cat?post=5175"},{"taxonomy":"product_tag","embeddable":true,"href":"https:\/\/sakoplan.pl\/en\/wp-json\/wp\/v2\/product_tag?post=5175"}],"curies":[{"name":"wp","href":"https:\/\/api.w.org\/{rel}","templated":true}]}}