{"id":5073,"date":"2025-11-06T19:43:47","date_gmt":"2025-11-06T19:43:47","guid":{"rendered":"https:\/\/sakoplan.pl\/?post_type=product&#038;p=5073"},"modified":"2025-11-10T10:56:37","modified_gmt":"2025-11-10T10:56:37","slug":"5073","status":"publish","type":"product","link":"https:\/\/sakoplan.pl\/en\/product\/5073\/","title":{"rendered":"Plandeka antyw\u0142amaniowa &#8211; zbrojona SAKOPLAN APP"},"content":{"rendered":"<p><strong>SAKOPLAN APP HIGH SECURITY &#8211;\u00a0<\/strong>system antyw\u0142amaniowy zapewniaj\u0105cy\u00a0<strong>bezpiecze\u0144stwo transportowanych \u0142adunk\u00f3w<\/strong>. Ochrona antyw\u0142amaniowa sk\u0142ada si\u0119 z:\u00a0<strong>zbrojenia plandeki i\u00a0zabezpieczenia elektronicznego. CENA DOTYCZY MATERIA\u0141U PLANDEKOWEGO ZE ZBROJENIEM NA WYSOKO\u015a\u0106 150 CM NA\u00a0DWA BOKI\u00a0PLANDEKI<\/strong><\/p>\n<p>&nbsp;<\/p>\n<p><strong>SAKOPLAN APP HIGH SECURITY\u00a0<\/strong>to innowacyjny system antyw\u0142amaniowy zapewniaj\u0105cy<strong>\u00a0bardzo du\u017ce bezpiecze\u0144stwo pojazd\u00f3w i transportowanych \u0142adunk\u00f3w<\/strong>. Kompleksowa ochrona antyw\u0142amaniowa sk\u0142ada si\u0119 z dw\u00f3ch wsp\u00f3\u0142pracuj\u0105cych system\u00f3w:<\/p>\n<ol>\n<li><strong>zbrojenie plandeki dwiema galwanizowanymi linkami stalowymi,<\/strong>\u00a0o grubso\u015bci 1 mm, w izolacji PVC,<\/li>\n<li><strong>zabezpieczenie elektroniczne \u2013 centrala alarmowa<\/strong>\u00a0wyposa\u017cona w bezprzewodowe czujniki monitoruj\u0105ce stan plandeki, drzwi naczepy i wybrane dodatkowe miejsca.<\/li>\n<\/ol>\n<p>Aplikacja dwiema linkami stalowymi wykonywana jest na materiale plandekowym\u00a0<strong>900 g\/m<sup>2<\/sup><\/strong>\u00a0&#8211;\u00a0<strong>PANAMA<\/strong>. Ka\u017cda z wykonanych plandek jest w pe\u0142ni przystosowana do\u00a0pod\u0142\u0105czenia, opracowanego dla tego zadania elektronicznego zabezpieczenia. Dzi\u0119ki wykonaniu zbrojenia dwiema linkami stalowymi, tworz\u0105cymi krat\u0119 o wymiarach\u00a0<strong>16 x 16 cm<\/strong>, plandeka jest bardzo\u00a0<strong>elastyczna<\/strong>, a<strong>\u00a0pasy wzmocnieniowe<\/strong>\u00a0mo\u017cna przygrza\u0107 do plandeki po wykonanej aplikacji zbrojenia.<\/p>\n<p><strong>Wymiary<\/strong><\/p>\n<p>Nasza\u00a0<strong>plandek antyw\u0142amaniowa<\/strong>\u00a0dostosowana jest do wszystkich naczep wiod\u0105cych producent\u00f3w:<\/p>\n<ul>\n<li><strong>Schmitz\u00a0<\/strong>\u2013 szeroko\u015b\u0107 zbrojenia 13,25 mb,<\/li>\n<li><strong>Krone\u00a0<\/strong>\u2013 szeroko\u015b\u0107 zbrojenia 13,43 mb,<\/li>\n<\/ul>\n<p>Mamy tak\u017ce w ofercie wykonanie\u00a0<strong>zbrojonych, antyw\u0142amaniowych dach\u00f3w<\/strong>\u00a0na materiale\u00a0 o gramaturze\u00a0<strong>650 g\/m<sup>2<\/sup><\/strong>:<\/p>\n<ul>\n<li><strong>zbrojony dach\u00a0<\/strong>\u2013 szeroko\u015b\u0107 materia\u0142u &#8211; 300 cm , wymiar\u00a0zbrojenia 13,25 m\u00a0 x\u00a0 2,20 m.<\/li>\n<\/ul>\n<p>Je\u015bli jednak potrzebujesz inny. niestandardowy wymiar zapraszamy do kontaktu &#8211; zrobimy go specjalnie dla Ciebie!<\/p>\n<p><strong>Koszt<\/strong><\/p>\n<ol>\n<li>\u00a0\u00a0\u00a0\u00a0\u00a0\u00a0\u00a0Materia\u0142\u00a0<strong>900 g\/m<sup>2<\/sup><\/strong>\u00a0z aplikacj\u0105 o wysoko\u015bci 150 cm, na dwa\u00a0<strong>boki<\/strong>\u00a0plandeki:\u00a0\u00a0<strong>3 510 PLN + VAT<\/strong><\/li>\n<li>\u00a0\u00a0\u00a0\u00a0\u00a0\u00a0\u00a0Materia\u0142\u00a0<strong>900 g\/m<sup>2<\/sup><\/strong>\u00a0z aplikacj\u0105 o wysoko\u015bci 150 cm, na dwa\u00a0<strong>boki<\/strong>\u00a0plandeki + centrala alarmowa z dwoma czujnikami przeci\u0119cia:\u00a0<strong>5 510 PLN + VAT<\/strong><\/li>\n<li>\u00a0\u00a0\u00a0\u00a0\u00a0\u00a0\u00a0Dodatkowe zabezpieczenie z czujnikiem na\u00a0<strong>drzwi<\/strong>\u00a0naczepy:\u00a0\u00a0<strong>290 PLN + VAT<\/strong><\/li>\n<li><strong>\u00a0 \u00a0 \u00a0 \u00a0<\/strong>Zbrojenie\u00a0<strong>dachu &#8211;\u00a0<\/strong>materia\u0142<strong>\u00a0650\u00a0g\/m<sup>2<\/sup>\u00a0<\/strong>z\u00a0aplikacj\u0105 zbrojenia, o wymiarze 13,25 m\u00a0 x\u00a0 2,20 m:\u00a0<strong><b>1950\u00a0PLN + VAT<\/b><\/strong><\/li>\n<\/ol>\n<p>Jedynie ten system wykonania ochrony linkami stalowymi\u00a0<strong>umo\u017cliwia pod\u0142\u0105czenie elektronicznego zabezpieczenia<\/strong><br \/>\n<strong>z alarmem i modu\u0142em GPS<\/strong>. W przypadku wandalizmu &#8211; (przerwania linek) system mo\u017cna \u0142atwo naprawi\u0107 poprzez<br \/>\npo\u0142\u0105czenie ci\u0105g\u0142o\u015bci obwodu z\u0142\u0105czkami elektrycznymi.<\/p>\n<p><strong>Innowacyjny system centrali alarmowej opiera si\u0119 na wsp\u00f3\u0142dzia\u0142aniu 3 element\u00f3w:\u00a0<\/strong><\/p>\n<ol>\n<li><strong>Centrala alarmowa montowana w ci\u0105gniku siod\u0142owym\u00a0 \u2013 Athos CA-2103<\/strong><\/li>\n<\/ol>\n<p>Najnowsza generacja alarmu GSM\/GPS z mo\u017cliwo\u015bci\u0105 monta\u017cu na magistrali CAN pozwala na pod\u0142\u0105czenie do 24 czujnik\u00f3w. Oferuje pe\u0142ny monitoring trucka, a tak\u017ce funkcj\u0119\u00a0<strong>Geofance<\/strong>\u00a0&#8211; wysy\u0142a informacj\u0119 za pomoc\u0105 wiadomo\u015bci SMS o opuszczeniu okre\u015blonej strefy, co mo\u017ce sugerowa\u0107 m. in. kradzie\u017c pojazdu.<\/p>\n<ol>\n<li><strong>Bezprzewodowy czujnik przeci\u0119cia plandeki lub jego pr\u00f3by \u2013 JA-150M<\/strong><\/li>\n<\/ol>\n<p>Czujnik na bie\u017c\u0105co wysy\u0142a informacje o swoim stanie do centrali steruj\u0105cej. Ka\u017cda pr\u00f3ba przeci\u0119cia plandeki, zerwania lub uszkodzenia czujnika powoduje wys\u0142anie sygna\u0142u do centrali, kt\u00f3ra prze\u015ble informacj\u0119 alarmow\u0105 do wybranych miejsc docelowych oraz uruchomi sygna\u0142 \u015bwietlno-d\u017awi\u0119kowy. \u017bywotno\u015b\u0107 baterii AA 1,5 V (1szt.) wynosi 2 lata, a system samoistnie poinformuje o ma\u0142ym zasobie energii.<\/p>\n<ol>\n<li><strong>Kontaktron otwarcia drzwi naczepy \u2013\u00a0<\/strong>\u00a0<strong>SA-220<\/strong><\/li>\n<\/ol>\n<p>Czujnik przystosowany do pracy w trudnych warunkach wymagaj\u0105cych niezawodno\u015bci i zwi\u0119kszonej wytrzyma\u0142o\u015bci. Wzmocniona, metalowa hermetyczna obudowa montowana jest na sta\u0142e do konstrukcji naczepy.<\/p>\n<p><strong>Dedykowana mobilna aplikacja dla SAKOPLAN APP<\/strong><\/p>\n<p>System\u00a0<strong>SAKOPLAN APP HIGH SECURITY sprz\u0119\u017cony\u00a0<\/strong>\u00a0jest z darmow\u0105 aplikacj\u0105\u00a0<strong>MyJablotron<\/strong>. Umo\u017cliwia ona nadz\u00f3r nad ca\u0142\u0105 flot\u0105 pojazd\u00f3w, \u00a0jest\u00a0 dost\u0119pna zar\u00f3wno na komputerach, tabletach jak i smartfonach. Aplikacja umo\u017cliwia dost\u0119p do takich funkcji jak:<\/p>\n<table>\n<tbody>\n<tr>\n<td>\n<ul>\n<li>uzbrojenie i rozbrojenie systemu alarmowego ci\u0119\u017car\u00f3wki,<\/li>\n<li>test sprawno\u015bci systemu alarmowego,<\/li>\n<li>wysy\u0142anie powiadomie\u0144 (SMS, wiad. g\u0142osowa, email)<\/li>\n<li>\u015bledzenie lokalizacji i trasy w czasie rzeczywistym,<\/li>\n<li>kontrola zu\u017cytego paliwa, przebytego dystansu, pomiaru pr\u0119dko\u015bci, ewidencji czasu pracy kierowc\u00f3w,<\/li>\n<li>elektroniczna ksi\u0105\u017cka pojazd\u00f3w.<\/li>\n<\/ul>\n<\/td>\n<\/tr>\n<\/tbody>\n<\/table>\n<p><strong>Gwarancja<\/strong><\/p>\n<p>Wszystkie komponenty elektroniczne system\u00f3w alarmowych posiadaj\u0105\u00a0<strong>5-letni\u0105 gwarancj\u0119<\/strong>\u00a0pod warunkiem monta\u017cu przez firm\u0119 instalacyjn\u0105 posiadaj\u0105c\u0105 autoryzacj\u0119.<\/p>\n<p><strong>Certyfikaty<\/strong><\/p>\n<ol>\n<li>Doskona\u0142\u0105 jako\u015b\u0107 i efektywne dzia\u0142anie plandeki antyw\u0142amaniowej, rozszerzonej o central\u0119 alarmow\u0105, zapewniaj\u0105 bezprzewodowe czujniki przeci\u0119cia, posiadaj\u0105ce certyfikat i deklaracj\u0119 zgodno\u015bci\u00a0<strong>EN 50131<\/strong>.<\/li>\n<\/ol>\n<p>System spe\u0142nia wymagania zgodno\u015bci\u00a0<strong>Grade 2\u00a0<\/strong>(podwy\u017cszony poziom bezpiecze\u0144stwa).<\/p>\n<ol start=\"2\">\n<li>Europejska ochrona patentowa nr<strong>\u00a0EP 16460084<\/strong><\/li>\n<\/ol>\n<p><strong>Ubezpieczenie<\/strong><\/p>\n<p>Wyposa\u017caj\u0105c truck i naczep\u0119 w kompleksowe zabezpieczenie antyw\u0142amaniowe, mo\u017cna\u00a0<strong>uzyska\u0107 zni\u017ck\u0119 ubezpieczeniow\u0105<\/strong>. W ten spos\u00f3b nie tylko zwi\u0119ksza si\u0119 bezpiecze\u0144stwo ci\u0105gnika i \u0142adunku wewn\u0105trz naczepy, ale r\u00f3wnie\u017c zapewnia wy\u017csz\u0105 ocen\u0119 bezpiecze\u0144stwa uwzgl\u0119dnian\u0105 przez ubezpieczyciela.<\/p>","protected":false},"excerpt":{"rendered":"<p>SAKOPLAN APP HIGH SECURITY &#8211;\u00a0system antyw\u0142amaniowy zapewniaj\u0105cy\u00a0bezpiecze\u0144stwo transportowanych \u0142adunk\u00f3w. Ochrona antyw\u0142amaniowa sk\u0142ada si\u0119 z:\u00a0zbrojenia plandeki i\u00a0zabezpieczenia elektronicznego. CENA DOTYCZY MATERIA\u0141U PLANDEKOWEGO ZE ZBROJENIEM NA WYSOKO\u015a\u0106 150 CM NA\u00a0DWA BOKI\u00a0PLANDEKI &nbsp; SAKOPLAN APP HIGH SECURITY\u00a0to innowacyjny system antyw\u0142amaniowy zapewniaj\u0105cy\u00a0bardzo du\u017ce bezpiecze\u0144stwo pojazd\u00f3w i transportowanych \u0142adunk\u00f3w. Kompleksowa ochrona antyw\u0142amaniowa sk\u0142ada si\u0119 z dw\u00f3ch wsp\u00f3\u0142pracuj\u0105cych system\u00f3w: zbrojenie plandeki [&hellip;]<\/p>\n","protected":false},"featured_media":5101,"template":"","meta":{"_acf_changed":false},"product_cat":[452,261],"product_tag":[],"class_list":{"0":"post-5073","1":"product","2":"type-product","3":"status-publish","4":"has-post-thumbnail","6":"product_cat-antywlamaniowe","7":"product_cat-sakoplan-gramatura-900-g-m2","9":"first","10":"instock","11":"taxable","12":"shipping-taxable","13":"purchasable","14":"product-type-variable","swatches":"rey-swatches","show_selected":""},"acf":[],"_links":{"self":[{"href":"https:\/\/sakoplan.pl\/en\/wp-json\/wp\/v2\/product\/5073","targetHints":{"allow":["GET"]}}],"collection":[{"href":"https:\/\/sakoplan.pl\/en\/wp-json\/wp\/v2\/product"}],"about":[{"href":"https:\/\/sakoplan.pl\/en\/wp-json\/wp\/v2\/types\/product"}],"version-history":[{"count":0,"href":"https:\/\/sakoplan.pl\/en\/wp-json\/wp\/v2\/product\/5073\/revisions"}],"wp:featuredmedia":[{"embeddable":true,"href":"https:\/\/sakoplan.pl\/en\/wp-json\/wp\/v2\/media\/5101"}],"wp:attachment":[{"href":"https:\/\/sakoplan.pl\/en\/wp-json\/wp\/v2\/media?parent=5073"}],"wp:term":[{"taxonomy":"product_cat","embeddable":true,"href":"https:\/\/sakoplan.pl\/en\/wp-json\/wp\/v2\/product_cat?post=5073"},{"taxonomy":"product_tag","embeddable":true,"href":"https:\/\/sakoplan.pl\/en\/wp-json\/wp\/v2\/product_tag?post=5073"}],"curies":[{"name":"wp","href":"https:\/\/api.w.org\/{rel}","templated":true}]}}