{"id":5069,"date":"2025-11-06T19:38:05","date_gmt":"2025-11-06T19:38:05","guid":{"rendered":"https:\/\/sakoplan.pl\/?post_type=product&#038;p=5069"},"modified":"2025-11-10T11:10:05","modified_gmt":"2025-11-10T11:10:05","slug":"p6819-900-g-m2-szer-300-cm","status":"publish","type":"product","link":"https:\/\/sakoplan.pl\/en\/product\/p6819-900-g-m2-szer-300-cm\/","title":{"rendered":"P6819, 900 g\/m2, szer. 300 cm"},"content":{"rendered":"<div class=\"row\">\n<div class=\"col-sm-9\">Materia\u0142 typu Panama na firany (kurtyny do naczep) o podwy\u017cszonych parametrach, w wersji matowej, lakierowany obustronnie. Materia\u0142 mo\u017ce by\u0107 przeznaczony do druku solwentowego. <strong style=\"color: #484f56; font-size: 1.125rem;\">MATERIA\u0141 SPRZEDAWANY JEST W ROLKACH 30 i 60 mb.<\/strong><\/div>\n<\/div>","protected":false},"excerpt":{"rendered":"<p>Materia\u0142 typu Panama na firany (kurtyny do naczep) o podwy\u017cszonych parametrach, w wersji matowej, lakierowany obustronnie. Materia\u0142 mo\u017ce by\u0107 przeznaczony do druku solwentowego. MATERIA\u0141 SPRZEDAWANY JEST W ROLKACH 30 i 60 mb.<\/p>","protected":false},"featured_media":5071,"template":"","meta":{"_acf_changed":false},"product_cat":[460,262],"product_tag":[],"class_list":{"0":"post-5069","1":"product","2":"type-product","3":"status-publish","4":"has-post-thumbnail","6":"product_cat-do-druku-solwentowego","7":"product_cat-sioen-gramatura-900-g-m2","8":"pa_kolor-395","10":"first","11":"outofstock","12":"taxable","13":"shipping-taxable","14":"product-type-simple","swatches":"rey-swatches","show_selected":""},"acf":[],"_links":{"self":[{"href":"https:\/\/sakoplan.pl\/en\/wp-json\/wp\/v2\/product\/5069","targetHints":{"allow":["GET"]}}],"collection":[{"href":"https:\/\/sakoplan.pl\/en\/wp-json\/wp\/v2\/product"}],"about":[{"href":"https:\/\/sakoplan.pl\/en\/wp-json\/wp\/v2\/types\/product"}],"version-history":[{"count":0,"href":"https:\/\/sakoplan.pl\/en\/wp-json\/wp\/v2\/product\/5069\/revisions"}],"wp:featuredmedia":[{"embeddable":true,"href":"https:\/\/sakoplan.pl\/en\/wp-json\/wp\/v2\/media\/5071"}],"wp:attachment":[{"href":"https:\/\/sakoplan.pl\/en\/wp-json\/wp\/v2\/media?parent=5069"}],"wp:term":[{"taxonomy":"product_cat","embeddable":true,"href":"https:\/\/sakoplan.pl\/en\/wp-json\/wp\/v2\/product_cat?post=5069"},{"taxonomy":"product_tag","embeddable":true,"href":"https:\/\/sakoplan.pl\/en\/wp-json\/wp\/v2\/product_tag?post=5069"}],"curies":[{"name":"wp","href":"https:\/\/api.w.org\/{rel}","templated":true}]}}