{"id":5051,"date":"2025-11-06T18:43:42","date_gmt":"2025-11-06T18:43:42","guid":{"rendered":"https:\/\/sakoplan.pl\/?post_type=product&#038;p=5051"},"modified":"2025-11-17T10:37:40","modified_gmt":"2025-11-17T10:37:40","slug":"membrany-na-zbiorniki-na-biomase","status":"publish","type":"product","link":"https:\/\/sakoplan.pl\/en\/product\/membrany-na-zbiorniki-na-biomase\/","title":{"rendered":"Membrany na zbiorniki na biomas\u0119"},"content":{"rendered":"<p>Oferujemy szeroki wyb\u00f3r produkt\u00f3w do wyrobu zbiornik\u00f3w na biomas\u0119. Tutaj znajdziesz\u00a0pow\u0142oki odporne na dzia\u0142anie kwas\u00f3w i zasad.\u00a0Wszystkie typy materia\u0142\u00f3w s\u0105 lakierowane matowo, aby zapewni\u0107 znakomit\u0105 zgrzewalno\u015b\u0107, nie przywieranie i \u0142atwo\u015b\u0107 usuwania zabrudze\u0144 oraz odporno\u015b\u0107 chemiczn\u0105.\u00a0Materia\u0142 dost\u0119pny na zam\u00f3wienie &#8211; prosimy o kontakt ze sklepem.<\/p>\n<p>&nbsp;<\/p>\n<p><strong>CELEM UZYSKANIA SZCZEG\u00d3\u0141OWYCH INFORMACJI NA TEMAT TEGO PRODUKTU, PROSIMY O KONTAKT Z OBS\u0141UG\u0104 SKLEPU.<\/strong><\/p>\n<p>DANE TECHNICZNE:<\/p>\n<p>B9070:<\/p>\n<p>Gramatura: 900 g\/m2<br \/>\nSzeroko\u015b\u0107: 300 cm<br \/>\nNaw\u00f3j: jumbo role (250 mb)<\/p>\n<p>&nbsp;<\/p>\n<p>B9160 (niepalny):<\/p>\n<p>Gramatura: 900 g\/m2<br \/>\nSzeroko\u015b\u0107: 300 cm<br \/>\nNaw\u00f3j: jumbo role (250 mb)<\/p>\n<p>Zapraszamy do pobrania szczeg\u00f3\u0142owej dokumentacji powy\u017cszych materia\u0142\u00f3w.<\/p>\n<p>&nbsp;<\/p>\n<p>INFORMACJE OG\u00d3LNE<\/p>\n<p>&nbsp;<\/p>\n<p>Zbiorniki gdzie fermentuje r\u00f3\u017cnego rodzaju biomasa celem pozyskania gazu s\u0105 elementem instalacji maj\u0105cej przekszta\u0142ca\u0107 odpady w energi\u0119, przy spalaniu biogazu.<\/p>\n<p>Okre\u015blenie Biogaz odnosi si\u0119 do biopaliwa produkowanego przy rozk\u0142adzie beztlenowym lub fermentacji materii organicznej, takiej jak gnojowica, \u015bcieki miejskie, nieczysto\u015bci sta\u0142e, odpadki biodegradowalne oraz wszelkie odpadki organiczne poddaj\u0105ce si\u0119 beztlenowemu rozk\u0142adowi. Biogaz sk\u0142ada si\u0119 g\u0142\u00f3wnie z metanu oraz dwutlenku w\u0119gla.<\/p>\n<p>&nbsp;<\/p>\n<p>W wi\u0119kszo\u015bci instalacji zbiorniki z biogazem s\u0105 przykryte dwoma rodzajami szczelnych pow\u0142ok. W zale\u017cno\u015bci od typu surowc\u00f3w producent, firma SIOEN, rozr\u00f3\u017cnia:<\/p>\n<p>&#8211; membrany przeznaczone do t\u0142ustych resztek, takich jak pozosta\u0142o\u015bci po rozbi\u00f3rce zwierz\u0105t rze\u017anych, resztki sojowe, itp.<br \/>\n&#8211; membrany w wysokim stopniu hydrolitycznie odporne na wszelkie rodzaje odpad\u00f3w, nawet kwas\u00f3w lub zasad.<\/p>","protected":false},"excerpt":{"rendered":"<p>Oferujemy szeroki wyb\u00f3r produkt\u00f3w do wyrobu zbiornik\u00f3w na biomas\u0119. Tutaj znajdziesz\u00a0pow\u0142oki odporne na dzia\u0142anie kwas\u00f3w i zasad.\u00a0Wszystkie typy materia\u0142\u00f3w s\u0105 lakierowane matowo, aby zapewni\u0107 znakomit\u0105 zgrzewalno\u015b\u0107, nie przywieranie i \u0142atwo\u015b\u0107 usuwania zabrudze\u0144 oraz odporno\u015b\u0107 chemiczn\u0105.\u00a0Materia\u0142 dost\u0119pny na zam\u00f3wienie &#8211; prosimy o kontakt ze sklepem. &nbsp; CELEM UZYSKANIA SZCZEG\u00d3\u0141OWYCH INFORMACJI NA TEMAT TEGO PRODUKTU, PROSIMY O [&hellip;]<\/p>\n","protected":false},"featured_media":5053,"template":"","meta":{"_acf_changed":false},"product_cat":[642,652,262],"product_tag":[],"class_list":{"0":"post-5051","1":"product","2":"type-product","3":"status-publish","4":"has-post-thumbnail","6":"product_cat-do-kompostow-i-zbiornikow-na-biogazy","7":"product_cat-materialy-na-zbiorniki-biogazowe-i-komposty","8":"product_cat-sioen-gramatura-900-g-m2","9":"pa_kolor-391","11":"first","12":"outofstock","13":"taxable","14":"shipping-taxable","15":"product-type-variable","swatches":"rey-swatches","show_selected":""},"acf":[],"_links":{"self":[{"href":"https:\/\/sakoplan.pl\/en\/wp-json\/wp\/v2\/product\/5051","targetHints":{"allow":["GET"]}}],"collection":[{"href":"https:\/\/sakoplan.pl\/en\/wp-json\/wp\/v2\/product"}],"about":[{"href":"https:\/\/sakoplan.pl\/en\/wp-json\/wp\/v2\/types\/product"}],"version-history":[{"count":0,"href":"https:\/\/sakoplan.pl\/en\/wp-json\/wp\/v2\/product\/5051\/revisions"}],"wp:featuredmedia":[{"embeddable":true,"href":"https:\/\/sakoplan.pl\/en\/wp-json\/wp\/v2\/media\/5053"}],"wp:attachment":[{"href":"https:\/\/sakoplan.pl\/en\/wp-json\/wp\/v2\/media?parent=5051"}],"wp:term":[{"taxonomy":"product_cat","embeddable":true,"href":"https:\/\/sakoplan.pl\/en\/wp-json\/wp\/v2\/product_cat?post=5051"},{"taxonomy":"product_tag","embeddable":true,"href":"https:\/\/sakoplan.pl\/en\/wp-json\/wp\/v2\/product_tag?post=5051"}],"curies":[{"name":"wp","href":"https:\/\/api.w.org\/{rel}","templated":true}]}}