{"id":4304,"date":"2025-11-05T09:14:13","date_gmt":"2025-11-05T09:14:13","guid":{"rendered":"https:\/\/sakoplan.pl\/?post_type=product&#038;p=4304"},"modified":"2025-11-17T10:07:15","modified_gmt":"2025-11-17T10:07:15","slug":"folia-plandekowa-okryciowa-hdpe-pe-200-200-g-m2-szer-200-cm","status":"publish","type":"product","link":"https:\/\/sakoplan.pl\/en\/product\/folia-plandekowa-okryciowa-hdpe-pe-200-200-g-m2-szer-200-cm\/","title":{"rendered":"Folia plandekowa okryciowa (HDPE) PE 200, 200 g\/m2, szer. 200 cm"},"content":{"rendered":"<div class=\"col-sm-9\">Tkanina polietylenowa (HDPE) obustronnie laminowana ze stabilizacj\u0105 UV. Wysoka gramatura jak na tkaniny polietylenowe zapewnia bardzo dobre parametry wytrzyma\u0142o\u015bci na rozrywanie i przecieranie przy niskiej wadz\u0119. Jest stosowana powszechnie jako lekka plandeka okryciowa. Charakteryzuje si\u0119 r\u00f3wnie\u017c mo\u017cliwo\u015bci\u0105 u\u017cycia urz\u0105dze\u0144 zgrzewaj\u0105cych za pomoc\u0105 gor\u0105cego powietrza.<\/div>\n<div><\/div>\n<div><\/div>\n<div>\n<p>Dost\u0119pna w 4 kolorach:<\/p>\n<p>Granatowym<br \/>\nKhaki (oliwkowy)<br \/>\nBia\u0142y<br \/>\nJasno szary<\/p>\n<p>&nbsp;<\/p>\n<p>G\u0142\u00f3wne cechy:<\/p>\n<p>odporna na wod\u0119<br \/>\nodporna na promieniowanie UV<br \/>\n\u0142atwo zmywalna<\/p>\n<p>&nbsp;<\/p>\n<p>Najbardziej popularne zastosowania:<\/p>\n<p>Budownictwo &#8211; plandeki okryciowe<br \/>\nGeotechnika &#8211; membrany separacyjne<br \/>\nDom i Ogr\u00f3d &#8211; pokrowce i p\u0142achty okryciowe<\/p>\n<p>&nbsp;<\/p>\n<p>Dane techniczne:<br \/>\nGramatura: 200 g\/m2<br \/>\nSzeroko\u015b\u0107: 200 cm<br \/>\nNaw\u00f3j: 100 mb<\/p>\n<p>Uniwersalna tkanina polietylenowa laminowana obustronnie.<\/p>\n<\/div>","protected":false},"excerpt":{"rendered":"<p>Tkanina polietylenowa (HDPE) obustronnie laminowana ze stabilizacj\u0105 UV. Wysoka gramatura jak na tkaniny polietylenowe zapewnia bardzo dobre parametry wytrzyma\u0142o\u015bci na rozrywanie i przecieranie przy niskiej wadz\u0119. Jest stosowana powszechnie jako lekka plandeka okryciowa. Charakteryzuje si\u0119 r\u00f3wnie\u017c mo\u017cliwo\u015bci\u0105 u\u017cycia urz\u0105dze\u0144 zgrzewaj\u0105cych za pomoc\u0105 gor\u0105cego powietrza. Dost\u0119pna w 4 kolorach: Granatowym Khaki (oliwkowy) Bia\u0142y Jasno szary &nbsp; [&hellip;]<\/p>\n","protected":false},"featured_media":4332,"template":"","meta":{"_acf_changed":false},"product_cat":[645,253],"product_tag":[],"class_list":{"0":"post-4304","1":"product","2":"type-product","3":"status-publish","4":"has-post-thumbnail","6":"product_cat-pe200","7":"product_cat-sakotex-gramatura-ponizej-630-g-m2","8":"pa_kolor-bialy-9002","9":"pa_kolor-granatowy-5002","10":"pa_kolor-szary-7038","11":"pa_kolor-zielony-6007","13":"first","14":"instock","15":"taxable","16":"shipping-taxable","17":"purchasable","18":"product-type-variable","swatches":"rey-swatches","show_selected":""},"acf":[],"_links":{"self":[{"href":"https:\/\/sakoplan.pl\/en\/wp-json\/wp\/v2\/product\/4304","targetHints":{"allow":["GET"]}}],"collection":[{"href":"https:\/\/sakoplan.pl\/en\/wp-json\/wp\/v2\/product"}],"about":[{"href":"https:\/\/sakoplan.pl\/en\/wp-json\/wp\/v2\/types\/product"}],"version-history":[{"count":0,"href":"https:\/\/sakoplan.pl\/en\/wp-json\/wp\/v2\/product\/4304\/revisions"}],"wp:featuredmedia":[{"embeddable":true,"href":"https:\/\/sakoplan.pl\/en\/wp-json\/wp\/v2\/media\/4332"}],"wp:attachment":[{"href":"https:\/\/sakoplan.pl\/en\/wp-json\/wp\/v2\/media?parent=4304"}],"wp:term":[{"taxonomy":"product_cat","embeddable":true,"href":"https:\/\/sakoplan.pl\/en\/wp-json\/wp\/v2\/product_cat?post=4304"},{"taxonomy":"product_tag","embeddable":true,"href":"https:\/\/sakoplan.pl\/en\/wp-json\/wp\/v2\/product_tag?post=4304"}],"curies":[{"name":"wp","href":"https:\/\/api.w.org\/{rel}","templated":true}]}}