{"id":4262,"date":"2025-11-04T13:08:32","date_gmt":"2025-11-04T13:08:32","guid":{"rendered":"https:\/\/sakoplan.pl\/?post_type=product&#038;p=4262"},"modified":"2025-12-18T11:40:07","modified_gmt":"2025-12-18T11:40:07","slug":"bts670-670-g-m2-szer-320-cm","status":"publish","type":"product","link":"https:\/\/sakoplan.pl\/en\/product\/bts670-670-g-m2-szer-320-cm\/","title":{"rendered":"BTS670, 670 g\/m2, szer. 320 cm"},"content":{"rendered":"<p>Gramatura:\u00a0<strong>670 g\/m<sup>2<\/sup><\/strong><br \/>\nSzeroko\u015b\u0107:\u00a0<strong>320<\/strong><strong>\u00a0cm<\/strong><br \/>\nNaw\u00f3j:\u00a0<strong>65 mb<\/strong><\/p>\n<p>Materia\u0142 plandekowy wysokiej jako\u015bci, powlekany i lakierowany obustronnie (z po\u0142yskiem). Materia\u0142 w kolorze bia\u0142ym, po zadruku testowym, mo\u017ce by\u0107 zadrukowany solwentowo.<\/p>","protected":false},"excerpt":{"rendered":"<p>Gramatura:\u00a0670 g\/m2 Szeroko\u015b\u0107:\u00a0320\u00a0cm Naw\u00f3j:\u00a065 mb Materia\u0142 plandekowy wysokiej jako\u015bci, powlekany i lakierowany obustronnie (z po\u0142yskiem). Materia\u0142 w kolorze bia\u0142ym, po zadruku testowym, mo\u017ce by\u0107 zadrukowany solwentowo.<\/p>","protected":false},"featured_media":4263,"template":"","meta":{"_acf_changed":false},"product_cat":[71,245],"product_tag":[],"class_list":{"0":"post-4262","1":"product","2":"type-product","3":"status-publish","4":"has-post-thumbnail","6":"product_cat-pokrycie-zewnetrzne","7":"product_cat-sakoplan-gramatura-670-g-m2-materialy-plandekowe","8":"pa_kolor-63","10":"first","11":"outofstock","12":"taxable","13":"shipping-taxable","14":"purchasable","15":"product-type-variable","swatches":"rey-swatches","show_selected":""},"acf":[],"_links":{"self":[{"href":"https:\/\/sakoplan.pl\/en\/wp-json\/wp\/v2\/product\/4262","targetHints":{"allow":["GET"]}}],"collection":[{"href":"https:\/\/sakoplan.pl\/en\/wp-json\/wp\/v2\/product"}],"about":[{"href":"https:\/\/sakoplan.pl\/en\/wp-json\/wp\/v2\/types\/product"}],"version-history":[{"count":1,"href":"https:\/\/sakoplan.pl\/en\/wp-json\/wp\/v2\/product\/4262\/revisions"}],"predecessor-version":[{"id":6874,"href":"https:\/\/sakoplan.pl\/en\/wp-json\/wp\/v2\/product\/4262\/revisions\/6874"}],"wp:featuredmedia":[{"embeddable":true,"href":"https:\/\/sakoplan.pl\/en\/wp-json\/wp\/v2\/media\/4263"}],"wp:attachment":[{"href":"https:\/\/sakoplan.pl\/en\/wp-json\/wp\/v2\/media?parent=4262"}],"wp:term":[{"taxonomy":"product_cat","embeddable":true,"href":"https:\/\/sakoplan.pl\/en\/wp-json\/wp\/v2\/product_cat?post=4262"},{"taxonomy":"product_tag","embeddable":true,"href":"https:\/\/sakoplan.pl\/en\/wp-json\/wp\/v2\/product_tag?post=4262"}],"curies":[{"name":"wp","href":"https:\/\/api.w.org\/{rel}","templated":true}]}}