{"id":6869,"date":"2025-12-18T11:36:51","date_gmt":"2025-12-18T11:36:51","guid":{"rendered":"https:\/\/sakoplan.pl\/?post_type=product&#038;p=6869"},"modified":"2025-12-18T11:39:09","modified_gmt":"2025-12-18T11:39:09","slug":"bts670-670-g-m2-szer-300-cm","status":"publish","type":"product","link":"https:\/\/sakoplan.pl\/de\/produkt\/bts670-670-g-m2-szer-300-cm\/","title":{"rendered":"BTS670, 670 g\/m2, szer. 300 cm"},"content":{"rendered":"<p>Gramatura:\u00a0<strong>670 g\/m<sup>2<\/sup><\/strong><br \/>\nSzeroko\u015b\u0107:\u00a0<strong>300<\/strong><strong>\u00a0cm<\/strong><br \/>\nNaw\u00f3j:\u00a0<strong>65 mb<\/p>\n<p><\/strong><\/p>\n<div class=\"row\">\n<div class=\"col-sm-9\">Materia\u0142 plandekowy wysokiej jako\u015bci, powlekany i lakierowany obustronnie (z po\u0142yskiem). Materia\u0142 w kolorze bia\u0142ym, po zadruku testowym, mo\u017ce by\u0107 zadrukowany solwentowo.<\/div>\n<div class=\"col-sm-3 text-center\"><\/div>\n<\/div>\n<div class=\"row\">\n<div class=\"col-sm-12\"><strong>MATERIA\u0141 PLANDEKOWY SPRZEDAWANY JEST W ROLKACH LUB METRACH BIE\u017b\u0104CYCH.<\/strong><\/div>\n<\/div>\n<p><strong>\u00a0<\/strong><\/p>","protected":false},"excerpt":{"rendered":"<p>Gramatura:\u00a0670 g\/m2 Szeroko\u015b\u0107:\u00a0300\u00a0cm Naw\u00f3j:\u00a065 mb Materia\u0142 plandekowy wysokiej jako\u015bci, powlekany i lakierowany obustronnie (z po\u0142yskiem). Materia\u0142 w kolorze bia\u0142ym, po zadruku testowym, mo\u017ce by\u0107 zadrukowany solwentowo. MATERIA\u0141 PLANDEKOWY SPRZEDAWANY JEST W ROLKACH LUB METRACH BIE\u017b\u0104CYCH. \u00a0<\/p>","protected":false},"featured_media":4263,"template":"","meta":{"_acf_changed":false},"product_cat":[71,245],"product_tag":[],"class_list":{"0":"post-6869","1":"product","2":"type-product","3":"status-publish","4":"has-post-thumbnail","6":"product_cat-pokrycie-zewnetrzne","7":"product_cat-sakoplan-gramatura-670-g-m2-materialy-plandekowe","8":"pa_kolor-63","10":"first","11":"outofstock","12":"taxable","13":"shipping-taxable","14":"purchasable","15":"product-type-variable","swatches":"rey-swatches","show_selected":""},"acf":[],"_links":{"self":[{"href":"https:\/\/sakoplan.pl\/de\/wp-json\/wp\/v2\/product\/6869","targetHints":{"allow":["GET"]}}],"collection":[{"href":"https:\/\/sakoplan.pl\/de\/wp-json\/wp\/v2\/product"}],"about":[{"href":"https:\/\/sakoplan.pl\/de\/wp-json\/wp\/v2\/types\/product"}],"version-history":[{"count":2,"href":"https:\/\/sakoplan.pl\/de\/wp-json\/wp\/v2\/product\/6869\/revisions"}],"predecessor-version":[{"id":6873,"href":"https:\/\/sakoplan.pl\/de\/wp-json\/wp\/v2\/product\/6869\/revisions\/6873"}],"wp:featuredmedia":[{"embeddable":true,"href":"https:\/\/sakoplan.pl\/de\/wp-json\/wp\/v2\/media\/4263"}],"wp:attachment":[{"href":"https:\/\/sakoplan.pl\/de\/wp-json\/wp\/v2\/media?parent=6869"}],"wp:term":[{"taxonomy":"product_cat","embeddable":true,"href":"https:\/\/sakoplan.pl\/de\/wp-json\/wp\/v2\/product_cat?post=6869"},{"taxonomy":"product_tag","embeddable":true,"href":"https:\/\/sakoplan.pl\/de\/wp-json\/wp\/v2\/product_tag?post=6869"}],"curies":[{"name":"wp","href":"https:\/\/api.w.org\/{rel}","templated":true}]}}