{"id":6650,"date":"2025-11-18T11:42:18","date_gmt":"2025-11-18T11:42:18","guid":{"rendered":"https:\/\/sakoplan.pl\/?post_type=product&#038;p=6650"},"modified":"2025-11-18T11:45:46","modified_gmt":"2025-11-18T11:45:46","slug":"hak-sprezynowy-ekspandora-2","status":"publish","type":"product","link":"https:\/\/sakoplan.pl\/de\/produkt\/hak-sprezynowy-ekspandora-2\/","title":{"rendered":"Hak spr\u0119\u017cynowy ekspandora"},"content":{"rendered":"<p>Hak\u00a0spr\u0119\u017cynowy do ekspandora. Dwie \u015brednice do wyboru: 6 lub 8 mm.<\/p>","protected":false},"excerpt":{"rendered":"<p>Hak\u00a0spr\u0119\u017cynowy do ekspandora. Dwie \u015brednice do wyboru: 6 lub 8 mm.<\/p>","protected":false},"featured_media":6653,"template":"","meta":{"_acf_changed":false},"product_cat":[591],"product_tag":[],"class_list":{"0":"post-6650","1":"product","2":"type-product","3":"status-publish","4":"has-post-thumbnail","6":"product_cat-akcesoria-drobne","8":"first","9":"instock","10":"taxable","11":"shipping-taxable","12":"purchasable","13":"product-type-variable","swatches":"rey-swatches","show_selected":""},"acf":[],"_links":{"self":[{"href":"https:\/\/sakoplan.pl\/de\/wp-json\/wp\/v2\/product\/6650","targetHints":{"allow":["GET"]}}],"collection":[{"href":"https:\/\/sakoplan.pl\/de\/wp-json\/wp\/v2\/product"}],"about":[{"href":"https:\/\/sakoplan.pl\/de\/wp-json\/wp\/v2\/types\/product"}],"version-history":[{"count":0,"href":"https:\/\/sakoplan.pl\/de\/wp-json\/wp\/v2\/product\/6650\/revisions"}],"wp:featuredmedia":[{"embeddable":true,"href":"https:\/\/sakoplan.pl\/de\/wp-json\/wp\/v2\/media\/6653"}],"wp:attachment":[{"href":"https:\/\/sakoplan.pl\/de\/wp-json\/wp\/v2\/media?parent=6650"}],"wp:term":[{"taxonomy":"product_cat","embeddable":true,"href":"https:\/\/sakoplan.pl\/de\/wp-json\/wp\/v2\/product_cat?post=6650"},{"taxonomy":"product_tag","embeddable":true,"href":"https:\/\/sakoplan.pl\/de\/wp-json\/wp\/v2\/product_tag?post=6650"}],"curies":[{"name":"wp","href":"https:\/\/api.w.org\/{rel}","templated":true}]}}