{"id":6645,"date":"2025-11-18T11:36:55","date_gmt":"2025-11-18T11:36:55","guid":{"rendered":"https:\/\/sakoplan.pl\/?post_type=product&#038;p=6645"},"modified":"2025-11-18T11:39:06","modified_gmt":"2025-11-18T11:39:06","slug":"wycinak-podwojny-do-prowadnic-2","status":"publish","type":"product","link":"https:\/\/sakoplan.pl\/de\/produkt\/wycinak-podwojny-do-prowadnic-2\/","title":{"rendered":"Wycinak podw\u00f3jny do prowadnic"},"content":{"rendered":"<p>Dane techniczne:<\/p>\n<p>&nbsp;<\/p>\n<p>materia\u0142: stal ocynkowana<br \/>\nwymiar roboczy: 34 mm lub 51 mm<\/p>\n<p>&nbsp;<\/p>\n<p>Do zakucia wymagane s\u0105 r\u00f3wnie\u017c:<\/p>\n<p>prowadnice h11, h16 mm &#8211; prowadnice pasuj\u0105ca do wycinaka o rozstawie 34 mm<br \/>\nprowadnice H16, H25, H30, H35 mm &#8211; prowadnice pasuj\u0105ca do wycinaka o rozstawie 51 mm<br \/>\nchwytki H25- H55 mm, francuska, obrotowa<br \/>\npodk\u0142adki A34, A51 &#8211; podk\u0142adki pod prowadnice<\/p>\n<p>p\u0142yta do zakuwania &#8211; zapewnia odpowiednie pod\u0142o\u017ce, chroni ostrze przed zniszczeniem<br \/>\nm\u0142otek &#8211; chroni narz\u0119dzia przed zu\u017cyciem<\/p>","protected":false},"excerpt":{"rendered":"<p>Dane techniczne: &nbsp; materia\u0142: stal ocynkowana wymiar roboczy: 34 mm lub 51 mm &nbsp; Do zakucia wymagane s\u0105 r\u00f3wnie\u017c: prowadnice h11, h16 mm &#8211; prowadnice pasuj\u0105ca do wycinaka o rozstawie 34 mm prowadnice H16, H25, H30, H35 mm &#8211; prowadnice pasuj\u0105ca do wycinaka o rozstawie 51 mm chwytki H25- H55 mm, francuska, obrotowa podk\u0142adki A34, [&hellip;]<\/p>\n","protected":false},"featured_media":6646,"template":"","meta":{"_acf_changed":false},"product_cat":[588],"product_tag":[],"class_list":{"0":"post-6645","1":"product","2":"type-product","3":"status-publish","4":"has-post-thumbnail","6":"product_cat-zakuwaki-i-wycinaki","8":"first","9":"instock","10":"taxable","11":"shipping-taxable","12":"purchasable","13":"product-type-variable","swatches":"rey-swatches","show_selected":""},"acf":[],"_links":{"self":[{"href":"https:\/\/sakoplan.pl\/de\/wp-json\/wp\/v2\/product\/6645","targetHints":{"allow":["GET"]}}],"collection":[{"href":"https:\/\/sakoplan.pl\/de\/wp-json\/wp\/v2\/product"}],"about":[{"href":"https:\/\/sakoplan.pl\/de\/wp-json\/wp\/v2\/types\/product"}],"version-history":[{"count":0,"href":"https:\/\/sakoplan.pl\/de\/wp-json\/wp\/v2\/product\/6645\/revisions"}],"wp:featuredmedia":[{"embeddable":true,"href":"https:\/\/sakoplan.pl\/de\/wp-json\/wp\/v2\/media\/6646"}],"wp:attachment":[{"href":"https:\/\/sakoplan.pl\/de\/wp-json\/wp\/v2\/media?parent=6645"}],"wp:term":[{"taxonomy":"product_cat","embeddable":true,"href":"https:\/\/sakoplan.pl\/de\/wp-json\/wp\/v2\/product_cat?post=6645"},{"taxonomy":"product_tag","embeddable":true,"href":"https:\/\/sakoplan.pl\/de\/wp-json\/wp\/v2\/product_tag?post=6645"}],"curies":[{"name":"wp","href":"https:\/\/api.w.org\/{rel}","templated":true}]}}