{"id":6550,"date":"2025-11-18T08:09:17","date_gmt":"2025-11-18T08:09:17","guid":{"rendered":"https:\/\/sakoplan.pl\/?post_type=product&#038;p=6550"},"modified":"2025-11-18T08:11:47","modified_gmt":"2025-11-18T08:11:47","slug":"koncowka-linki-z-hakiem-o6-cynkowana","status":"publish","type":"product","link":"https:\/\/sakoplan.pl\/de\/produkt\/koncowka-linki-z-hakiem-o6-cynkowana\/","title":{"rendered":"Ko\u0144c\u00f3wka linki z hakiem \u00f86 cynkowana"},"content":{"rendered":"<p>Ko\u0144c\u00f3wka linki celnej z hakiem, ocynkowana o \u015brednicy 6 mm.<\/p>","protected":false},"excerpt":{"rendered":"<p>Ko\u0144c\u00f3wka linki celnej z hakiem, ocynkowana o \u015brednicy 6 mm.<\/p>","protected":false},"featured_media":6551,"template":"","meta":{"_acf_changed":false},"product_cat":[591],"product_tag":[],"class_list":{"0":"post-6550","1":"product","2":"type-product","3":"status-publish","4":"has-post-thumbnail","6":"product_cat-akcesoria-drobne","8":"first","9":"instock","10":"taxable","11":"shipping-taxable","12":"purchasable","13":"product-type-variable","swatches":"rey-swatches","show_selected":""},"acf":[],"_links":{"self":[{"href":"https:\/\/sakoplan.pl\/de\/wp-json\/wp\/v2\/product\/6550","targetHints":{"allow":["GET"]}}],"collection":[{"href":"https:\/\/sakoplan.pl\/de\/wp-json\/wp\/v2\/product"}],"about":[{"href":"https:\/\/sakoplan.pl\/de\/wp-json\/wp\/v2\/types\/product"}],"version-history":[{"count":0,"href":"https:\/\/sakoplan.pl\/de\/wp-json\/wp\/v2\/product\/6550\/revisions"}],"wp:featuredmedia":[{"embeddable":true,"href":"https:\/\/sakoplan.pl\/de\/wp-json\/wp\/v2\/media\/6551"}],"wp:attachment":[{"href":"https:\/\/sakoplan.pl\/de\/wp-json\/wp\/v2\/media?parent=6550"}],"wp:term":[{"taxonomy":"product_cat","embeddable":true,"href":"https:\/\/sakoplan.pl\/de\/wp-json\/wp\/v2\/product_cat?post=6550"},{"taxonomy":"product_tag","embeddable":true,"href":"https:\/\/sakoplan.pl\/de\/wp-json\/wp\/v2\/product_tag?post=6550"}],"curies":[{"name":"wp","href":"https:\/\/api.w.org\/{rel}","templated":true}]}}