{"id":6475,"date":"2025-11-17T18:03:37","date_gmt":"2025-11-17T18:03:37","guid":{"rendered":"https:\/\/sakoplan.pl\/?post_type=product&#038;p=6475"},"modified":"2025-11-17T18:05:49","modified_gmt":"2025-11-17T18:05:49","slug":"pas-z-hakiem-plaskim-przetloczonym","status":"publish","type":"product","link":"https:\/\/sakoplan.pl\/de\/produkt\/pas-z-hakiem-plaskim-przetloczonym\/","title":{"rendered":"Pas z hakiem p\u0142askim przet\u0142oczonym"},"content":{"rendered":"<p>Pas z hakiem p\u0142askim przet\u0142oczonym do mocowania plandek.\u00a0Odporny na warunki atmosferyczne, dzi\u0119ki ocynkowanej powierzchni.<\/p>","protected":false},"excerpt":{"rendered":"<p>Pas z hakiem p\u0142askim przet\u0142oczonym do mocowania plandek.\u00a0Odporny na warunki atmosferyczne, dzi\u0119ki ocynkowanej powierzchni.<\/p>","protected":false},"featured_media":6477,"template":"","meta":{"_acf_changed":false},"product_cat":[593],"product_tag":[],"class_list":{"0":"post-6475","1":"product","2":"type-product","3":"status-publish","4":"has-post-thumbnail","6":"product_cat-pasy","8":"first","9":"outofstock","10":"taxable","11":"shipping-taxable","12":"purchasable","13":"product-type-simple","swatches":"rey-swatches","show_selected":""},"acf":[],"_links":{"self":[{"href":"https:\/\/sakoplan.pl\/de\/wp-json\/wp\/v2\/product\/6475","targetHints":{"allow":["GET"]}}],"collection":[{"href":"https:\/\/sakoplan.pl\/de\/wp-json\/wp\/v2\/product"}],"about":[{"href":"https:\/\/sakoplan.pl\/de\/wp-json\/wp\/v2\/types\/product"}],"version-history":[{"count":0,"href":"https:\/\/sakoplan.pl\/de\/wp-json\/wp\/v2\/product\/6475\/revisions"}],"wp:featuredmedia":[{"embeddable":true,"href":"https:\/\/sakoplan.pl\/de\/wp-json\/wp\/v2\/media\/6477"}],"wp:attachment":[{"href":"https:\/\/sakoplan.pl\/de\/wp-json\/wp\/v2\/media?parent=6475"}],"wp:term":[{"taxonomy":"product_cat","embeddable":true,"href":"https:\/\/sakoplan.pl\/de\/wp-json\/wp\/v2\/product_cat?post=6475"},{"taxonomy":"product_tag","embeddable":true,"href":"https:\/\/sakoplan.pl\/de\/wp-json\/wp\/v2\/product_tag?post=6475"}],"curies":[{"name":"wp","href":"https:\/\/api.w.org\/{rel}","templated":true}]}}