{"id":6466,"date":"2025-11-17T17:59:58","date_gmt":"2025-11-17T17:59:58","guid":{"rendered":"https:\/\/sakoplan.pl\/?post_type=product&#038;p=6466"},"modified":"2025-11-17T17:59:58","modified_gmt":"2025-11-17T17:59:58","slug":"klamra-ocynkowana","status":"publish","type":"product","link":"https:\/\/sakoplan.pl\/de\/produkt\/klamra-ocynkowana\/","title":{"rendered":"Klamra ocynkowana"},"content":{"rendered":"<p>Klamra stalowa do pasa ocynkowana, solidne wykonanie zapewnia d\u0142ugoletni\u0105 wytrzyma\u0142o\u015b\u0107.<\/p>","protected":false},"excerpt":{"rendered":"<p>Klamra stalowa do pasa ocynkowana, solidne wykonanie zapewnia d\u0142ugoletni\u0105 wytrzyma\u0142o\u015b\u0107.<\/p>","protected":false},"featured_media":6467,"template":"","meta":{"_acf_changed":false},"product_cat":[593],"product_tag":[],"class_list":{"0":"post-6466","1":"product","2":"type-product","3":"status-publish","4":"has-post-thumbnail","6":"product_cat-pasy","8":"first","9":"instock","10":"taxable","11":"shipping-taxable","12":"purchasable","13":"product-type-simple","swatches":"rey-swatches","show_selected":""},"acf":[],"_links":{"self":[{"href":"https:\/\/sakoplan.pl\/de\/wp-json\/wp\/v2\/product\/6466","targetHints":{"allow":["GET"]}}],"collection":[{"href":"https:\/\/sakoplan.pl\/de\/wp-json\/wp\/v2\/product"}],"about":[{"href":"https:\/\/sakoplan.pl\/de\/wp-json\/wp\/v2\/types\/product"}],"version-history":[{"count":0,"href":"https:\/\/sakoplan.pl\/de\/wp-json\/wp\/v2\/product\/6466\/revisions"}],"wp:featuredmedia":[{"embeddable":true,"href":"https:\/\/sakoplan.pl\/de\/wp-json\/wp\/v2\/media\/6467"}],"wp:attachment":[{"href":"https:\/\/sakoplan.pl\/de\/wp-json\/wp\/v2\/media?parent=6466"}],"wp:term":[{"taxonomy":"product_cat","embeddable":true,"href":"https:\/\/sakoplan.pl\/de\/wp-json\/wp\/v2\/product_cat?post=6466"},{"taxonomy":"product_tag","embeddable":true,"href":"https:\/\/sakoplan.pl\/de\/wp-json\/wp\/v2\/product_tag?post=6466"}],"curies":[{"name":"wp","href":"https:\/\/api.w.org\/{rel}","templated":true}]}}